{"id":763,"date":"2023-01-18T14:12:48","date_gmt":"2023-01-18T14:12:48","guid":{"rendered":"https:\/\/remundag.ch\/?page_id=763"},"modified":"2025-07-21T12:06:00","modified_gmt":"2025-07-21T10:06:00","slug":"impressum","status":"publish","type":"page","link":"https:\/\/remundag.ch\/fr\/impressum\/","title":{"rendered":"Mentions l\u00e9gales"},"content":{"rendered":"<div data-elementor-type=\"wp-page\" data-elementor-id=\"763\" class=\"elementor elementor-763\" data-elementor-post-type=\"page\">\n\t\t\t\t\t\t<section class=\"elementor-section elementor-top-section elementor-element elementor-element-05b4131 elementor-section-full_width elementor-section-height-default elementor-section-height-default\" data-id=\"05b4131\" data-element_type=\"section\" data-e-type=\"section\">\n\t\t\t\t\t\t<div class=\"elementor-container elementor-column-gap-no\">\n\t\t\t\t\t<div class=\"elementor-column elementor-col-100 elementor-top-column elementor-element elementor-element-ff03b00\" data-id=\"ff03b00\" data-element_type=\"column\" data-e-type=\"column\">\n\t\t\t<div class=\"elementor-widget-wrap elementor-element-populated\">\n\t\t\t\t\t\t<div class=\"elementor-element elementor-element-2bd48fa elementor--h-position-center elementor--v-position-middle elementor-pagination-position-inside elementor-widget elementor-widget-slides\" data-id=\"2bd48fa\" data-element_type=\"widget\" data-e-type=\"widget\" data-settings=\"{&quot;navigation&quot;:&quot;dots&quot;,&quot;transition&quot;:&quot;fade&quot;,&quot;autoplay_speed&quot;:3000,&quot;autoplay&quot;:&quot;yes&quot;,&quot;pause_on_hover&quot;:&quot;yes&quot;,&quot;pause_on_interaction&quot;:&quot;yes&quot;,&quot;infinite&quot;:&quot;yes&quot;,&quot;transition_speed&quot;:500}\" data-widget_type=\"slides.default\">\n\t\t\t\t<div class=\"elementor-widget-container\">\n\t\t\t\t\t\t\t\t\t<div class=\"elementor-swiper\">\n\t\t\t\t\t<div class=\"elementor-slides-wrapper elementor-main-swiper swiper\" role=\"region\" aria-roledescription=\"carousel\" aria-label=\"Slider\" dir=\"ltr\" data-animation=\"fadeInUp\">\n\t\t\t\t<div class=\"swiper-wrapper elementor-slides\">\n\t\t\t\t\t\t\t\t\t\t<div class=\"elementor-repeater-item-d5f1480 swiper-slide\" role=\"group\" aria-roledescription=\"slide\"><div class=\"swiper-slide-bg\" role=\"img\" aria-label=\"Remund Werbetechnik Beschriftung - Impressum\"><\/div><div class=\"swiper-slide-inner\" ><div class=\"swiper-slide-contents\"><\/div><\/div><\/div>\t\t\t\t<\/div>\n\t\t\t\t\t\t\t<\/div>\n\t\t\t\t<\/div>\n\t\t\t\t\t\t\t\t<\/div>\n\t\t\t\t<\/div>\n\t\t\t\t\t<\/div>\n\t\t<\/div>\n\t\t\t\t\t<\/div>\n\t\t<\/section>\n\t\t\t\t<section class=\"elementor-section elementor-top-section elementor-element elementor-element-cef9ade elementor-section-boxed elementor-section-height-default elementor-section-height-default\" data-id=\"cef9ade\" data-element_type=\"section\" data-e-type=\"section\">\n\t\t\t\t\t\t<div class=\"elementor-container elementor-column-gap-default\">\n\t\t\t\t\t<div class=\"elementor-column elementor-col-100 elementor-top-column elementor-element elementor-element-5dfaf1d\" data-id=\"5dfaf1d\" data-element_type=\"column\" data-e-type=\"column\">\n\t\t\t<div class=\"elementor-widget-wrap elementor-element-populated\">\n\t\t\t\t\t\t<div class=\"elementor-element elementor-element-b3b4004 elementor-widget elementor-widget-heading\" data-id=\"b3b4004\" data-element_type=\"widget\" data-e-type=\"widget\" data-widget_type=\"heading.default\">\n\t\t\t\t<div class=\"elementor-widget-container\">\n\t\t\t\t\t<h1 class=\"elementor-heading-title elementor-size-default\">Mentions l\u00e9gales<\/h1>\t\t\t\t<\/div>\n\t\t\t\t<\/div>\n\t\t\t\t<div class=\"elementor-element elementor-element-e81fb00 elementor-widget elementor-widget-text-editor\" data-id=\"e81fb00\" data-element_type=\"widget\" data-e-type=\"widget\" data-widget_type=\"text-editor.default\">\n\t\t\t\t<div class=\"elementor-widget-container\">\n\t\t\t\t\t\t\t\t\t<div class=\"page__title\"><div class=\"container\"><div class=\"page__paragraph grid-6\"><div class=\"page__paragraph-content\"><h2><strong><span style=\"color: #000000;\">Remund AG, Carrosseriewerke<\/span><\/strong><\/h2><p><span style=\"color: #000000;\">Hauptstrasse 57<\/span><br \/><span style=\"color: #000000;\">3215 B\u00fcchslen \/ Schweiz<\/span><\/p><p><span style=\"color: #000000;\">repr\u00e9sent\u00e9 par Philipp Remund (PDG)<\/span><\/p><p><span style=\"color: #000000;\">Tel.\u00a0 <a href=\"tel:031 754 54 54\">031 754 54 54<\/a><\/span><br \/><span style=\"color: #000000;\">Fax: 031 754 54 50<\/span><br \/><a href=\"mailto:info@remundag.ch\"><span style=\"color: #000000;\">info@remundag.ch<\/span><\/a><\/p><p><span style=\"color: #000000;\">Inscrit au registre du commerce  du canton de Fribourg \u2013<\/span><br \/><span style=\"color: #000000;\">UID: CHE-107.766.724<\/span><\/p><\/div><\/div><\/div><\/div>\t\t\t\t\t\t\t\t<\/div>\n\t\t\t\t<\/div>\n\t\t\t\t<div class=\"elementor-element elementor-element-df58335 elementor-widget elementor-widget-spacer\" data-id=\"df58335\" data-element_type=\"widget\" data-e-type=\"widget\" data-widget_type=\"spacer.default\">\n\t\t\t\t<div class=\"elementor-widget-container\">\n\t\t\t\t\t\t\t<div class=\"elementor-spacer\">\n\t\t\t<div class=\"elementor-spacer-inner\"><\/div>\n\t\t<\/div>\n\t\t\t\t\t\t<\/div>\n\t\t\t\t<\/div>\n\t\t\t\t<div class=\"elementor-element elementor-element-14d46c1 elementor-widget elementor-widget-text-editor\" data-id=\"14d46c1\" data-element_type=\"widget\" data-e-type=\"widget\" data-widget_type=\"text-editor.default\">\n\t\t\t\t<div class=\"elementor-widget-container\">\n\t\t\t\t\t\t\t\t\t<div class=\"page__title\"><div class=\"container\"><div class=\"page__paragraph grid-6\"><div class=\"page__paragraph-content\"><h2><strong><span style=\"color: #000000;\">Remund Werbetechnik AG<\/span><\/strong><\/h2><\/div><p><span style=\"color: #000000;\">Hauptstrasse 59<\/span><br \/><span style=\"color: #000000;\">3215 B\u00fcchslen \/ Schweiz<\/span><\/p><p><span style=\"color: #000000;\">repr\u00e9sent\u00e9 par Roger Remund (PDG)<\/span><\/p><p><span style=\"color: #000000;\">Tel.\u00a0 <a href=\"tel:031 754 54 44\">031 754 54 44<\/a><\/span><br \/><span style=\"color: #000000;\">Fax: 031 754 54 40<\/span><br \/><a href=\"mailto:info@remundag.ch\"><span style=\"color: #000000;\">info@remundag.ch<\/span><\/a><\/p><p><span style=\"color: #000000;\">Inscrit au registre du commerce  du canton de Fribourg \u2013<\/span><br \/><span style=\"color: #000000;\">UID: CHE-102.670.761<\/span><\/p><\/div><\/div><\/div>\t\t\t\t\t\t\t\t<\/div>\n\t\t\t\t<\/div>\n\t\t\t\t<div class=\"elementor-element elementor-element-ffc9898 elementor-widget-divider--view-line elementor-widget elementor-widget-divider\" data-id=\"ffc9898\" data-element_type=\"widget\" data-e-type=\"widget\" data-widget_type=\"divider.default\">\n\t\t\t\t<div class=\"elementor-widget-container\">\n\t\t\t\t\t\t\t<div class=\"elementor-divider\">\n\t\t\t<span class=\"elementor-divider-separator\">\n\t\t\t\t\t\t<\/span>\n\t\t<\/div>\n\t\t\t\t\t\t<\/div>\n\t\t\t\t<\/div>\n\t\t\t\t<div class=\"elementor-element elementor-element-cb23016 elementor-widget elementor-widget-text-editor\" data-id=\"cb23016\" data-element_type=\"widget\" data-e-type=\"widget\" data-widget_type=\"text-editor.default\">\n\t\t\t\t<div class=\"elementor-widget-container\">\n\t\t\t\t\t\t\t\t\t<div class=\"page__title\"><div class=\"container\"><div class=\"page__paragraph grid-6\"><div class=\"page__paragraph-content\">\u00a0<\/div><h3><strong style=\"color: #000000;\">D\u00e9claration de protection des donn\u00e9es<\/strong><\/h3><\/div><div class=\"page__paragraph grid-6\"><div class=\"page__paragraph-content\"><p><span style=\"color: #000000;\"><a style=\"color: #000000;\" href=\"https:\/\/remundag.ch\/fr\/datenschutz\/\" target=\"_blank\" rel=\"noopener\">T\u00e9l\u00e9charger la d\u00e9claration de protecton des donn\u00e9es de Remund SA<\/a><\/span><\/p><p><span style=\"color: #000000;\"><a style=\"color: #000000;\" href=\"https:\/\/tools.google.com\/dlpage\/gaoptout?hl=de\" target=\"_blank\" rel=\"noopener\">Module compl\u00e9mentaire de navigateur pour la d\u00e9sactivation de Google Analytics\u00a0<\/a><\/span><\/p><\/div><\/div><div class=\"page__paragraph grid-6--omega\"><div class=\"page__paragraph-content\">\u00a0<\/div><\/div><\/div><\/div>\t\t\t\t\t\t\t\t<\/div>\n\t\t\t\t<\/div>\n\t\t\t\t\t<\/div>\n\t\t<\/div>\n\t\t\t\t\t<\/div>\n\t\t<\/section>\n\t\t\t\t<\/div>","protected":false},"excerpt":{"rendered":"<p>Remund AG, Carrosseriewerke Hauptstrasse 573215 B\u00fcchslen \/ Schweiz vertreten durch Philipp Remund (Gesch\u00e4ftsf\u00fchrer) Tel.\u00a0 031 754 54 54Fax: 031 754 54 50info@remundag.ch Eingetragen im Handelsregister des Kantons Freiburg \u2013UID: CHE-107.766.724 Remund Werbetechnik AG Hauptstrasse 593215 B\u00fcchslen \/ Schweiz vertreten durch Roger Remund (Gesch\u00e4ftsf\u00fchrer) Tel.\u00a0 031 754 54 44Fax: 031 754 54 40info@remundag.ch Eingetragen im Handelsregister [&hellip;]<\/p>\n","protected":false},"author":2,"featured_media":0,"parent":0,"menu_order":0,"comment_status":"closed","ping_status":"closed","template":"","meta":{"om_disable_all_campaigns":false,"inline_featured_image":false,"_uf_show_specific_survey":0,"_uf_disable_surveys":false,"footnotes":""},"class_list":["post-763","page","type-page","status-publish","hentry"],"_links":{"self":[{"href":"https:\/\/remundag.ch\/fr\/wp-json\/wp\/v2\/pages\/763","targetHints":{"allow":["GET"]}}],"collection":[{"href":"https:\/\/remundag.ch\/fr\/wp-json\/wp\/v2\/pages"}],"about":[{"href":"https:\/\/remundag.ch\/fr\/wp-json\/wp\/v2\/types\/page"}],"author":[{"embeddable":true,"href":"https:\/\/remundag.ch\/fr\/wp-json\/wp\/v2\/users\/2"}],"replies":[{"embeddable":true,"href":"https:\/\/remundag.ch\/fr\/wp-json\/wp\/v2\/comments?post=763"}],"version-history":[{"count":66,"href":"https:\/\/remundag.ch\/fr\/wp-json\/wp\/v2\/pages\/763\/revisions"}],"predecessor-version":[{"id":14597,"href":"https:\/\/remundag.ch\/fr\/wp-json\/wp\/v2\/pages\/763\/revisions\/14597"}],"wp:attachment":[{"href":"https:\/\/remundag.ch\/fr\/wp-json\/wp\/v2\/media?parent=763"}],"curies":[{"name":"wp","href":"https:\/\/api.w.org\/{rel}","templated":true}]}}