{"id":759,"date":"2023-01-18T14:12:15","date_gmt":"2023-01-18T14:12:15","guid":{"rendered":"https:\/\/remundag.ch\/?page_id=759"},"modified":"2026-04-01T11:07:05","modified_gmt":"2026-04-01T09:07:05","slug":"jobs","status":"publish","type":"page","link":"https:\/\/remundag.ch\/fr\/jobs\/","title":{"rendered":"Les emplois chez Remund"},"content":{"rendered":"<div data-elementor-type=\"wp-page\" data-elementor-id=\"759\" class=\"elementor elementor-759\" data-elementor-post-type=\"page\">\n\t\t\t\t\t\t<section class=\"elementor-section elementor-top-section elementor-element elementor-element-4fc72bed elementor-section-full_width elementor-section-height-default elementor-section-height-default\" data-id=\"4fc72bed\" data-element_type=\"section\" data-e-type=\"section\">\n\t\t\t\t\t\t<div class=\"elementor-container elementor-column-gap-no\">\n\t\t\t\t\t<div class=\"elementor-column elementor-col-100 elementor-top-column elementor-element elementor-element-24d36e7a\" data-id=\"24d36e7a\" data-element_type=\"column\" data-e-type=\"column\">\n\t\t\t<div class=\"elementor-widget-wrap elementor-element-populated\">\n\t\t\t\t\t\t<div class=\"elementor-element elementor-element-1d26e4fa elementor--h-position-center elementor--v-position-middle elementor-pagination-position-inside elementor-widget elementor-widget-slides\" data-id=\"1d26e4fa\" data-element_type=\"widget\" data-e-type=\"widget\" data-settings=\"{&quot;navigation&quot;:&quot;dots&quot;,&quot;transition&quot;:&quot;fade&quot;,&quot;autoplay_speed&quot;:3000,&quot;autoplay&quot;:&quot;yes&quot;,&quot;pause_on_hover&quot;:&quot;yes&quot;,&quot;pause_on_interaction&quot;:&quot;yes&quot;,&quot;infinite&quot;:&quot;yes&quot;,&quot;transition_speed&quot;:500}\" data-widget_type=\"slides.default\">\n\t\t\t\t<div class=\"elementor-widget-container\">\n\t\t\t\t\t\t\t\t\t<div class=\"elementor-swiper\">\n\t\t\t\t\t<div class=\"elementor-slides-wrapper elementor-main-swiper swiper\" role=\"region\" aria-roledescription=\"carousel\" aria-label=\"Diapositives\" dir=\"ltr\" data-animation=\"fadeInUp\">\n\t\t\t\t<div class=\"swiper-wrapper elementor-slides\">\n\t\t\t\t\t\t\t\t\t\t<div class=\"elementor-repeater-item-b700a75 swiper-slide\" role=\"group\" aria-roledescription=\"slide\"><div class=\"swiper-slide-bg\" role=\"img\" aria-label=\"\u00c9quipe\"><\/div><div class=\"swiper-slide-inner\" ><div class=\"swiper-slide-contents\"><\/div><\/div><\/div>\t\t\t\t<\/div>\n\t\t\t\t\t\t\t<\/div>\n\t\t\t\t<\/div>\n\t\t\t\t\t\t\t\t<\/div>\n\t\t\t\t<\/div>\n\t\t\t\t\t<\/div>\n\t\t<\/div>\n\t\t\t\t\t<\/div>\n\t\t<\/section>\n\t\t\t\t<section class=\"elementor-section elementor-top-section elementor-element elementor-element-28df712 elementor-section-boxed elementor-section-height-default elementor-section-height-default\" data-id=\"28df712\" data-element_type=\"section\" data-e-type=\"section\">\n\t\t\t\t\t\t<div class=\"elementor-container elementor-column-gap-default\">\n\t\t\t\t\t<div class=\"elementor-column elementor-col-100 elementor-top-column elementor-element elementor-element-0328412\" data-id=\"0328412\" data-element_type=\"column\" data-e-type=\"column\">\n\t\t\t<div class=\"elementor-widget-wrap elementor-element-populated\">\n\t\t\t\t\t\t<div class=\"elementor-element elementor-element-39352e2 elementor-widget elementor-widget-heading\" data-id=\"39352e2\" data-element_type=\"widget\" data-e-type=\"widget\" data-widget_type=\"heading.default\">\n\t\t\t\t<div class=\"elementor-widget-container\">\n\t\t\t\t\t<h1 class=\"elementor-heading-title elementor-size-default\">Les emplois chez Remund<\/h1>\t\t\t\t<\/div>\n\t\t\t\t<\/div>\n\t\t\t\t<div class=\"elementor-element elementor-element-9d95cf4 elementor-widget elementor-widget-heading\" data-id=\"9d95cf4\" data-element_type=\"widget\" data-e-type=\"widget\" data-widget_type=\"heading.default\">\n\t\t\t\t<div class=\"elementor-widget-container\">\n\t\t\t\t\t<h2 class=\"elementor-heading-title elementor-size-default\">Rejoignez notre \u00e9quipe<\/h2>\t\t\t\t<\/div>\n\t\t\t\t<\/div>\n\t\t\t\t<div class=\"elementor-element elementor-element-23bc3b0 elementor-widget elementor-widget-text-editor\" data-id=\"23bc3b0\" data-element_type=\"widget\" data-e-type=\"widget\" data-widget_type=\"text-editor.default\">\n\t\t\t\t<div class=\"elementor-widget-container\">\n\t\t\t\t\t\t\t\t\t<p>Nous offrons \u00e0 nos collaborateurs une infrastructure dot\u00e9e d\u2019\u00e9quipements ultramodernes, un environnement de travail attractif et familial et l\u2019opportunit\u00e9 d\u2019\u00e9voluer professionnellement et personnellement. Notre convention collective de travail (Carrosserie Suisse) est la base d\u2019une collaboration r\u00e9ussie.<\/p><p>Aucune offre ne correspond \u00e0 votre profil actuellement?<br \/>Nous sommes toujours \u00e0 la recherche de collaborateurs\/collaboratrices motiv\u00e9(e)s et nous recevons avec plaisir toutes les candidatures spontan\u00e9es originales.<\/p>\t\t\t\t\t\t\t\t<\/div>\n\t\t\t\t<\/div>\n\t\t\t\t\t<\/div>\n\t\t<\/div>\n\t\t\t\t\t<\/div>\n\t\t<\/section>\n\t\t\t\t<section class=\"elementor-section elementor-top-section elementor-element elementor-element-43778a08 elementor-section-full_width elementor-section-height-default elementor-section-height-default\" data-id=\"43778a08\" data-element_type=\"section\" data-e-type=\"section\">\n\t\t\t\t\t\t<div class=\"elementor-container elementor-column-gap-no\">\n\t\t\t\t\t<div class=\"elementor-column elementor-col-100 elementor-top-column elementor-element elementor-element-52cedf2\" data-id=\"52cedf2\" data-element_type=\"column\" data-e-type=\"column\">\n\t\t\t<div class=\"elementor-widget-wrap elementor-element-populated\">\n\t\t\t\t\t\t\t<\/div>\n\t\t<\/div>\n\t\t\t\t\t<\/div>\n\t\t<\/section>\n\t\t<div class=\"elementor-element elementor-element-9190b05 e-con-full e-flex e-con e-parent\" data-id=\"9190b05\" data-element_type=\"container\" data-e-type=\"container\">\n\t\t<div class=\"elementor-element elementor-element-e88a913 e-flex e-con-boxed e-con e-child\" data-id=\"e88a913\" data-element_type=\"container\" data-e-type=\"container\">\n\t\t\t\t\t<div class=\"e-con-inner\">\n\t\t\t\t<div class=\"elementor-element elementor-element-29657aa elementor-widget__width-inherit elementor-widget elementor-widget-heading\" data-id=\"29657aa\" data-element_type=\"widget\" data-e-type=\"widget\" data-widget_type=\"heading.default\">\n\t\t\t\t<div class=\"elementor-widget-container\">\n\t\t\t\t\t<h2 class=\"elementor-heading-title elementor-size-default\">Notre offre<\/h2>\t\t\t\t<\/div>\n\t\t\t\t<\/div>\n\t\t\t\t\t<\/div>\n\t\t\t\t<\/div>\n\t\t<div class=\"elementor-element elementor-element-1be7c7b e-con-full e-flex e-con e-child\" data-id=\"1be7c7b\" data-element_type=\"container\" data-e-type=\"container\">\n\t\t\t\t<div class=\"elementor-element elementor-element-dbe963d animated-slow elementor-invisible elementor-widget elementor-widget-image\" data-id=\"dbe963d\" data-element_type=\"widget\" data-e-type=\"widget\" data-settings=\"{&quot;_animation&quot;:&quot;fadeIn&quot;}\" data-widget_type=\"image.default\">\n\t\t\t\t<div class=\"elementor-widget-container\">\n\t\t\t\t\t\t\t\t\t\t\t\t<figure class=\"wp-caption\">\n\t\t\t\t\t\t\t\t\t\t\t<a href=\"https:\/\/remundag.ch\/fr\/jobs\/jobs-remund-werbetechnik\/\">\n\t\t\t\t\t\t\t<img decoding=\"async\" src=\"https:\/\/remundag.ch\/wp-content\/uploads\/elementor\/thumbs\/Svenja-min-qa1ah5qdx1k9strc8o7x8v97piuowo10gsi6c8dvgo.jpg\" title=\"Fahrzeugbeschriftung &#8211; Remund Werbetechnik Folierung\" alt=\"Fahrzeugbeschriftung - Remund Werbetechnik Folierung\" loading=\"lazy\" \/>\t\t\t\t\t\t\t\t<\/a>\n\t\t\t\t\t\t\t\t\t\t\t<figcaption class=\"widget-image-caption wp-caption-text\"><\/figcaption>\n\t\t\t\t\t\t\t\t\t\t<\/figure>\n\t\t\t\t\t\t\t\t\t<\/div>\n\t\t\t\t<\/div>\n\t\t\t\t<div class=\"elementor-element elementor-element-96e936a elementor-widget__width-auto elementor-absolute elementor-widget elementor-widget-heading\" data-id=\"96e936a\" data-element_type=\"widget\" data-e-type=\"widget\" data-settings=\"{&quot;_position&quot;:&quot;absolute&quot;}\" data-widget_type=\"heading.default\">\n\t\t\t\t<div class=\"elementor-widget-container\">\n\t\t\t\t\t<div class=\"elementor-heading-title elementor-size-default\"><a href=\"https:\/\/remundag.ch\/fr\/jobs\/jobs-remund-werbetechnik\/\">Emplois en technique publicitaire<\/a><\/div>\t\t\t\t<\/div>\n\t\t\t\t<\/div>\n\t\t\t\t<\/div>\n\t\t<div class=\"elementor-element elementor-element-246956d e-con-full e-flex e-con e-child\" data-id=\"246956d\" data-element_type=\"container\" data-e-type=\"container\">\n\t\t\t\t<div class=\"elementor-element elementor-element-7ea0099 animated-slow elementor-invisible elementor-widget elementor-widget-image\" data-id=\"7ea0099\" data-element_type=\"widget\" data-e-type=\"widget\" data-settings=\"{&quot;_animation&quot;:&quot;fadeIn&quot;}\" data-widget_type=\"image.default\">\n\t\t\t\t<div class=\"elementor-widget-container\">\n\t\t\t\t\t\t\t\t\t\t\t\t<figure class=\"wp-caption\">\n\t\t\t\t\t\t\t\t\t\t\t<a href=\"https:\/\/remundag.ch\/fr\/jobs\/jobs-carrosserie\/\">\n\t\t\t\t\t\t\t<img fetchpriority=\"high\" decoding=\"async\" width=\"500\" height=\"500\" src=\"https:\/\/remundag.ch\/wp-content\/uploads\/2023\/01\/card_10.jpg\" class=\"attachment-large size-large wp-image-838\" alt=\"Remund Carrosserie - Reparatur Unfallschaden\" srcset=\"https:\/\/remundag.ch\/wp-content\/uploads\/2023\/01\/card_10.jpg 500w, https:\/\/remundag.ch\/wp-content\/uploads\/2023\/01\/card_10-300x300.jpg 300w, https:\/\/remundag.ch\/wp-content\/uploads\/2023\/01\/card_10-150x150.jpg 150w\" sizes=\"(max-width: 500px) 100vw, 500px\" \/>\t\t\t\t\t\t\t\t<\/a>\n\t\t\t\t\t\t\t\t\t\t\t<figcaption class=\"widget-image-caption wp-caption-text\"><\/figcaption>\n\t\t\t\t\t\t\t\t\t\t<\/figure>\n\t\t\t\t\t\t\t\t\t<\/div>\n\t\t\t\t<\/div>\n\t\t\t\t<div class=\"elementor-element elementor-element-38e3aac elementor-widget__width-auto elementor-absolute elementor-widget elementor-widget-heading\" data-id=\"38e3aac\" data-element_type=\"widget\" data-e-type=\"widget\" data-settings=\"{&quot;_position&quot;:&quot;absolute&quot;}\" data-widget_type=\"heading.default\">\n\t\t\t\t<div class=\"elementor-widget-container\">\n\t\t\t\t\t<div class=\"elementor-heading-title elementor-size-default\"><a href=\"https:\/\/remundag.ch\/fr\/jobs\/jobs-carrosserie\/\">Emplois en Carrosserie<\/a><\/div>\t\t\t\t<\/div>\n\t\t\t\t<\/div>\n\t\t\t\t<\/div>\n\t\t<div class=\"elementor-element elementor-element-8396c18 e-con-full e-flex e-con e-child\" data-id=\"8396c18\" data-element_type=\"container\" data-e-type=\"container\">\n\t\t\t\t<div class=\"elementor-element elementor-element-fffac28 animated-slow elementor-invisible elementor-widget elementor-widget-image\" data-id=\"fffac28\" data-element_type=\"widget\" data-e-type=\"widget\" data-settings=\"{&quot;_animation&quot;:&quot;fadeIn&quot;}\" data-widget_type=\"image.default\">\n\t\t\t\t<div class=\"elementor-widget-container\">\n\t\t\t\t\t\t\t\t\t\t\t\t<figure class=\"wp-caption\">\n\t\t\t\t\t\t\t\t\t\t\t<a href=\"https:\/\/remundag.ch\/fr\/jobs\/lehrstellen\/\">\n\t\t\t\t\t\t\t<img decoding=\"async\" width=\"800\" height=\"450\" src=\"https:\/\/remundag.ch\/wp-content\/uploads\/2024\/10\/Schnuppis4-min-1024x576.jpg\" class=\"attachment-large size-large wp-image-13021\" alt=\"\" srcset=\"https:\/\/remundag.ch\/wp-content\/uploads\/2024\/10\/Schnuppis4-min-1024x576.jpg 1024w, https:\/\/remundag.ch\/wp-content\/uploads\/2024\/10\/Schnuppis4-min-300x169.jpg 300w, https:\/\/remundag.ch\/wp-content\/uploads\/2024\/10\/Schnuppis4-min-768x432.jpg 768w, https:\/\/remundag.ch\/wp-content\/uploads\/2024\/10\/Schnuppis4-min-1536x864.jpg 1536w, https:\/\/remundag.ch\/wp-content\/uploads\/2024\/10\/Schnuppis4-min-18x10.jpg 18w, https:\/\/remundag.ch\/wp-content\/uploads\/2024\/10\/Schnuppis4-min.jpg 1920w\" sizes=\"(max-width: 800px) 100vw, 800px\" \/>\t\t\t\t\t\t\t\t<\/a>\n\t\t\t\t\t\t\t\t\t\t\t<figcaption class=\"widget-image-caption wp-caption-text\"><\/figcaption>\n\t\t\t\t\t\t\t\t\t\t<\/figure>\n\t\t\t\t\t\t\t\t\t<\/div>\n\t\t\t\t<\/div>\n\t\t\t\t<div class=\"elementor-element elementor-element-6990522 elementor-widget__width-auto elementor-absolute elementor-widget elementor-widget-heading\" data-id=\"6990522\" data-element_type=\"widget\" data-e-type=\"widget\" data-settings=\"{&quot;_position&quot;:&quot;absolute&quot;}\" data-widget_type=\"heading.default\">\n\t\t\t\t<div class=\"elementor-widget-container\">\n\t\t\t\t\t<div class=\"elementor-heading-title elementor-size-default\"><a href=\"https:\/\/remundag.ch\/fr\/jobs\/lehrstellen\/\">Postes en apprentissage<\/a><\/div>\t\t\t\t<\/div>\n\t\t\t\t<\/div>\n\t\t\t\t<\/div>\n\t\t<div class=\"elementor-element elementor-element-71e769c e-con-full e-flex e-con e-child\" data-id=\"71e769c\" data-element_type=\"container\" data-e-type=\"container\">\n\t\t\t\t<div class=\"elementor-element elementor-element-b41a775 animated-slow elementor-invisible elementor-widget elementor-widget-image\" data-id=\"b41a775\" data-element_type=\"widget\" data-e-type=\"widget\" data-settings=\"{&quot;_animation&quot;:&quot;fadeIn&quot;}\" data-widget_type=\"image.default\">\n\t\t\t\t<div class=\"elementor-widget-container\">\n\t\t\t\t\t\t\t\t\t\t\t\t<figure class=\"wp-caption\">\n\t\t\t\t\t\t\t\t\t\t\t<a href=\"https:\/\/remundag.ch\/fr\/jobs\/schnupperlehre\/\">\n\t\t\t\t\t\t\t<img decoding=\"async\" src=\"https:\/\/remundag.ch\/wp-content\/uploads\/elementor\/thumbs\/Schnuppis1-min-qvkx2r4ict6xuyxfva1v27vygaztdbbgu567s263d4.jpg\" title=\"Schnuppis1-min\" alt=\"Schnuppis1-min\" loading=\"lazy\" \/>\t\t\t\t\t\t\t\t<\/a>\n\t\t\t\t\t\t\t\t\t\t\t<figcaption class=\"widget-image-caption wp-caption-text\"><\/figcaption>\n\t\t\t\t\t\t\t\t\t\t<\/figure>\n\t\t\t\t\t\t\t\t\t<\/div>\n\t\t\t\t<\/div>\n\t\t\t\t<div class=\"elementor-element elementor-element-71f0516 elementor-widget__width-auto elementor-absolute elementor-widget elementor-widget-heading\" data-id=\"71f0516\" data-element_type=\"widget\" data-e-type=\"widget\" data-settings=\"{&quot;_position&quot;:&quot;absolute&quot;}\" data-widget_type=\"heading.default\">\n\t\t\t\t<div class=\"elementor-widget-container\">\n\t\t\t\t\t<div class=\"elementor-heading-title elementor-size-default\"><a href=\"https:\/\/remundag.ch\/fr\/jobs\/schnupperlehre\/\">Stage d'orientation professionnelle<\/a><\/div>\t\t\t\t<\/div>\n\t\t\t\t<\/div>\n\t\t\t\t<\/div>\n\t\t\t\t<\/div>\n\t\t\t\t<section class=\"elementor-section elementor-top-section elementor-element elementor-element-ec4c2a5 elementor-section-boxed elementor-section-height-default elementor-section-height-default\" data-id=\"ec4c2a5\" data-element_type=\"section\" data-e-type=\"section\" data-settings=\"{&quot;background_background&quot;:&quot;classic&quot;}\">\n\t\t\t\t\t\t<div class=\"elementor-container elementor-column-gap-default\">\n\t\t\t\t\t<div class=\"elementor-column elementor-col-100 elementor-top-column elementor-element elementor-element-c65c78d\" data-id=\"c65c78d\" data-element_type=\"column\" data-e-type=\"column\">\n\t\t\t<div class=\"elementor-widget-wrap elementor-element-populated\">\n\t\t\t\t\t\t<div class=\"elementor-element elementor-element-2047a01 elementor-widget elementor-widget-heading\" data-id=\"2047a01\" data-element_type=\"widget\" data-e-type=\"widget\" data-widget_type=\"heading.default\">\n\t\t\t\t<div class=\"elementor-widget-container\">\n\t\t\t\t\t<h2 class=\"elementor-heading-title elementor-size-default\">Bon \u00e0 savoir: <\/h2>\t\t\t\t<\/div>\n\t\t\t\t<\/div>\n\t\t\t\t<div class=\"elementor-element elementor-element-8dce77a elementor-icon-list--layout-traditional elementor-list-item-link-full_width elementor-widget elementor-widget-icon-list\" data-id=\"8dce77a\" data-element_type=\"widget\" data-e-type=\"widget\" data-widget_type=\"icon-list.default\">\n\t\t\t\t<div class=\"elementor-widget-container\">\n\t\t\t\t\t\t\t<ul class=\"elementor-icon-list-items\">\n\t\t\t\t\t\t\t<li class=\"elementor-icon-list-item\">\n\t\t\t\t\t\t\t\t\t\t\t<span class=\"elementor-icon-list-icon\">\n\t\t\t\t\t\t\t<svg xmlns=\"http:\/\/www.w3.org\/2000\/svg\" width=\"36.048\" height=\"25.939\" viewbox=\"0 0 36.048 25.939\"><g id=\"check\" transform=\"translate(0 -71.788)\"><g id=\"Group_713\" data-name=\"Group 713\" transform=\"translate(-0.001 71.788)\"><path id=\"Path_988\" data-name=\"Path 988\" d=\"M35.21,72.626a2.859,2.859,0,0,0-4.043,0l-18.2,18.2L4.881,82.736A2.86,2.86,0,0,0,.837,86.78l10.11,10.11a2.859,2.859,0,0,0,4.044,0L35.21,76.669A2.859,2.859,0,0,0,35.21,72.626Z\" transform=\"translate(0.001 -71.788)\" fill=\"#fff\"><\/path><\/g><\/g><\/svg>\t\t\t\t\t\t<\/span>\n\t\t\t\t\t\t\t\t\t\t<span class=\"elementor-icon-list-text\">Nous avons <strong>de plus de 40 ann\u00e9es d'exp\u00e9rience<\/strong>.<\/span>\n\t\t\t\t\t\t\t\t\t<\/li>\n\t\t\t\t\t\t\t\t<li class=\"elementor-icon-list-item\">\n\t\t\t\t\t\t\t\t\t\t\t<span class=\"elementor-icon-list-icon\">\n\t\t\t\t\t\t\t<svg xmlns=\"http:\/\/www.w3.org\/2000\/svg\" width=\"36.048\" height=\"25.939\" viewbox=\"0 0 36.048 25.939\"><g id=\"check\" transform=\"translate(0 -71.788)\"><g id=\"Group_713\" data-name=\"Group 713\" transform=\"translate(-0.001 71.788)\"><path id=\"Path_988\" data-name=\"Path 988\" d=\"M35.21,72.626a2.859,2.859,0,0,0-4.043,0l-18.2,18.2L4.881,82.736A2.86,2.86,0,0,0,.837,86.78l10.11,10.11a2.859,2.859,0,0,0,4.044,0L35.21,76.669A2.859,2.859,0,0,0,35.21,72.626Z\" transform=\"translate(0.001 -71.788)\" fill=\"#fff\"><\/path><\/g><\/g><\/svg>\t\t\t\t\t\t<\/span>\n\t\t\t\t\t\t\t\t\t\t<span class=\"elementor-icon-list-text\">Nous r\u00e9unissons <strong>la carrosserie et la technique publicitaire sous un m\u00eame toit<\/strong>.<\/span>\n\t\t\t\t\t\t\t\t\t<\/li>\n\t\t\t\t\t\t\t\t<li class=\"elementor-icon-list-item\">\n\t\t\t\t\t\t\t\t\t\t\t<span class=\"elementor-icon-list-icon\">\n\t\t\t\t\t\t\t<svg xmlns=\"http:\/\/www.w3.org\/2000\/svg\" width=\"36.048\" height=\"25.939\" viewbox=\"0 0 36.048 25.939\"><g id=\"check\" transform=\"translate(0 -71.788)\"><g id=\"Group_713\" data-name=\"Group 713\" transform=\"translate(-0.001 71.788)\"><path id=\"Path_988\" data-name=\"Path 988\" d=\"M35.21,72.626a2.859,2.859,0,0,0-4.043,0l-18.2,18.2L4.881,82.736A2.86,2.86,0,0,0,.837,86.78l10.11,10.11a2.859,2.859,0,0,0,4.044,0L35.21,76.669A2.859,2.859,0,0,0,35.21,72.626Z\" transform=\"translate(0.001 -71.788)\" fill=\"#fff\"><\/path><\/g><\/g><\/svg>\t\t\t\t\t\t<\/span>\n\t\t\t\t\t\t\t\t\t\t<span class=\"elementor-icon-list-text\">Nous disposons <strong>d'une infrastructure moderne et spacieuse<\/strong>.<\/span>\n\t\t\t\t\t\t\t\t\t<\/li>\n\t\t\t\t\t\t\t\t<li class=\"elementor-icon-list-item\">\n\t\t\t\t\t\t\t\t\t\t\t<span class=\"elementor-icon-list-icon\">\n\t\t\t\t\t\t\t<svg xmlns=\"http:\/\/www.w3.org\/2000\/svg\" width=\"36.048\" height=\"25.939\" viewbox=\"0 0 36.048 25.939\"><g id=\"check\" transform=\"translate(0 -71.788)\"><g id=\"Group_713\" data-name=\"Group 713\" transform=\"translate(-0.001 71.788)\"><path id=\"Path_988\" data-name=\"Path 988\" d=\"M35.21,72.626a2.859,2.859,0,0,0-4.043,0l-18.2,18.2L4.881,82.736A2.86,2.86,0,0,0,.837,86.78l10.11,10.11a2.859,2.859,0,0,0,4.044,0L35.21,76.669A2.859,2.859,0,0,0,35.21,72.626Z\" transform=\"translate(0.001 -71.788)\" fill=\"#fff\"><\/path><\/g><\/g><\/svg>\t\t\t\t\t\t<\/span>\n\t\t\t\t\t\t\t\t\t\t<span class=\"elementor-icon-list-text\">Nous proposons <strong>des t\u00e2ches passionnantes et vari\u00e9es<\/strong>.<\/span>\n\t\t\t\t\t\t\t\t\t<\/li>\n\t\t\t\t\t\t\t\t<li class=\"elementor-icon-list-item\">\n\t\t\t\t\t\t\t\t\t\t\t<span class=\"elementor-icon-list-icon\">\n\t\t\t\t\t\t\t<svg xmlns=\"http:\/\/www.w3.org\/2000\/svg\" width=\"36.048\" height=\"25.939\" viewbox=\"0 0 36.048 25.939\"><g id=\"check\" transform=\"translate(0 -71.788)\"><g id=\"Group_713\" data-name=\"Group 713\" transform=\"translate(-0.001 71.788)\"><path id=\"Path_988\" data-name=\"Path 988\" d=\"M35.21,72.626a2.859,2.859,0,0,0-4.043,0l-18.2,18.2L4.881,82.736A2.86,2.86,0,0,0,.837,86.78l10.11,10.11a2.859,2.859,0,0,0,4.044,0L35.21,76.669A2.859,2.859,0,0,0,35.21,72.626Z\" transform=\"translate(0.001 -71.788)\" fill=\"#fff\"><\/path><\/g><\/g><\/svg>\t\t\t\t\t\t<\/span>\n\t\t\t\t\t\t\t\t\t\t<span class=\"elementor-icon-list-text\">Nous recrutons <strong>des collaborateurs et collaboratrices hautement qualifi\u00e9(e)s<\/strong>.<\/span>\n\t\t\t\t\t\t\t\t\t<\/li>\n\t\t\t\t\t\t<\/ul>\n\t\t\t\t\t\t<\/div>\n\t\t\t\t<\/div>\n\t\t\t\t\t<\/div>\n\t\t<\/div>\n\t\t\t\t\t<\/div>\n\t\t<\/section>\n\t\t<div class=\"elementor-element elementor-element-9f2f53a e-con-full e-flex e-con e-parent\" data-id=\"9f2f53a\" data-element_type=\"container\" data-e-type=\"container\">\n\t\t<div class=\"elementor-element elementor-element-2529e4f e-flex e-con-boxed e-con e-child\" data-id=\"2529e4f\" data-element_type=\"container\" data-e-type=\"container\">\n\t\t\t\t\t<div class=\"e-con-inner\">\n\t\t\t\t<div class=\"elementor-element elementor-element-bb215a0 elementor-widget__width-inherit elementor-widget elementor-widget-heading\" data-id=\"bb215a0\" data-element_type=\"widget\" data-e-type=\"widget\" data-widget_type=\"heading.default\">\n\t\t\t\t<div class=\"elementor-widget-container\">\n\t\t\t\t\t<h2 class=\"elementor-heading-title elementor-size-default\">Nos prestations<\/h2>\t\t\t\t<\/div>\n\t\t\t\t<\/div>\n\t\t\t\t\t<\/div>\n\t\t\t\t<\/div>\n\t\t<div class=\"elementor-element elementor-element-fdb3d6c e-con-full e-flex e-con e-child\" data-id=\"fdb3d6c\" data-element_type=\"container\" data-e-type=\"container\">\n\t\t\t\t<div class=\"elementor-element elementor-element-5bf4472 animated-slow elementor-invisible elementor-widget elementor-widget-image\" data-id=\"5bf4472\" data-element_type=\"widget\" data-e-type=\"widget\" data-settings=\"{&quot;_animation&quot;:&quot;fadeIn&quot;}\" data-widget_type=\"image.default\">\n\t\t\t\t<div class=\"elementor-widget-container\">\n\t\t\t\t\t\t\t\t\t\t\t\t<figure class=\"wp-caption\">\n\t\t\t\t\t\t\t\t\t\t\t<a href=\"\/fr\/carrosserie\/\">\n\t\t\t\t\t\t\t<img decoding=\"async\" src=\"https:\/\/remundag.ch\/wp-content\/uploads\/2023\/05\/slider_2-700x700.jpg\" title=\"slider_2.jpg\" alt=\"slider_2.jpg\" loading=\"lazy\" \/>\t\t\t\t\t\t\t\t<\/a>\n\t\t\t\t\t\t\t\t\t\t\t<figcaption class=\"widget-image-caption wp-caption-text\"><\/figcaption>\n\t\t\t\t\t\t\t\t\t\t<\/figure>\n\t\t\t\t\t\t\t\t\t<\/div>\n\t\t\t\t<\/div>\n\t\t\t\t<div class=\"elementor-element elementor-element-233b71c elementor-widget__width-auto elementor-absolute elementor-widget elementor-widget-heading\" data-id=\"233b71c\" data-element_type=\"widget\" data-e-type=\"widget\" data-settings=\"{&quot;_position&quot;:&quot;absolute&quot;}\" data-widget_type=\"heading.default\">\n\t\t\t\t<div class=\"elementor-widget-container\">\n\t\t\t\t\t<h2 class=\"elementor-heading-title elementor-size-default\"><a href=\"\/fr\/carrosserie\/\">Carrosserie<\/a><\/h2>\t\t\t\t<\/div>\n\t\t\t\t<\/div>\n\t\t\t\t<\/div>\n\t\t<div class=\"elementor-element elementor-element-e240fa0 e-con-full e-flex e-con e-child\" data-id=\"e240fa0\" data-element_type=\"container\" data-e-type=\"container\">\n\t\t\t\t<div class=\"elementor-element elementor-element-7103966 animated-slow elementor-invisible elementor-widget elementor-widget-image\" data-id=\"7103966\" data-element_type=\"widget\" data-e-type=\"widget\" data-settings=\"{&quot;_animation&quot;:&quot;fadeIn&quot;}\" data-widget_type=\"image.default\">\n\t\t\t\t<div class=\"elementor-widget-container\">\n\t\t\t\t\t\t\t\t\t\t\t\t<figure class=\"wp-caption\">\n\t\t\t\t\t\t\t\t\t\t\t<a href=\"\/fr\/werbetechnik\/\">\n\t\t\t\t\t\t\t<img decoding=\"async\" src=\"https:\/\/remundag.ch\/wp-content\/uploads\/2023\/05\/Svenja-min-700x700.jpg\" title=\"Fahrzeugbeschriftung &#8211; Remund Werbetechnik Folierung\" alt=\"Fahrzeugbeschriftung - Remund Werbetechnik Folierung\" loading=\"lazy\" \/>\t\t\t\t\t\t\t\t<\/a>\n\t\t\t\t\t\t\t\t\t\t\t<figcaption class=\"widget-image-caption wp-caption-text\"><\/figcaption>\n\t\t\t\t\t\t\t\t\t\t<\/figure>\n\t\t\t\t\t\t\t\t\t<\/div>\n\t\t\t\t<\/div>\n\t\t\t\t<div class=\"elementor-element elementor-element-0fc85a7 elementor-widget__width-auto elementor-absolute elementor-widget elementor-widget-heading\" data-id=\"0fc85a7\" data-element_type=\"widget\" data-e-type=\"widget\" data-settings=\"{&quot;_position&quot;:&quot;absolute&quot;}\" data-widget_type=\"heading.default\">\n\t\t\t\t<div class=\"elementor-widget-container\">\n\t\t\t\t\t<h2 class=\"elementor-heading-title elementor-size-default\"><a href=\"\/fr\/werbetechnik\/\">Technique publicitaire<\/a><\/h2>\t\t\t\t<\/div>\n\t\t\t\t<\/div>\n\t\t\t\t<\/div>\n\t\t\t\t<\/div>\n\t\t<div class=\"elementor-element elementor-element-efefc8f e-flex e-con-boxed e-con e-parent\" data-id=\"efefc8f\" data-element_type=\"container\" data-e-type=\"container\">\n\t\t\t\t\t<div class=\"e-con-inner\">\n\t\t\t\t<div class=\"elementor-element elementor-element-78b889e elementor-widget elementor-widget-spacer\" data-id=\"78b889e\" data-element_type=\"widget\" data-e-type=\"widget\" data-widget_type=\"spacer.default\">\n\t\t\t\t<div class=\"elementor-widget-container\">\n\t\t\t\t\t\t\t<div class=\"elementor-spacer\">\n\t\t\t<div class=\"elementor-spacer-inner\"><\/div>\n\t\t<\/div>\n\t\t\t\t\t\t<\/div>\n\t\t\t\t<\/div>\n\t\t\t\t\t<\/div>\n\t\t\t\t<\/div>\n\t\t\t\t<\/div>","protected":false},"excerpt":{"rendered":"<p>Werde Teil unseres Teams Wir bieten unseren Mitarbeitenden eine top ausger\u00fcstete Infrastruktur, ein attraktives und famili\u00e4res Arbeitsumfeld sowie die Chance, sich beruflich und pers\u00f6nlich weiterzuentwickeln. Unser Gesamtarbeitsvertrag (Carrosserie Suisse) legt den Grundstein f\u00fcr eine erfolgreiche Zusammenarbeit. Ist zurzeit keine passende Stelle ausgeschrieben?Wir sind immer wieder auf der Suche nach motivierten Mitarbeitenden und freuen uns \u00fcber [&hellip;]<\/p>\n","protected":false},"author":2,"featured_media":0,"parent":0,"menu_order":0,"comment_status":"closed","ping_status":"closed","template":"","meta":{"om_disable_all_campaigns":false,"inline_featured_image":false,"_uf_show_specific_survey":0,"_uf_disable_surveys":false,"footnotes":""},"class_list":["post-759","page","type-page","status-publish","hentry"],"_links":{"self":[{"href":"https:\/\/remundag.ch\/fr\/wp-json\/wp\/v2\/pages\/759","targetHints":{"allow":["GET"]}}],"collection":[{"href":"https:\/\/remundag.ch\/fr\/wp-json\/wp\/v2\/pages"}],"about":[{"href":"https:\/\/remundag.ch\/fr\/wp-json\/wp\/v2\/types\/page"}],"author":[{"embeddable":true,"href":"https:\/\/remundag.ch\/fr\/wp-json\/wp\/v2\/users\/2"}],"replies":[{"embeddable":true,"href":"https:\/\/remundag.ch\/fr\/wp-json\/wp\/v2\/comments?post=759"}],"version-history":[{"count":137,"href":"https:\/\/remundag.ch\/fr\/wp-json\/wp\/v2\/pages\/759\/revisions"}],"predecessor-version":[{"id":13088,"href":"https:\/\/remundag.ch\/fr\/wp-json\/wp\/v2\/pages\/759\/revisions\/13088"}],"wp:attachment":[{"href":"https:\/\/remundag.ch\/fr\/wp-json\/wp\/v2\/media?parent=759"}],"curies":[{"name":"wp","href":"https:\/\/api.w.org\/{rel}","templated":true}]}}