{"id":4435,"date":"2023-06-15T21:27:25","date_gmt":"2023-06-15T21:27:25","guid":{"rendered":"https:\/\/remundag.ch\/?page_id=4435"},"modified":"2025-06-26T10:27:32","modified_gmt":"2025-06-26T08:27:32","slug":"downloads","status":"publish","type":"page","link":"https:\/\/remundag.ch\/fr\/downloads\/","title":{"rendered":"T\u00e9l\u00e9chargements"},"content":{"rendered":"<div data-elementor-type=\"wp-page\" data-elementor-id=\"4435\" class=\"elementor elementor-4435\" data-elementor-post-type=\"page\">\n\t\t\t\t\t\t<section class=\"elementor-section elementor-top-section elementor-element elementor-element-3ec2f37c elementor-section-full_width elementor-section-height-default elementor-section-height-default\" data-id=\"3ec2f37c\" data-element_type=\"section\" data-e-type=\"section\">\n\t\t\t\t\t\t<div class=\"elementor-container elementor-column-gap-no\">\n\t\t\t\t\t<div class=\"elementor-column elementor-col-100 elementor-top-column elementor-element elementor-element-40873860\" data-id=\"40873860\" data-element_type=\"column\" data-e-type=\"column\">\n\t\t\t<div class=\"elementor-widget-wrap elementor-element-populated\">\n\t\t\t\t\t\t<div class=\"elementor-element elementor-element-7e05955c elementor--h-position-center elementor--v-position-middle elementor-pagination-position-inside elementor-widget elementor-widget-slides\" data-id=\"7e05955c\" data-element_type=\"widget\" data-e-type=\"widget\" data-settings=\"{&quot;navigation&quot;:&quot;dots&quot;,&quot;transition&quot;:&quot;fade&quot;,&quot;autoplay_speed&quot;:3000,&quot;autoplay&quot;:&quot;yes&quot;,&quot;pause_on_hover&quot;:&quot;yes&quot;,&quot;pause_on_interaction&quot;:&quot;yes&quot;,&quot;infinite&quot;:&quot;yes&quot;,&quot;transition_speed&quot;:500}\" data-widget_type=\"slides.default\">\n\t\t\t\t<div class=\"elementor-widget-container\">\n\t\t\t\t\t\t\t\t\t<div class=\"elementor-swiper\">\n\t\t\t\t\t<div class=\"elementor-slides-wrapper elementor-main-swiper swiper\" role=\"region\" aria-roledescription=\"carousel\" aria-label=\"Slider\" dir=\"ltr\" data-animation=\"fadeInUp\">\n\t\t\t\t<div class=\"swiper-wrapper elementor-slides\">\n\t\t\t\t\t\t\t\t\t\t<div class=\"elementor-repeater-item-b700a75 swiper-slide\" role=\"group\" aria-roledescription=\"slide\"><div class=\"swiper-slide-bg\" role=\"img\" aria-label=\"Download-min (1)\"><\/div><div class=\"swiper-slide-inner\" ><div class=\"swiper-slide-contents\"><\/div><\/div><\/div>\t\t\t\t<\/div>\n\t\t\t\t\t\t\t<\/div>\n\t\t\t\t<\/div>\n\t\t\t\t\t\t\t\t<\/div>\n\t\t\t\t<\/div>\n\t\t\t\t\t<\/div>\n\t\t<\/div>\n\t\t\t\t\t<\/div>\n\t\t<\/section>\n\t\t\t\t<section class=\"elementor-section elementor-top-section elementor-element elementor-element-66769d1 elementor-section-boxed elementor-section-height-default elementor-section-height-default\" data-id=\"66769d1\" data-element_type=\"section\" data-e-type=\"section\">\n\t\t\t\t\t\t<div class=\"elementor-container elementor-column-gap-default\">\n\t\t\t\t\t<div class=\"elementor-column elementor-col-100 elementor-top-column elementor-element elementor-element-0be1ebd\" data-id=\"0be1ebd\" data-element_type=\"column\" data-e-type=\"column\">\n\t\t\t<div class=\"elementor-widget-wrap elementor-element-populated\">\n\t\t\t\t\t\t<div class=\"elementor-element elementor-element-c407ef5 elementor-widget elementor-widget-heading\" data-id=\"c407ef5\" data-element_type=\"widget\" data-e-type=\"widget\" data-widget_type=\"heading.default\">\n\t\t\t\t<div class=\"elementor-widget-container\">\n\t\t\t\t\t<h1 class=\"elementor-heading-title elementor-size-default\">T\u00e9l\u00e9chargements<\/h1>\t\t\t\t<\/div>\n\t\t\t\t<\/div>\n\t\t\t\t<div class=\"elementor-element elementor-element-c24e501 elementor-widget elementor-widget-heading\" data-id=\"c24e501\" data-element_type=\"widget\" data-e-type=\"widget\" data-widget_type=\"heading.default\">\n\t\t\t\t<div class=\"elementor-widget-container\">\n\t\t\t\t\t<h2 class=\"elementor-heading-title elementor-size-default\">Fiches d'information utiles<\/h2>\t\t\t\t<\/div>\n\t\t\t\t<\/div>\n\t\t\t\t<div class=\"elementor-element elementor-element-a831fd5 elementor-widget elementor-widget-text-editor\" data-id=\"a831fd5\" data-element_type=\"widget\" data-e-type=\"widget\" data-no-translation=\"\" data-widget_type=\"text-editor.default\">\n\t\t\t\t<div class=\"elementor-widget-container\">\n\t\t\t\t\t<style>.elementor-element-a831fd5{display:none !important}<\/style>\t\t\t\t<\/div>\n\t\t\t\t<\/div>\n\t\t\t\t<div class=\"elementor-element elementor-element-22057bf elementor-widget elementor-widget-text-editor\" data-id=\"22057bf\" data-element_type=\"widget\" data-e-type=\"widget\" data-no-translation=\"\" data-widget_type=\"text-editor.default\">\n\t\t\t\t<div class=\"elementor-widget-container\">\n\t\t\t\t\t\t\t\t\t<p>T\u00e9l\u00e9chargez nos fiches d\u2019information. Il suffit de cliquer sur le nom du fichier pour commencer le t\u00e9l\u00e9chargement.<\/p><a  data-e-disable-page-transition=\"true\" class=\"download-link\" title=\"\" href=\"https:\/\/remundag.ch\/fr\/download\/5430\/?tmstv=1776011763\" rel=\"nofollow\" id=\"download-link-5430\" data-redirect=\"false\" >\n\tLes prestations de Remund Werbetechnik AG<\/a>\n<p>\u00a0<\/p><a  data-e-disable-page-transition=\"true\" class=\"download-link\" title=\"\" href=\"https:\/\/remundag.ch\/fr\/download\/5444\/?tmstv=1776011763\" rel=\"nofollow\" id=\"download-link-5444\" data-redirect=\"false\" >\n\tMarquages v\u00e9hicules<\/a>\n<p>\u00a0<\/p><a  data-e-disable-page-transition=\"true\" class=\"download-link\" title=\"\" href=\"https:\/\/remundag.ch\/fr\/download\/5447\/?tmstv=1776011763\" rel=\"nofollow\" id=\"download-link-5447\" data-redirect=\"false\" >\n\tMarquages de v\u00e9hicules de transport public<\/a>\n<p>\u00a0<\/p><a  data-e-disable-page-transition=\"true\" class=\"download-link\" title=\"\" href=\"https:\/\/remundag.ch\/fr\/download\/5450\/?tmstv=1776011763\" rel=\"nofollow\" id=\"download-link-5450\" data-redirect=\"false\" >\n\tFilm anti-graffiti et anti-incendie<\/a>\n<p>\u00a0<\/p><a  data-e-disable-page-transition=\"true\" class=\"download-link\" title=\"\" href=\"https:\/\/remundag.ch\/fr\/download\/5453\/?tmstv=1776011763\" rel=\"nofollow\" id=\"download-link-5453\" data-redirect=\"false\" >\n\tMarquages ext\u00e9rieurs, int\u00e9rieurs et signal\u00e9tique<\/a>\n<p>\u00a0<\/p><a  data-e-disable-page-transition=\"true\" class=\"download-link\" title=\"\" href=\"https:\/\/remundag.ch\/fr\/download\/5459\/?tmstv=1776011763\" rel=\"nofollow\" id=\"download-link-5459\" data-redirect=\"false\" >\n\tProtection contre le soleil, les regards et des \u00e9clats<\/a>\n<p>\u00a0<\/p><a  data-e-disable-page-transition=\"true\" class=\"download-link\" title=\"\" href=\"https:\/\/remundag.ch\/fr\/download\/5456\/?tmstv=1776011763\" rel=\"nofollow\" id=\"download-link-5456\" data-redirect=\"false\" >\n\tImpression textile<\/a>\n<p>\u00a0<\/p><a  data-e-disable-page-transition=\"true\" class=\"download-link\" title=\"\" href=\"https:\/\/remundag.ch\/fr\/download\/5462\/?tmstv=1776011763\" rel=\"nofollow\" id=\"download-link-5462\" data-redirect=\"false\" >\n\tDesign Studio<\/a>\n\t\t\t\t\t\t\t\t<\/div>\n\t\t\t\t<\/div>\n\t\t\t\t\t<\/div>\n\t\t<\/div>\n\t\t\t\t\t<\/div>\n\t\t<\/section>\n\t\t<div class=\"elementor-element elementor-element-da436be e-flex e-con-boxed e-con e-parent\" data-id=\"da436be\" data-element_type=\"container\" data-e-type=\"container\">\n\t\t\t\t\t<div class=\"e-con-inner\">\n\t\t\t\t<div class=\"elementor-element elementor-element-641fec8 elementor-widget elementor-widget-heading\" data-id=\"641fec8\" data-element_type=\"widget\" data-e-type=\"widget\" data-no-translation=\"\" data-widget_type=\"heading.default\">\n\t\t\t\t<div class=\"elementor-widget-container\">\n\t\t\t\t\t<style>.elementor-element-641fec8{display:none !important}<\/style>\t\t\t\t<\/div>\n\t\t\t\t<\/div>\n\t\t\t\t\t<\/div>\n\t\t\t\t<\/div>\n\t\t<div class=\"elementor-element elementor-element-280a1d6 e-flex e-con-boxed e-con e-parent\" data-id=\"280a1d6\" data-element_type=\"container\" data-e-type=\"container\">\n\t\t\t\t\t<div class=\"e-con-inner\">\n\t\t\t\t<div class=\"elementor-element elementor-element-24ffee5 elementor-widget elementor-widget-text-editor\" data-id=\"24ffee5\" data-element_type=\"widget\" data-e-type=\"widget\" data-no-translation=\"\" data-widget_type=\"text-editor.default\">\n\t\t\t\t<div class=\"elementor-widget-container\">\n\t\t\t\t\t<style>.elementor-element-24ffee5{display:none !important}<\/style>\t\t\t\t<\/div>\n\t\t\t\t<\/div>\n\t\t\t\t\t<\/div>\n\t\t\t\t<\/div>\n\t\t\t\t<\/div>","protected":false},"excerpt":{"rendered":"<p>N\u00fctzliche Factsheets. Laden Sie unsere Factsheets herunter. Einfach auf den Dateinamen klicken und schon beginnt der Download. T\u00e9l\u00e9chargez nos fiches d\u2019information. Il suffit de cliquer sur le nom du fichier pour commencer le t\u00e9l\u00e9chargement. \u00a0 \u00a0 \u00a0 \u00a0 \u00a0 \u00a0 \u00a0 Remund Journal. Das Remund Journal bietet spannende Einblicke in unsere Arbeit. Einfach auf den [&hellip;]<\/p>\n","protected":false},"author":3,"featured_media":0,"parent":0,"menu_order":0,"comment_status":"closed","ping_status":"closed","template":"","meta":{"om_disable_all_campaigns":false,"inline_featured_image":false,"_uf_show_specific_survey":0,"_uf_disable_surveys":false,"footnotes":""},"class_list":["post-4435","page","type-page","status-publish","hentry"],"_links":{"self":[{"href":"https:\/\/remundag.ch\/fr\/wp-json\/wp\/v2\/pages\/4435","targetHints":{"allow":["GET"]}}],"collection":[{"href":"https:\/\/remundag.ch\/fr\/wp-json\/wp\/v2\/pages"}],"about":[{"href":"https:\/\/remundag.ch\/fr\/wp-json\/wp\/v2\/types\/page"}],"author":[{"embeddable":true,"href":"https:\/\/remundag.ch\/fr\/wp-json\/wp\/v2\/users\/3"}],"replies":[{"embeddable":true,"href":"https:\/\/remundag.ch\/fr\/wp-json\/wp\/v2\/comments?post=4435"}],"version-history":[{"count":79,"href":"https:\/\/remundag.ch\/fr\/wp-json\/wp\/v2\/pages\/4435\/revisions"}],"predecessor-version":[{"id":14371,"href":"https:\/\/remundag.ch\/fr\/wp-json\/wp\/v2\/pages\/4435\/revisions\/14371"}],"wp:attachment":[{"href":"https:\/\/remundag.ch\/fr\/wp-json\/wp\/v2\/media?parent=4435"}],"curies":[{"name":"wp","href":"https:\/\/api.w.org\/{rel}","templated":true}]}}