{"id":321,"date":"2023-01-10T14:08:23","date_gmt":"2023-01-10T14:08:23","guid":{"rendered":"https:\/\/remundag.ch\/?page_id=321"},"modified":"2026-02-02T15:28:44","modified_gmt":"2026-02-02T14:28:44","slug":"designstudio","status":"publish","type":"page","link":"https:\/\/remundag.ch\/fr\/werbetechnik\/designstudio\/","title":{"rendered":"Studio de design"},"content":{"rendered":"<div data-elementor-type=\"wp-page\" data-elementor-id=\"321\" class=\"elementor elementor-321\" data-elementor-post-type=\"page\">\n\t\t\t\t\t\t<section class=\"elementor-section elementor-top-section elementor-element elementor-element-1dcbd85e elementor-section-full_width elementor-section-height-default elementor-section-height-default\" data-id=\"1dcbd85e\" data-element_type=\"section\" data-e-type=\"section\">\n\t\t\t\t\t\t<div class=\"elementor-container elementor-column-gap-no\">\n\t\t\t\t\t<div class=\"elementor-column elementor-col-100 elementor-top-column elementor-element elementor-element-2213d4f2\" data-id=\"2213d4f2\" data-element_type=\"column\" data-e-type=\"column\">\n\t\t\t<div class=\"elementor-widget-wrap elementor-element-populated\">\n\t\t\t\t\t\t<div class=\"elementor-element elementor-element-2567bbcb elementor--h-position-center elementor--v-position-middle elementor-pagination-position-inside elementor-widget elementor-widget-slides\" data-id=\"2567bbcb\" data-element_type=\"widget\" data-e-type=\"widget\" data-settings=\"{&quot;navigation&quot;:&quot;dots&quot;,&quot;transition&quot;:&quot;fade&quot;,&quot;autoplay_speed&quot;:3000,&quot;autoplay&quot;:&quot;yes&quot;,&quot;pause_on_hover&quot;:&quot;yes&quot;,&quot;infinite&quot;:&quot;yes&quot;,&quot;transition_speed&quot;:500}\" data-widget_type=\"slides.default\">\n\t\t\t\t<div class=\"elementor-widget-container\">\n\t\t\t\t\t\t\t\t\t<div class=\"elementor-swiper\">\n\t\t\t\t\t<div class=\"elementor-slides-wrapper elementor-main-swiper swiper\" role=\"region\" aria-roledescription=\"carousel\" aria-label=\"Slider\" dir=\"ltr\" data-animation=\"fadeInUp\">\n\t\t\t\t<div class=\"swiper-wrapper elementor-slides\">\n\t\t\t\t\t\t\t\t\t\t<div class=\"elementor-repeater-item-b700a75 swiper-slide\" role=\"group\" aria-roledescription=\"slide\"><div class=\"swiper-slide-bg\" role=\"img\" aria-label=\"Farbstifte-min\"><\/div><div class=\"swiper-slide-inner\" ><div class=\"swiper-slide-contents\"><\/div><\/div><\/div><div class=\"elementor-repeater-item-ba9f039 swiper-slide\" role=\"group\" aria-roledescription=\"slide\"><div class=\"swiper-slide-bg\" role=\"img\" aria-label=\"Grafik5-min (1)\"><\/div><div class=\"swiper-slide-inner\" ><div class=\"swiper-slide-contents\"><\/div><\/div><\/div><div class=\"elementor-repeater-item-dfe1508 swiper-slide\" role=\"group\" aria-roledescription=\"slide\"><div class=\"swiper-slide-bg\" role=\"img\" aria-label=\"Farbraster-min\"><\/div><div class=\"swiper-slide-inner\" ><div class=\"swiper-slide-contents\"><\/div><\/div><\/div>\t\t\t\t<\/div>\n\t\t\t\t\t\t\t\t\t\t\t\t\t\t\t\t\t\t\t\t<div class=\"swiper-pagination\"><\/div>\n\t\t\t\t\t\t\t\t\t\t\t\t<\/div>\n\t\t\t\t<\/div>\n\t\t\t\t\t\t\t\t<\/div>\n\t\t\t\t<\/div>\n\t\t\t\t\t<\/div>\n\t\t<\/div>\n\t\t\t\t\t<\/div>\n\t\t<\/section>\n\t\t\t\t<section class=\"elementor-section elementor-top-section elementor-element elementor-element-607609c elementor-section-boxed elementor-section-height-default elementor-section-height-default\" data-id=\"607609c\" data-element_type=\"section\" data-e-type=\"section\">\n\t\t\t\t\t\t<div class=\"elementor-container elementor-column-gap-default\">\n\t\t\t\t\t<div class=\"elementor-column elementor-col-100 elementor-top-column elementor-element elementor-element-18fc6ab\" data-id=\"18fc6ab\" data-element_type=\"column\" data-e-type=\"column\">\n\t\t\t<div class=\"elementor-widget-wrap elementor-element-populated\">\n\t\t\t\t\t\t<div class=\"elementor-element elementor-element-6118303 elementor-widget elementor-widget-heading\" data-id=\"6118303\" data-element_type=\"widget\" data-e-type=\"widget\" data-widget_type=\"heading.default\">\n\t\t\t\t<div class=\"elementor-widget-container\">\n\t\t\t\t\t<h1 class=\"elementor-heading-title elementor-size-default\">Studio de design<\/h1>\t\t\t\t<\/div>\n\t\t\t\t<\/div>\n\t\t\t\t<div class=\"elementor-element elementor-element-8114f5f elementor-widget elementor-widget-heading\" data-id=\"8114f5f\" data-element_type=\"widget\" data-e-type=\"widget\" data-widget_type=\"heading.default\">\n\t\t\t\t<div class=\"elementor-widget-container\">\n\t\t\t\t\t<h2 class=\"elementor-heading-title elementor-size-default\">L\u00e0 o\u00f9 vos id\u00e9es cr\u00e9atives prennent vie.<\/h2>\t\t\t\t<\/div>\n\t\t\t\t<\/div>\n\t\t\t\t<div class=\"elementor-element elementor-element-9f7e6ef elementor-widget elementor-widget-text-editor\" data-id=\"9f7e6ef\" data-element_type=\"widget\" data-e-type=\"widget\" data-widget_type=\"text-editor.default\">\n\t\t\t\t<div class=\"elementor-widget-container\">\n\t\t\t\t\t\t\t\t\t<p>D\u00e9marquez-vous dans la rue, chez vous, sur le stand d\u2019un salon gr\u00e2ce \u00e0 des supports imprim\u00e9s. Nous vous accompagnons \u00e0 chaque \u00e9tape de votre projet, depuis le conseil et la mise en page jusqu\u2019\u00e0 la production et l\u2019application.<\/p><p>Au sein de notre studio de design, nos graphistes professionnels con\u00e7oivent des id\u00e9es cr\u00e9atives pour vos inscriptions sur v\u00e9hicules de transport et de particuliers, vos logos, votre identit\u00e9 graphique, votre marquage d\u2019entreprise, l\u2019identit\u00e9 visuelle de vos stands, vos brochures, et bien plus encore. Nos professionnels \u00e9changent en permanence avec vous et notre \u00e9quipe de conseil et production en technique publicitaire. Ils cr\u00e9ent ainsi les visuels correspondant pr\u00e9cis\u00e9ment \u00e0 votre demande, parfaitement adapt\u00e9s au but souhait\u00e9.<\/p>\t\t\t\t\t\t\t\t<\/div>\n\t\t\t\t<\/div>\n\t\t\t\t<div class=\"elementor-element elementor-element-0d11562 elementor-widget elementor-widget-button\" data-id=\"0d11562\" data-element_type=\"widget\" data-e-type=\"widget\" data-widget_type=\"button.default\">\n\t\t\t\t<div class=\"elementor-widget-container\">\n\t\t\t\t\t\t\t\t\t<div class=\"elementor-button-wrapper\">\n\t\t\t\t\t<a class=\"elementor-button elementor-button-link elementor-size-sm\" href=\"https:\/\/remundag.ch\/fr\/beratung-werbetechnik\/\">\n\t\t\t\t\t\t<span class=\"elementor-button-content-wrapper\">\n\t\t\t\t\t\t\t\t\t<span class=\"elementor-button-text\">Prendre rendez-vous<\/span>\n\t\t\t\t\t<\/span>\n\t\t\t\t\t<\/a>\n\t\t\t\t<\/div>\n\t\t\t\t\t\t\t\t<\/div>\n\t\t\t\t<\/div>\n\t\t\t\t\t<\/div>\n\t\t<\/div>\n\t\t\t\t\t<\/div>\n\t\t<\/section>\n\t\t\t\t<section class=\"elementor-section elementor-top-section elementor-element elementor-element-c957b14 elementor-section-boxed elementor-section-height-default elementor-section-height-default\" data-id=\"c957b14\" data-element_type=\"section\" data-e-type=\"section\" data-settings=\"{&quot;background_background&quot;:&quot;classic&quot;}\">\n\t\t\t\t\t\t<div class=\"elementor-container elementor-column-gap-default\">\n\t\t\t\t\t<div class=\"elementor-column elementor-col-100 elementor-top-column elementor-element elementor-element-c7016e5\" data-id=\"c7016e5\" data-element_type=\"column\" data-e-type=\"column\">\n\t\t\t<div class=\"elementor-widget-wrap elementor-element-populated\">\n\t\t\t\t\t\t<div class=\"elementor-element elementor-element-42d87e9 elementor-widget elementor-widget-heading\" data-id=\"42d87e9\" data-element_type=\"widget\" data-e-type=\"widget\" data-widget_type=\"heading.default\">\n\t\t\t\t<div class=\"elementor-widget-container\">\n\t\t\t\t\t<h2 class=\"elementor-heading-title elementor-size-default\">Bon \u00e0 savoir: <\/h2>\t\t\t\t<\/div>\n\t\t\t\t<\/div>\n\t\t\t\t<div class=\"elementor-element elementor-element-85ff200 elementor-icon-list--layout-traditional elementor-list-item-link-full_width elementor-widget elementor-widget-icon-list\" data-id=\"85ff200\" data-element_type=\"widget\" data-e-type=\"widget\" data-widget_type=\"icon-list.default\">\n\t\t\t\t<div class=\"elementor-widget-container\">\n\t\t\t\t\t\t\t<ul class=\"elementor-icon-list-items\">\n\t\t\t\t\t\t\t<li class=\"elementor-icon-list-item\">\n\t\t\t\t\t\t\t\t\t\t\t<span class=\"elementor-icon-list-icon\">\n\t\t\t\t\t\t\t<svg xmlns=\"http:\/\/www.w3.org\/2000\/svg\" width=\"36.048\" height=\"25.939\" viewbox=\"0 0 36.048 25.939\"><g id=\"check\" transform=\"translate(0 -71.788)\"><g id=\"Group_713\" data-name=\"Group 713\" transform=\"translate(-0.001 71.788)\"><path id=\"Path_988\" data-name=\"Path 988\" d=\"M35.21,72.626a2.859,2.859,0,0,0-4.043,0l-18.2,18.2L4.881,82.736A2.86,2.86,0,0,0,.837,86.78l10.11,10.11a2.859,2.859,0,0,0,4.044,0L35.21,76.669A2.859,2.859,0,0,0,35.21,72.626Z\" transform=\"translate(0.001 -71.788)\" fill=\"#fff\"><\/path><\/g><\/g><\/svg>\t\t\t\t\t\t<\/span>\n\t\t\t\t\t\t\t\t\t\t<span class=\"elementor-icon-list-text\">Nous optimisons les <strong> mises en page pour les adapter au support publicitaire.<\/strong><\/span>\n\t\t\t\t\t\t\t\t\t<\/li>\n\t\t\t\t\t\t\t\t<li class=\"elementor-icon-list-item\">\n\t\t\t\t\t\t\t\t\t\t\t<span class=\"elementor-icon-list-icon\">\n\t\t\t\t\t\t\t<svg xmlns=\"http:\/\/www.w3.org\/2000\/svg\" width=\"36.048\" height=\"25.939\" viewbox=\"0 0 36.048 25.939\"><g id=\"check\" transform=\"translate(0 -71.788)\"><g id=\"Group_713\" data-name=\"Group 713\" transform=\"translate(-0.001 71.788)\"><path id=\"Path_988\" data-name=\"Path 988\" d=\"M35.21,72.626a2.859,2.859,0,0,0-4.043,0l-18.2,18.2L4.881,82.736A2.86,2.86,0,0,0,.837,86.78l10.11,10.11a2.859,2.859,0,0,0,4.044,0L35.21,76.669A2.859,2.859,0,0,0,35.21,72.626Z\" transform=\"translate(0.001 -71.788)\" fill=\"#fff\"><\/path><\/g><\/g><\/svg>\t\t\t\t\t\t<\/span>\n\t\t\t\t\t\t\t\t\t\t<span class=\"elementor-icon-list-text\">Nous cr\u00e9ons <strong>de nouveaux concepts cr\u00e9atifs <\/strong> nous adaptons les maquettes existantes.<\/span>\n\t\t\t\t\t\t\t\t\t<\/li>\n\t\t\t\t\t\t\t\t<li class=\"elementor-icon-list-item\">\n\t\t\t\t\t\t\t\t\t\t\t<span class=\"elementor-icon-list-icon\">\n\t\t\t\t\t\t\t<svg xmlns=\"http:\/\/www.w3.org\/2000\/svg\" width=\"36.048\" height=\"25.939\" viewbox=\"0 0 36.048 25.939\"><g id=\"check\" transform=\"translate(0 -71.788)\"><g id=\"Group_713\" data-name=\"Group 713\" transform=\"translate(-0.001 71.788)\"><path id=\"Path_988\" data-name=\"Path 988\" d=\"M35.21,72.626a2.859,2.859,0,0,0-4.043,0l-18.2,18.2L4.881,82.736A2.86,2.86,0,0,0,.837,86.78l10.11,10.11a2.859,2.859,0,0,0,4.044,0L35.21,76.669A2.859,2.859,0,0,0,35.21,72.626Z\" transform=\"translate(0.001 -71.788)\" fill=\"#fff\"><\/path><\/g><\/g><\/svg>\t\t\t\t\t\t<\/span>\n\t\t\t\t\t\t\t\t\t\t<span class=\"elementor-icon-list-text\"><strong>\tVotre pack tranquillit\u00e9 dans une offre tout-en-un: <\/strong> nous assurons le conseil, la conception et la mise en \u0153uvre de vos projets.<\/span>\n\t\t\t\t\t\t\t\t\t<\/li>\n\t\t\t\t\t\t<\/ul>\n\t\t\t\t\t\t<\/div>\n\t\t\t\t<\/div>\n\t\t\t\t\t<\/div>\n\t\t<\/div>\n\t\t\t\t\t<\/div>\n\t\t<\/section>\n\t\t<div class=\"elementor-element elementor-element-8dc31ff e-flex e-con-boxed e-con e-parent\" data-id=\"8dc31ff\" data-element_type=\"container\" data-e-type=\"container\">\n\t\t\t\t\t<div class=\"e-con-inner\">\n\t\t<div class=\"elementor-element elementor-element-5572e72 hover-class e-con-full e-flex e-con e-child\" data-id=\"5572e72\" data-element_type=\"container\" data-e-type=\"container\">\n\t\t\t\t<div class=\"elementor-element elementor-element-ab0f30e elementor-widget elementor-widget-image\" data-id=\"ab0f30e\" data-element_type=\"widget\" data-e-type=\"widget\" data-widget_type=\"image.default\">\n\t\t\t\t<div class=\"elementor-widget-container\">\n\t\t\t\t\t\t\t\t\t\t\t\t\t\t\t<img fetchpriority=\"high\" decoding=\"async\" width=\"500\" height=\"500\" src=\"https:\/\/remundag.ch\/wp-content\/uploads\/2023\/03\/71.png\" class=\"attachment-large size-large wp-image-2085\" alt=\"\" srcset=\"https:\/\/remundag.ch\/wp-content\/uploads\/2023\/03\/71.png 500w, https:\/\/remundag.ch\/wp-content\/uploads\/2023\/03\/71-300x300.png 300w, https:\/\/remundag.ch\/wp-content\/uploads\/2023\/03\/71-150x150.png 150w\" sizes=\"(max-width: 500px) 100vw, 500px\" \/>\t\t\t\t\t\t\t\t\t\t\t\t\t\t\t<\/div>\n\t\t\t\t<\/div>\n\t\t\t\t<div class=\"elementor-element elementor-element-b252b09 elementor-widget elementor-widget-heading\" data-id=\"b252b09\" data-element_type=\"widget\" data-e-type=\"widget\" data-widget_type=\"heading.default\">\n\t\t\t\t<div class=\"elementor-widget-container\">\n\t\t\t\t\t<div class=\"elementor-heading-title elementor-size-default\">Plus de 30 ann\u00e9es d'exp\u00e9rience dans la r\u00e9alisation publicitaire<\/div>\t\t\t\t<\/div>\n\t\t\t\t<\/div>\n\t\t\t\t<\/div>\n\t\t<div class=\"elementor-element elementor-element-df51598 hover-class e-con-full e-flex e-con e-child\" data-id=\"df51598\" data-element_type=\"container\" data-e-type=\"container\">\n\t\t\t\t<div class=\"elementor-element elementor-element-f590913 elementor-widget elementor-widget-image\" data-id=\"f590913\" data-element_type=\"widget\" data-e-type=\"widget\" data-widget_type=\"image.default\">\n\t\t\t\t<div class=\"elementor-widget-container\">\n\t\t\t\t\t\t\t\t\t\t\t\t\t\t\t<img decoding=\"async\" width=\"500\" height=\"500\" src=\"https:\/\/remundag.ch\/wp-content\/uploads\/2023\/03\/72.png\" class=\"attachment-large size-large wp-image-2086\" alt=\"\" srcset=\"https:\/\/remundag.ch\/wp-content\/uploads\/2023\/03\/72.png 500w, https:\/\/remundag.ch\/wp-content\/uploads\/2023\/03\/72-300x300.png 300w, https:\/\/remundag.ch\/wp-content\/uploads\/2023\/03\/72-150x150.png 150w\" sizes=\"(max-width: 500px) 100vw, 500px\" \/>\t\t\t\t\t\t\t\t\t\t\t\t\t\t\t<\/div>\n\t\t\t\t<\/div>\n\t\t\t\t<div class=\"elementor-element elementor-element-2e2c6c0 elementor-widget elementor-widget-heading\" data-id=\"2e2c6c0\" data-element_type=\"widget\" data-e-type=\"widget\" data-widget_type=\"heading.default\">\n\t\t\t\t<div class=\"elementor-widget-container\">\n\t\t\t\t\t<div class=\"elementor-heading-title elementor-size-default\">Infrastructure vaste et moderne<\/div>\t\t\t\t<\/div>\n\t\t\t\t<\/div>\n\t\t\t\t<\/div>\n\t\t<div class=\"elementor-element elementor-element-7776195 hover-class e-con-full e-flex e-con e-child\" data-id=\"7776195\" data-element_type=\"container\" data-e-type=\"container\">\n\t\t\t\t<div class=\"elementor-element elementor-element-059edab elementor-widget elementor-widget-image\" data-id=\"059edab\" data-element_type=\"widget\" data-e-type=\"widget\" data-widget_type=\"image.default\">\n\t\t\t\t<div class=\"elementor-widget-container\">\n\t\t\t\t\t\t\t\t\t\t\t\t\t\t\t<img decoding=\"async\" width=\"500\" height=\"500\" src=\"https:\/\/remundag.ch\/wp-content\/uploads\/2023\/03\/73.png\" class=\"attachment-large size-large wp-image-2087\" alt=\"\" srcset=\"https:\/\/remundag.ch\/wp-content\/uploads\/2023\/03\/73.png 500w, https:\/\/remundag.ch\/wp-content\/uploads\/2023\/03\/73-300x300.png 300w, https:\/\/remundag.ch\/wp-content\/uploads\/2023\/03\/73-150x150.png 150w\" sizes=\"(max-width: 500px) 100vw, 500px\" \/>\t\t\t\t\t\t\t\t\t\t\t\t\t\t\t<\/div>\n\t\t\t\t<\/div>\n\t\t\t\t<div class=\"elementor-element elementor-element-45e0ce6 elementor-widget elementor-widget-heading\" data-id=\"45e0ce6\" data-element_type=\"widget\" data-e-type=\"widget\" data-widget_type=\"heading.default\">\n\t\t\t\t<div class=\"elementor-widget-container\">\n\t\t\t\t\t<div class=\"elementor-heading-title elementor-size-default\">Plus de 2'500 marquages r\u00e9alis\u00e9s chaque ann\u00e9e <\/div>\t\t\t\t<\/div>\n\t\t\t\t<\/div>\n\t\t\t\t<\/div>\n\t\t<div class=\"elementor-element elementor-element-3416e4e hover-class e-con-full e-flex e-con e-child\" data-id=\"3416e4e\" data-element_type=\"container\" data-e-type=\"container\">\n\t\t\t\t<div class=\"elementor-element elementor-element-6baab63 elementor-widget elementor-widget-image\" data-id=\"6baab63\" data-element_type=\"widget\" data-e-type=\"widget\" data-widget_type=\"image.default\">\n\t\t\t\t<div class=\"elementor-widget-container\">\n\t\t\t\t\t\t\t\t\t\t\t\t\t\t\t<img loading=\"lazy\" decoding=\"async\" width=\"500\" height=\"500\" src=\"https:\/\/remundag.ch\/wp-content\/uploads\/2023\/03\/70.png\" class=\"attachment-large size-large wp-image-2084\" alt=\"\" srcset=\"https:\/\/remundag.ch\/wp-content\/uploads\/2023\/03\/70.png 500w, https:\/\/remundag.ch\/wp-content\/uploads\/2023\/03\/70-300x300.png 300w, https:\/\/remundag.ch\/wp-content\/uploads\/2023\/03\/70-150x150.png 150w\" sizes=\"(max-width: 500px) 100vw, 500px\" \/>\t\t\t\t\t\t\t\t\t\t\t\t\t\t\t<\/div>\n\t\t\t\t<\/div>\n\t\t\t\t<div class=\"elementor-element elementor-element-8d9fd9a elementor-widget elementor-widget-heading\" data-id=\"8d9fd9a\" data-element_type=\"widget\" data-e-type=\"widget\" data-widget_type=\"heading.default\">\n\t\t\t\t<div class=\"elementor-widget-container\">\n\t\t\t\t\t<div class=\"elementor-heading-title elementor-size-default\">Collaborateurs parfaitement form\u00e9s<\/div>\t\t\t\t<\/div>\n\t\t\t\t<\/div>\n\t\t\t\t<\/div>\n\t\t\t\t\t<\/div>\n\t\t\t\t<\/div>\n\t\t<div class=\"elementor-element elementor-element-6dd6043 e-con-full e-flex e-con e-parent\" data-id=\"6dd6043\" data-element_type=\"container\" data-e-type=\"container\">\n\t\t<div class=\"elementor-element elementor-element-fbb2a3e e-flex e-con-boxed e-con e-child\" data-id=\"fbb2a3e\" data-element_type=\"container\" data-e-type=\"container\">\n\t\t\t\t\t<div class=\"e-con-inner\">\n\t\t\t\t<div class=\"elementor-element elementor-element-2cfb857 elementor-widget__width-inherit elementor-widget elementor-widget-heading\" data-id=\"2cfb857\" data-element_type=\"widget\" data-e-type=\"widget\" data-widget_type=\"heading.default\">\n\t\t\t\t<div class=\"elementor-widget-container\">\n\t\t\t\t\t<h2 class=\"elementor-heading-title elementor-size-default\">Autres services<\/h2>\t\t\t\t<\/div>\n\t\t\t\t<\/div>\n\t\t\t\t\t<\/div>\n\t\t\t\t<\/div>\n\t\t<div class=\"elementor-element elementor-element-b1417cc e-con-full e-flex e-con e-child\" data-id=\"b1417cc\" data-element_type=\"container\" data-e-type=\"container\">\n\t\t\t\t<div class=\"elementor-element elementor-element-da2fd28 animated-slow elementor-invisible elementor-widget elementor-widget-image\" data-id=\"da2fd28\" data-element_type=\"widget\" data-e-type=\"widget\" data-settings=\"{&quot;_animation&quot;:&quot;fadeIn&quot;}\" data-widget_type=\"image.default\">\n\t\t\t\t<div class=\"elementor-widget-container\">\n\t\t\t\t\t\t\t\t\t\t\t\t<figure class=\"wp-caption\">\n\t\t\t\t\t\t\t\t\t\t\t<a href=\"https:\/\/remundag.ch\/fr\/werbetechnik\/fahrzeugbeschriftung\/\">\n\t\t\t\t\t\t\t<img loading=\"lazy\" decoding=\"async\" width=\"500\" height=\"500\" src=\"https:\/\/remundag.ch\/wp-content\/uploads\/2023\/01\/card_11.jpg\" class=\"attachment-large size-large wp-image-837\" alt=\"Remund Werbetechnik Folierung\" srcset=\"https:\/\/remundag.ch\/wp-content\/uploads\/2023\/01\/card_11.jpg 500w, https:\/\/remundag.ch\/wp-content\/uploads\/2023\/01\/card_11-300x300.jpg 300w, https:\/\/remundag.ch\/wp-content\/uploads\/2023\/01\/card_11-150x150.jpg 150w\" sizes=\"(max-width: 500px) 100vw, 500px\" \/>\t\t\t\t\t\t\t\t<\/a>\n\t\t\t\t\t\t\t\t\t\t\t<figcaption class=\"widget-image-caption wp-caption-text\"><\/figcaption>\n\t\t\t\t\t\t\t\t\t\t<\/figure>\n\t\t\t\t\t\t\t\t\t<\/div>\n\t\t\t\t<\/div>\n\t\t\t\t<div class=\"elementor-element elementor-element-e269c51 elementor-widget__width-auto elementor-absolute elementor-widget elementor-widget-heading\" data-id=\"e269c51\" data-element_type=\"widget\" data-e-type=\"widget\" data-settings=\"{&quot;_position&quot;:&quot;absolute&quot;}\" data-widget_type=\"heading.default\">\n\t\t\t\t<div class=\"elementor-widget-container\">\n\t\t\t\t\t<div class=\"elementor-heading-title elementor-size-default\"><a href=\"https:\/\/remundag.ch\/fr\/werbetechnik\/fahrzeugbeschriftung\/\">Marquages v\u00e9hicules<\/a><\/div>\t\t\t\t<\/div>\n\t\t\t\t<\/div>\n\t\t\t\t<\/div>\n\t\t<div class=\"elementor-element elementor-element-f6bd699 e-con-full e-flex e-con e-child\" data-id=\"f6bd699\" data-element_type=\"container\" data-e-type=\"container\">\n\t\t\t\t<div class=\"elementor-element elementor-element-845f812 animated-slow elementor-invisible elementor-widget elementor-widget-image\" data-id=\"845f812\" data-element_type=\"widget\" data-e-type=\"widget\" data-settings=\"{&quot;_animation&quot;:&quot;fadeIn&quot;}\" data-widget_type=\"image.default\">\n\t\t\t\t<div class=\"elementor-widget-container\">\n\t\t\t\t\t\t\t\t\t\t\t\t<figure class=\"wp-caption\">\n\t\t\t\t\t\t\t\t\t\t\t<a href=\"https:\/\/remundag.ch\/fr\/werbetechnik\/signaletik-aussen-innen-beschriftung\/\">\n\t\t\t\t\t\t\t<img decoding=\"async\" src=\"https:\/\/remundag.ch\/wp-content\/uploads\/elementor\/thumbs\/Forst-Galm-min-qa1ah5qdx1k9strc8o7x8v97piuowo10gsi6c8dvgo.jpg\" title=\"Remund Werbetechnik Beschriftung &#8211; Geb\u00e4ude &#8211; Forst Galm\" alt=\"Remund Werbetechnik Beschriftung - Geb\u00e4ude - Forst Galm\" loading=\"lazy\" \/>\t\t\t\t\t\t\t\t<\/a>\n\t\t\t\t\t\t\t\t\t\t\t<figcaption class=\"widget-image-caption wp-caption-text\"><\/figcaption>\n\t\t\t\t\t\t\t\t\t\t<\/figure>\n\t\t\t\t\t\t\t\t\t<\/div>\n\t\t\t\t<\/div>\n\t\t\t\t<div class=\"elementor-element elementor-element-f4605f0 elementor-widget__width-auto elementor-absolute elementor-widget elementor-widget-heading\" data-id=\"f4605f0\" data-element_type=\"widget\" data-e-type=\"widget\" data-settings=\"{&quot;_position&quot;:&quot;absolute&quot;}\" data-widget_type=\"heading.default\">\n\t\t\t\t<div class=\"elementor-widget-container\">\n\t\t\t\t\t<div class=\"elementor-heading-title elementor-size-default\"><a href=\"https:\/\/remundag.ch\/fr\/werbetechnik\/signaletik-aussen-innen-beschriftung\/\">Marquage de b\u00e2timents et signal\u00e9tique<\/a><\/div>\t\t\t\t<\/div>\n\t\t\t\t<\/div>\n\t\t\t\t<\/div>\n\t\t<div class=\"elementor-element elementor-element-058c492 e-con-full e-flex e-con e-child\" data-id=\"058c492\" data-element_type=\"container\" data-e-type=\"container\">\n\t\t\t\t<div class=\"elementor-element elementor-element-9b73cf9 animated-slow elementor-invisible elementor-widget elementor-widget-image\" data-id=\"9b73cf9\" data-element_type=\"widget\" data-e-type=\"widget\" data-settings=\"{&quot;_animation&quot;:&quot;fadeIn&quot;}\" data-widget_type=\"image.default\">\n\t\t\t\t<div class=\"elementor-widget-container\">\n\t\t\t\t\t\t\t\t\t\t\t\t<figure class=\"wp-caption\">\n\t\t\t\t\t\t\t\t\t\t\t<a href=\"https:\/\/remundag.ch\/fr\/werbetechnik\/textildruck\/\">\n\t\t\t\t\t\t\t<img loading=\"lazy\" decoding=\"async\" width=\"500\" height=\"500\" src=\"https:\/\/remundag.ch\/wp-content\/uploads\/2023\/05\/Tasche_500.jpg\" class=\"attachment-large size-large wp-image-2121\" alt=\"Remund Werbetechnik Beschriftung - Textil Druck - Taschen\" srcset=\"https:\/\/remundag.ch\/wp-content\/uploads\/2023\/05\/Tasche_500.jpg 500w, https:\/\/remundag.ch\/wp-content\/uploads\/2023\/05\/Tasche_500-300x300.jpg 300w, https:\/\/remundag.ch\/wp-content\/uploads\/2023\/05\/Tasche_500-150x150.jpg 150w\" sizes=\"(max-width: 500px) 100vw, 500px\" \/>\t\t\t\t\t\t\t\t<\/a>\n\t\t\t\t\t\t\t\t\t\t\t<figcaption class=\"widget-image-caption wp-caption-text\"><\/figcaption>\n\t\t\t\t\t\t\t\t\t\t<\/figure>\n\t\t\t\t\t\t\t\t\t<\/div>\n\t\t\t\t<\/div>\n\t\t\t\t<div class=\"elementor-element elementor-element-7742f3d elementor-widget__width-auto elementor-absolute elementor-widget elementor-widget-heading\" data-id=\"7742f3d\" data-element_type=\"widget\" data-e-type=\"widget\" data-settings=\"{&quot;_position&quot;:&quot;absolute&quot;}\" data-widget_type=\"heading.default\">\n\t\t\t\t<div class=\"elementor-widget-container\">\n\t\t\t\t\t<div class=\"elementor-heading-title elementor-size-default\"><a href=\"https:\/\/remundag.ch\/fr\/werbetechnik\/textildruck\/\">Impression textile<\/a><\/div>\t\t\t\t<\/div>\n\t\t\t\t<\/div>\n\t\t\t\t<\/div>\n\t\t<div class=\"elementor-element elementor-element-274c8d4 e-con-full e-flex e-con e-child\" data-id=\"274c8d4\" data-element_type=\"container\" data-e-type=\"container\">\n\t\t\t\t<div class=\"elementor-element elementor-element-5da2e75 animated-slow elementor-invisible elementor-widget elementor-widget-image\" data-id=\"5da2e75\" data-element_type=\"widget\" data-e-type=\"widget\" data-settings=\"{&quot;_animation&quot;:&quot;fadeIn&quot;}\" data-widget_type=\"image.default\">\n\t\t\t\t<div class=\"elementor-widget-container\">\n\t\t\t\t\t\t\t\t\t\t\t\t<figure class=\"wp-caption\">\n\t\t\t\t\t\t\t\t\t\t\t<a href=\"https:\/\/remundag.ch\/fr\/carrosserie\/\">\n\t\t\t\t\t\t\t<img decoding=\"async\" src=\"https:\/\/remundag.ch\/wp-content\/uploads\/elementor\/thumbs\/Website-Header-1920-\u00d7-1080-px-7-qa1ah4sjq7izh7spe5taodhr44zboyxa4nuouyf9mw.jpg\" title=\"reparatur-blech-unfallschaden-personenwagen\" alt=\"reparatur-blech-unfallschaden-personenwagen\" loading=\"lazy\" \/>\t\t\t\t\t\t\t\t<\/a>\n\t\t\t\t\t\t\t\t\t\t\t<figcaption class=\"widget-image-caption wp-caption-text\"><\/figcaption>\n\t\t\t\t\t\t\t\t\t\t<\/figure>\n\t\t\t\t\t\t\t\t\t<\/div>\n\t\t\t\t<\/div>\n\t\t\t\t<div class=\"elementor-element elementor-element-c304157 elementor-widget__width-auto elementor-absolute elementor-widget elementor-widget-heading\" data-id=\"c304157\" data-element_type=\"widget\" data-e-type=\"widget\" data-settings=\"{&quot;_position&quot;:&quot;absolute&quot;}\" data-widget_type=\"heading.default\">\n\t\t\t\t<div class=\"elementor-widget-container\">\n\t\t\t\t\t<div class=\"elementor-heading-title elementor-size-default\"><a href=\"https:\/\/remundag.ch\/fr\/carrosserie\/\">Carrosserie<\/a><\/div>\t\t\t\t<\/div>\n\t\t\t\t<\/div>\n\t\t\t\t<\/div>\n\t\t\t\t<\/div>\n\t\t\t\t<\/div>","protected":false},"excerpt":{"rendered":"<p>Wo Ideen kreativ umgesetzt werden. Heben Sie sich aus der Masse hervor. Ob auf der Strasse, bei Ihnen im Haus, am Messestand oder auf Druckerzeugnissen. Mit uns haben Sie einen Partner f\u00fcr alles: Wir beraten Sie, entwickeln das Layout und produzieren und applizieren es. Unsere professionellen Grafikerinnen und Grafiker erarbeiten im Designstudio kreative Ideen f\u00fcr [&hellip;]<\/p>\n","protected":false},"author":2,"featured_media":0,"parent":219,"menu_order":0,"comment_status":"closed","ping_status":"closed","template":"","meta":{"om_disable_all_campaigns":false,"inline_featured_image":false,"_uf_show_specific_survey":0,"_uf_disable_surveys":false,"footnotes":""},"class_list":["post-321","page","type-page","status-publish","hentry"],"_links":{"self":[{"href":"https:\/\/remundag.ch\/fr\/wp-json\/wp\/v2\/pages\/321","targetHints":{"allow":["GET"]}}],"collection":[{"href":"https:\/\/remundag.ch\/fr\/wp-json\/wp\/v2\/pages"}],"about":[{"href":"https:\/\/remundag.ch\/fr\/wp-json\/wp\/v2\/types\/page"}],"author":[{"embeddable":true,"href":"https:\/\/remundag.ch\/fr\/wp-json\/wp\/v2\/users\/2"}],"replies":[{"embeddable":true,"href":"https:\/\/remundag.ch\/fr\/wp-json\/wp\/v2\/comments?post=321"}],"version-history":[{"count":127,"href":"https:\/\/remundag.ch\/fr\/wp-json\/wp\/v2\/pages\/321\/revisions"}],"predecessor-version":[{"id":14687,"href":"https:\/\/remundag.ch\/fr\/wp-json\/wp\/v2\/pages\/321\/revisions\/14687"}],"up":[{"embeddable":true,"href":"https:\/\/remundag.ch\/fr\/wp-json\/wp\/v2\/pages\/219"}],"wp:attachment":[{"href":"https:\/\/remundag.ch\/fr\/wp-json\/wp\/v2\/media?parent=321"}],"curies":[{"name":"wp","href":"https:\/\/api.w.org\/{rel}","templated":true}]}}