{"id":294,"date":"2023-01-09T15:21:14","date_gmt":"2023-01-09T15:21:14","guid":{"rendered":"https:\/\/remundag.ch\/?page_id=294"},"modified":"2025-07-18T10:19:24","modified_gmt":"2025-07-18T08:19:24","slug":"spezialfahrzeuge","status":"publish","type":"page","link":"https:\/\/remundag.ch\/fr\/spezialfahrzeuge\/","title":{"rendered":"CA \u00dcbersichtsseite Spezialfahrzeuge"},"content":{"rendered":"<div data-elementor-type=\"wp-page\" data-elementor-id=\"294\" class=\"elementor elementor-294\" data-elementor-post-type=\"page\">\n\t\t\t\t\t\t<section class=\"elementor-section elementor-top-section elementor-element elementor-element-7b2e1d6b elementor-section-full_width elementor-section-height-default elementor-section-height-default\" data-id=\"7b2e1d6b\" data-element_type=\"section\" data-e-type=\"section\">\n\t\t\t\t\t\t<div class=\"elementor-container elementor-column-gap-no\">\n\t\t\t\t\t<div class=\"elementor-column elementor-col-100 elementor-top-column elementor-element elementor-element-1b22b2dc\" data-id=\"1b22b2dc\" data-element_type=\"column\" data-e-type=\"column\">\n\t\t\t<div class=\"elementor-widget-wrap elementor-element-populated\">\n\t\t\t\t\t\t<div class=\"elementor-element elementor-element-34b90e46 elementor--h-position-center elementor--v-position-middle elementor-pagination-position-inside elementor-widget elementor-widget-slides\" data-id=\"34b90e46\" data-element_type=\"widget\" data-e-type=\"widget\" data-settings=\"{&quot;navigation&quot;:&quot;dots&quot;,&quot;transition&quot;:&quot;fade&quot;,&quot;autoplay_speed&quot;:3000,&quot;autoplay&quot;:&quot;yes&quot;,&quot;pause_on_hover&quot;:&quot;yes&quot;,&quot;pause_on_interaction&quot;:&quot;yes&quot;,&quot;infinite&quot;:&quot;yes&quot;,&quot;transition_speed&quot;:500}\" data-widget_type=\"slides.default\">\n\t\t\t\t<div class=\"elementor-widget-container\">\n\t\t\t\t\t\t\t\t\t<div class=\"elementor-swiper\">\n\t\t\t\t\t<div class=\"elementor-slides-wrapper elementor-main-swiper swiper\" role=\"region\" aria-roledescription=\"carousel\" aria-label=\"Slider\" dir=\"ltr\" data-animation=\"fadeInUp\">\n\t\t\t\t<div class=\"swiper-wrapper elementor-slides\">\n\t\t\t\t\t\t\t\t\t\t<div class=\"elementor-repeater-item-cce75fb swiper-slide\" role=\"group\" aria-roledescription=\"slide\"><div class=\"swiper-slide-bg\" role=\"img\" aria-label=\"Remund Werbetechnik Beschriftung - Spezialfahrzeuge - Swiss Helicopter\"><\/div><div class=\"swiper-slide-inner\" ><div class=\"swiper-slide-contents\"><\/div><\/div><\/div><div class=\"elementor-repeater-item-02ba64c swiper-slide\" role=\"group\" aria-roledescription=\"slide\"><div class=\"swiper-slide-bg\" role=\"img\" aria-label=\"Remund Werbetechnik - Hauptgeb\u00e4ude\"><\/div><div class=\"swiper-slide-inner\" ><div class=\"swiper-slide-contents\"><\/div><\/div><\/div><div class=\"elementor-repeater-item-e0096e0 swiper-slide\" role=\"group\" aria-roledescription=\"slide\"><div class=\"swiper-slide-bg\" role=\"img\" aria-label=\"Remund Werbetechnik Beschriftung - Boot\"><\/div><div class=\"swiper-slide-inner\" ><div class=\"swiper-slide-contents\"><\/div><\/div><\/div>\t\t\t\t<\/div>\n\t\t\t\t\t\t\t\t\t\t\t\t\t\t\t\t\t\t\t\t<div class=\"swiper-pagination\"><\/div>\n\t\t\t\t\t\t\t\t\t\t\t\t<\/div>\n\t\t\t\t<\/div>\n\t\t\t\t\t\t\t\t<\/div>\n\t\t\t\t<\/div>\n\t\t\t\t\t<\/div>\n\t\t<\/div>\n\t\t\t\t\t<\/div>\n\t\t<\/section>\n\t\t\t\t<section class=\"elementor-section elementor-top-section elementor-element elementor-element-fdd0b7c elementor-section-boxed elementor-section-height-default elementor-section-height-default\" data-id=\"fdd0b7c\" data-element_type=\"section\" data-e-type=\"section\">\n\t\t\t\t\t\t<div class=\"elementor-container elementor-column-gap-default\">\n\t\t\t\t\t<div class=\"elementor-column elementor-col-100 elementor-top-column elementor-element elementor-element-fd89150\" data-id=\"fd89150\" data-element_type=\"column\" data-e-type=\"column\">\n\t\t\t<div class=\"elementor-widget-wrap elementor-element-populated\">\n\t\t\t\t\t\t<div class=\"elementor-element elementor-element-65c8eec elementor-widget elementor-widget-heading\" data-id=\"65c8eec\" data-element_type=\"widget\" data-e-type=\"widget\" data-widget_type=\"heading.default\">\n\t\t\t\t<div class=\"elementor-widget-container\">\n\t\t\t\t\t<h1 class=\"elementor-heading-title elementor-size-default\">H\u00e9licopt\u00e8re ou pelleteuse?<\/h1>\t\t\t\t<\/div>\n\t\t\t\t<\/div>\n\t\t\t\t<div class=\"elementor-element elementor-element-8f1a342 elementor-widget elementor-widget-heading\" data-id=\"8f1a342\" data-element_type=\"widget\" data-e-type=\"widget\" data-widget_type=\"heading.default\">\n\t\t\t\t<div class=\"elementor-widget-container\">\n\t\t\t\t\t<h2 class=\"elementor-heading-title elementor-size-default\">Nous sommes votre partenaire pour les v\u00e9hicules sp\u00e9ciaux!<\/h2>\t\t\t\t<\/div>\n\t\t\t\t<\/div>\n\t\t\t\t<div class=\"elementor-element elementor-element-79a70d2 elementor-widget elementor-widget-text-editor\" data-id=\"79a70d2\" data-element_type=\"widget\" data-e-type=\"widget\" data-widget_type=\"text-editor.default\">\n\t\t\t\t<div class=\"elementor-widget-container\">\n\t\t\t\t\t\t\t\t\t<p>Professionnels reconnus partout en Suisse pour nos comp\u00e9tences en peinture de carrosserie, nous sommes votre interlocuteur privil\u00e9gi\u00e9 pour toutes vos demandes sp\u00e9cifiques. H\u00e9licopt\u00e8re, pelleteuse ou autre v\u00e9hicule plus atypique encore: notre personnel sp\u00e9cialis\u00e9 saura lui donner tout l\u2019\u00e9clat qu\u2019il m\u00e9rite.<\/p><p>Qu\u2019il s\u2019agisse de repeindre enti\u00e8rement votre v\u00e9hicule, d\u2019une peinture neuve ou de design graphique, nos sp\u00e9cialistes de la peinture sauront exaucer tous vos souhaits. Gr\u00e2ce \u00e0 notre proc\u00e9d\u00e9 de peinture \u00e0 une ou deux couches, le r\u00e9sultat correspond parfaitement \u00e0 vos d\u00e9sirs. Pour que votre v\u00e9hicule soit unique et reconnaissable entre tous, notre studio de design est \u00e0 votre disposition et fourmille d\u2019id\u00e9es pour tous vos projets.<\/p><p>Gr\u00e2ce \u00e0 la collaboration exclusive de nos professionnels de la peinture et du marquage, vos r\u00eaves et vos envies n\u2019ont plus aucune limite.<\/p>\t\t\t\t\t\t\t\t<\/div>\n\t\t\t\t<\/div>\n\t\t\t\t\t<\/div>\n\t\t<\/div>\n\t\t\t\t\t<\/div>\n\t\t<\/section>\n\t\t\t\t<section class=\"elementor-section elementor-top-section elementor-element elementor-element-39449df elementor-section-boxed elementor-section-height-default elementor-section-height-default\" data-id=\"39449df\" data-element_type=\"section\" data-e-type=\"section\">\n\t\t\t\t\t\t<div class=\"elementor-container elementor-column-gap-default\">\n\t\t\t\t\t<div class=\"elementor-column elementor-col-100 elementor-top-column elementor-element elementor-element-2e423f5\" data-id=\"2e423f5\" data-element_type=\"column\" data-e-type=\"column\">\n\t\t\t<div class=\"elementor-widget-wrap elementor-element-populated\">\n\t\t\t\t\t\t<div class=\"elementor-element elementor-element-850ab52 elementor-widget elementor-widget-button\" data-id=\"850ab52\" data-element_type=\"widget\" data-e-type=\"widget\" data-widget_type=\"button.default\">\n\t\t\t\t<div class=\"elementor-widget-container\">\n\t\t\t\t\t\t\t\t\t<div class=\"elementor-button-wrapper\">\n\t\t\t\t\t<a class=\"elementor-button elementor-button-link elementor-size-sm\" href=\"https:\/\/remundag.ch\/fr\/beratung-anfordern\/\">\n\t\t\t\t\t\t<span class=\"elementor-button-content-wrapper\">\n\t\t\t\t\t\t\t\t\t<span class=\"elementor-button-text\">Prendre rendez-vous<\/span>\n\t\t\t\t\t<\/span>\n\t\t\t\t\t<\/a>\n\t\t\t\t<\/div>\n\t\t\t\t\t\t\t\t<\/div>\n\t\t\t\t<\/div>\n\t\t\t\t\t<\/div>\n\t\t<\/div>\n\t\t\t\t\t<\/div>\n\t\t<\/section>\n\t\t<div class=\"elementor-element elementor-element-d457e1f e-con-full e-flex e-con e-parent\" data-id=\"d457e1f\" data-element_type=\"container\" data-e-type=\"container\">\n\t\t<div class=\"elementor-element elementor-element-cbf6756 e-flex e-con-boxed e-con e-child\" data-id=\"cbf6756\" data-element_type=\"container\" data-e-type=\"container\">\n\t\t\t\t\t<div class=\"e-con-inner\">\n\t\t\t\t<div class=\"elementor-element elementor-element-75bb22d elementor-widget__width-inherit elementor-widget elementor-widget-heading\" data-id=\"75bb22d\" data-element_type=\"widget\" data-e-type=\"widget\" data-widget_type=\"heading.default\">\n\t\t\t\t<div class=\"elementor-widget-container\">\n\t\t\t\t\t<h2 class=\"elementor-heading-title elementor-size-default\">Autres services<\/h2>\t\t\t\t<\/div>\n\t\t\t\t<\/div>\n\t\t\t\t\t<\/div>\n\t\t\t\t<\/div>\n\t\t<div class=\"elementor-element elementor-element-2b3a4f8 e-con-full e-flex e-con e-child\" data-id=\"2b3a4f8\" data-element_type=\"container\" data-e-type=\"container\">\n\t\t\t\t<div class=\"elementor-element elementor-element-51d0d52 animated-slow elementor-invisible elementor-widget elementor-widget-image\" data-id=\"51d0d52\" data-element_type=\"widget\" data-e-type=\"widget\" data-settings=\"{&quot;_animation&quot;:&quot;fadeIn&quot;}\" data-widget_type=\"image.default\">\n\t\t\t\t<div class=\"elementor-widget-container\">\n\t\t\t\t\t\t\t\t\t\t\t\t<figure class=\"wp-caption\">\n\t\t\t\t\t\t\t\t\t\t\t<a href=\"https:\/\/remundag.ch\/fr\/carrosserie\/lackierung\/\">\n\t\t\t\t\t\t\t<img fetchpriority=\"high\" decoding=\"async\" width=\"500\" height=\"500\" src=\"https:\/\/remundag.ch\/wp-content\/uploads\/2023\/01\/card_3.jpg\" class=\"attachment-large size-large wp-image-845\" alt=\"\" srcset=\"https:\/\/remundag.ch\/wp-content\/uploads\/2023\/01\/card_3.jpg 500w, https:\/\/remundag.ch\/wp-content\/uploads\/2023\/01\/card_3-300x300.jpg 300w, https:\/\/remundag.ch\/wp-content\/uploads\/2023\/01\/card_3-150x150.jpg 150w\" sizes=\"(max-width: 500px) 100vw, 500px\" \/>\t\t\t\t\t\t\t\t<\/a>\n\t\t\t\t\t\t\t\t\t\t\t<figcaption class=\"widget-image-caption wp-caption-text\"><\/figcaption>\n\t\t\t\t\t\t\t\t\t\t<\/figure>\n\t\t\t\t\t\t\t\t\t<\/div>\n\t\t\t\t<\/div>\n\t\t\t\t<div class=\"elementor-element elementor-element-0dab21b elementor-widget__width-auto elementor-absolute elementor-widget elementor-widget-heading\" data-id=\"0dab21b\" data-element_type=\"widget\" data-e-type=\"widget\" data-settings=\"{&quot;_position&quot;:&quot;absolute&quot;}\" data-widget_type=\"heading.default\">\n\t\t\t\t<div class=\"elementor-widget-container\">\n\t\t\t\t\t<h3 class=\"elementor-heading-title elementor-size-default\"><a href=\"https:\/\/remundag.ch\/fr\/carrosserie\/lackierung\/\">Peinture<\/a><\/h3>\t\t\t\t<\/div>\n\t\t\t\t<\/div>\n\t\t\t\t<\/div>\n\t\t<div class=\"elementor-element elementor-element-57e247d e-con-full e-flex e-con e-child\" data-id=\"57e247d\" data-element_type=\"container\" data-e-type=\"container\">\n\t\t\t\t<div class=\"elementor-element elementor-element-fe0745b animated-slow elementor-invisible elementor-widget elementor-widget-image\" data-id=\"fe0745b\" data-element_type=\"widget\" data-e-type=\"widget\" data-settings=\"{&quot;_animation&quot;:&quot;fadeIn&quot;}\" data-widget_type=\"image.default\">\n\t\t\t\t<div class=\"elementor-widget-container\">\n\t\t\t\t\t\t\t\t\t\t\t\t<figure class=\"wp-caption\">\n\t\t\t\t\t\t\t\t\t\t\t<a href=\"https:\/\/remundag.ch\/fr\/carrosserie\/reparatur-blech-und-unfallschaden\/\">\n\t\t\t\t\t\t\t<img decoding=\"async\" width=\"500\" height=\"500\" src=\"https:\/\/remundag.ch\/wp-content\/uploads\/2023\/01\/card_5.jpg\" class=\"attachment-large size-large wp-image-843\" alt=\"Remund Carrosserie - Reparatur Unfallschaden\" srcset=\"https:\/\/remundag.ch\/wp-content\/uploads\/2023\/01\/card_5.jpg 500w, https:\/\/remundag.ch\/wp-content\/uploads\/2023\/01\/card_5-300x300.jpg 300w, https:\/\/remundag.ch\/wp-content\/uploads\/2023\/01\/card_5-150x150.jpg 150w\" sizes=\"(max-width: 500px) 100vw, 500px\" \/>\t\t\t\t\t\t\t\t<\/a>\n\t\t\t\t\t\t\t\t\t\t\t<figcaption class=\"widget-image-caption wp-caption-text\"><\/figcaption>\n\t\t\t\t\t\t\t\t\t\t<\/figure>\n\t\t\t\t\t\t\t\t\t<\/div>\n\t\t\t\t<\/div>\n\t\t\t\t<div class=\"elementor-element elementor-element-15e2a97 elementor-widget__width-auto elementor-absolute elementor-widget elementor-widget-heading\" data-id=\"15e2a97\" data-element_type=\"widget\" data-e-type=\"widget\" data-settings=\"{&quot;_position&quot;:&quot;absolute&quot;}\" data-widget_type=\"heading.default\">\n\t\t\t\t<div class=\"elementor-widget-container\">\n\t\t\t\t\t<h3 class=\"elementor-heading-title elementor-size-default\"><a href=\"https:\/\/remundag.ch\/fr\/carrosserie\/reparatur-blech-und-unfallschaden\/\">Dommages d'impacts et d'accidents<\/a><\/h3>\t\t\t\t<\/div>\n\t\t\t\t<\/div>\n\t\t\t\t<\/div>\n\t\t<div class=\"elementor-element elementor-element-2aa906c e-con-full e-flex e-con e-child\" data-id=\"2aa906c\" data-element_type=\"container\" data-e-type=\"container\">\n\t\t\t\t<div class=\"elementor-element elementor-element-b446617 animated-slow elementor-invisible elementor-widget elementor-widget-image\" data-id=\"b446617\" data-element_type=\"widget\" data-e-type=\"widget\" data-settings=\"{&quot;_animation&quot;:&quot;fadeIn&quot;}\" data-widget_type=\"image.default\">\n\t\t\t\t<div class=\"elementor-widget-container\">\n\t\t\t\t\t\t\t\t\t\t\t\t<figure class=\"wp-caption\">\n\t\t\t\t\t\t\t\t\t\t\t<a href=\"https:\/\/remundag.ch\/fr\/werbetechnik\/fahrzeugbeschriftung\/\">\n\t\t\t\t\t\t\t<img decoding=\"async\" width=\"500\" height=\"500\" src=\"https:\/\/remundag.ch\/wp-content\/uploads\/2023\/05\/Marktgass-Tram-500-min.jpg\" class=\"attachment-large size-large wp-image-2142\" alt=\"Remund Werbetechnik Beschriftung - Tram - Bern\" srcset=\"https:\/\/remundag.ch\/wp-content\/uploads\/2023\/05\/Marktgass-Tram-500-min.jpg 500w, https:\/\/remundag.ch\/wp-content\/uploads\/2023\/05\/Marktgass-Tram-500-min-300x300.jpg 300w, https:\/\/remundag.ch\/wp-content\/uploads\/2023\/05\/Marktgass-Tram-500-min-150x150.jpg 150w\" sizes=\"(max-width: 500px) 100vw, 500px\" \/>\t\t\t\t\t\t\t\t<\/a>\n\t\t\t\t\t\t\t\t\t\t\t<figcaption class=\"widget-image-caption wp-caption-text\"><\/figcaption>\n\t\t\t\t\t\t\t\t\t\t<\/figure>\n\t\t\t\t\t\t\t\t\t<\/div>\n\t\t\t\t<\/div>\n\t\t\t\t<div class=\"elementor-element elementor-element-c11a8b1 elementor-widget__width-auto elementor-absolute elementor-widget elementor-widget-heading\" data-id=\"c11a8b1\" data-element_type=\"widget\" data-e-type=\"widget\" data-settings=\"{&quot;_position&quot;:&quot;absolute&quot;}\" data-widget_type=\"heading.default\">\n\t\t\t\t<div class=\"elementor-widget-container\">\n\t\t\t\t\t<h3 class=\"elementor-heading-title elementor-size-default\"><a href=\"https:\/\/remundag.ch\/fr\/werbetechnik\/fahrzeugbeschriftung\/\">Marquages v\u00e9hicules<\/a><\/h3>\t\t\t\t<\/div>\n\t\t\t\t<\/div>\n\t\t\t\t<\/div>\n\t\t<div class=\"elementor-element elementor-element-2df236d e-con-full e-flex e-con e-child\" data-id=\"2df236d\" data-element_type=\"container\" data-e-type=\"container\">\n\t\t\t\t<div class=\"elementor-element elementor-element-3932cd4 animated-slow elementor-invisible elementor-widget elementor-widget-image\" data-id=\"3932cd4\" data-element_type=\"widget\" data-e-type=\"widget\" data-settings=\"{&quot;_animation&quot;:&quot;fadeIn&quot;}\" data-widget_type=\"image.default\">\n\t\t\t\t<div class=\"elementor-widget-container\">\n\t\t\t\t\t\t\t\t\t\t\t\t<figure class=\"wp-caption\">\n\t\t\t\t\t\t\t\t\t\t\t<a href=\"https:\/\/remundag.ch\/fr\/werbetechnik\/designstudio\/\">\n\t\t\t\t\t\t\t<img decoding=\"async\" src=\"https:\/\/remundag.ch\/wp-content\/uploads\/elementor\/thumbs\/Grafik-min-qa1ah5qdwlrww0g8u8sqidmj3osm8eprmt43p5cg94.jpg\" title=\"Grafik-min\" alt=\"Grafik-min\" loading=\"lazy\" \/>\t\t\t\t\t\t\t\t<\/a>\n\t\t\t\t\t\t\t\t\t\t\t<figcaption class=\"widget-image-caption wp-caption-text\"><\/figcaption>\n\t\t\t\t\t\t\t\t\t\t<\/figure>\n\t\t\t\t\t\t\t\t\t<\/div>\n\t\t\t\t<\/div>\n\t\t\t\t<div class=\"elementor-element elementor-element-a346e87 elementor-widget__width-auto elementor-absolute elementor-widget elementor-widget-heading\" data-id=\"a346e87\" data-element_type=\"widget\" data-e-type=\"widget\" data-settings=\"{&quot;_position&quot;:&quot;absolute&quot;}\" data-widget_type=\"heading.default\">\n\t\t\t\t<div class=\"elementor-widget-container\">\n\t\t\t\t\t<h3 class=\"elementor-heading-title elementor-size-default\"><a href=\"https:\/\/remundag.ch\/fr\/werbetechnik\/designstudio\/\">Studio de design\n<\/a><\/h3>\t\t\t\t<\/div>\n\t\t\t\t<\/div>\n\t\t\t\t<\/div>\n\t\t\t\t<\/div>\n\t\t\t\t<\/div>","protected":false},"excerpt":{"rendered":"<p>Helikopter oder Bagger? Wir sind Ihr Partner f\u00fcr Spezialfahrzeuge! Als schweizweit bekannter Profi f\u00fcr Lackierarbeiten sind wir Ihr Ansprechpartner f\u00fcr alles Spezielle. Ob Helikopter, Bagger oder etwas noch Ausgefalleneres, unser Fachpersonal verleiht Ihrem Fahrzeug den richtigen Glanz. Sei es eine komplette Umlackierung, eine Neulackierung oder eine Designlackierung, unsere Lackierspezialisten k\u00f6nnen jeden Ihrer W\u00fcnsche wahr werden [&hellip;]<\/p>\n","protected":false},"author":2,"featured_media":0,"parent":0,"menu_order":0,"comment_status":"closed","ping_status":"closed","template":"","meta":{"om_disable_all_campaigns":false,"inline_featured_image":false,"_uf_show_specific_survey":0,"_uf_disable_surveys":false,"footnotes":""},"class_list":["post-294","page","type-page","status-publish","hentry"],"_links":{"self":[{"href":"https:\/\/remundag.ch\/fr\/wp-json\/wp\/v2\/pages\/294","targetHints":{"allow":["GET"]}}],"collection":[{"href":"https:\/\/remundag.ch\/fr\/wp-json\/wp\/v2\/pages"}],"about":[{"href":"https:\/\/remundag.ch\/fr\/wp-json\/wp\/v2\/types\/page"}],"author":[{"embeddable":true,"href":"https:\/\/remundag.ch\/fr\/wp-json\/wp\/v2\/users\/2"}],"replies":[{"embeddable":true,"href":"https:\/\/remundag.ch\/fr\/wp-json\/wp\/v2\/comments?post=294"}],"version-history":[{"count":135,"href":"https:\/\/remundag.ch\/fr\/wp-json\/wp\/v2\/pages\/294\/revisions"}],"predecessor-version":[{"id":14535,"href":"https:\/\/remundag.ch\/fr\/wp-json\/wp\/v2\/pages\/294\/revisions\/14535"}],"wp:attachment":[{"href":"https:\/\/remundag.ch\/fr\/wp-json\/wp\/v2\/media?parent=294"}],"curies":[{"name":"wp","href":"https:\/\/api.w.org\/{rel}","templated":true}]}}