{"id":2876,"date":"2023-05-24T08:17:57","date_gmt":"2023-05-24T08:17:57","guid":{"rendered":"https:\/\/remundag.ch\/?page_id=2876"},"modified":"2026-01-15T11:35:00","modified_gmt":"2026-01-15T10:35:00","slug":"jobs-carrosserie","status":"publish","type":"page","link":"https:\/\/remundag.ch\/fr\/jobs\/jobs-carrosserie\/","title":{"rendered":"Emplois en Carrosserie"},"content":{"rendered":"<div data-elementor-type=\"wp-page\" data-elementor-id=\"2876\" class=\"elementor elementor-2876\" data-elementor-post-type=\"page\">\n\t\t\t\t\t\t<section class=\"elementor-section elementor-top-section elementor-element elementor-element-537ea685 elementor-section-full_width elementor-section-height-default elementor-section-height-default\" data-id=\"537ea685\" data-element_type=\"section\" data-e-type=\"section\">\n\t\t\t\t\t\t<div class=\"elementor-container elementor-column-gap-no\">\n\t\t\t\t\t<div class=\"elementor-column elementor-col-100 elementor-top-column elementor-element elementor-element-19a78f66\" data-id=\"19a78f66\" data-element_type=\"column\" data-e-type=\"column\">\n\t\t\t<div class=\"elementor-widget-wrap elementor-element-populated\">\n\t\t\t\t\t\t<div class=\"elementor-element elementor-element-48a90f57 elementor--h-position-center elementor--v-position-middle elementor-pagination-position-inside elementor-widget elementor-widget-slides\" data-id=\"48a90f57\" data-element_type=\"widget\" data-e-type=\"widget\" data-settings=\"{&quot;navigation&quot;:&quot;dots&quot;,&quot;transition_speed&quot;:0,&quot;_animation&quot;:&quot;none&quot;,&quot;transition&quot;:&quot;slide&quot;}\" data-widget_type=\"slides.default\">\n\t\t\t\t<div class=\"elementor-widget-container\">\n\t\t\t\t\t\t\t\t\t<div class=\"elementor-swiper\">\n\t\t\t\t\t<div class=\"elementor-slides-wrapper elementor-main-swiper swiper\" role=\"region\" aria-roledescription=\"carousel\" aria-label=\"Slider\" dir=\"ltr\" data-animation=\"\">\n\t\t\t\t<div class=\"swiper-wrapper elementor-slides\">\n\t\t\t\t\t\t\t\t\t\t<div class=\"elementor-repeater-item-b700a75 swiper-slide\" role=\"group\" aria-roledescription=\"slide\"><div class=\"swiper-slide-bg elementor-ken-burns elementor-ken-burns--in\" role=\"img\" aria-label=\"Remund Carrosserie - Polieren\"><\/div><div class=\"swiper-slide-inner\" ><div class=\"swiper-slide-contents\"><\/div><\/div><\/div>\t\t\t\t<\/div>\n\t\t\t\t\t\t\t<\/div>\n\t\t\t\t<\/div>\n\t\t\t\t\t\t\t\t<\/div>\n\t\t\t\t<\/div>\n\t\t\t\t\t<\/div>\n\t\t<\/div>\n\t\t\t\t\t<\/div>\n\t\t<\/section>\n\t\t\t\t<section class=\"elementor-section elementor-top-section elementor-element elementor-element-085677c elementor-section-boxed elementor-section-height-default elementor-section-height-default\" data-id=\"085677c\" data-element_type=\"section\" data-e-type=\"section\">\n\t\t\t\t\t\t<div class=\"elementor-container elementor-column-gap-default\">\n\t\t\t\t\t<div class=\"elementor-column elementor-col-100 elementor-top-column elementor-element elementor-element-06c3b4a\" data-id=\"06c3b4a\" data-element_type=\"column\" data-e-type=\"column\">\n\t\t\t<div class=\"elementor-widget-wrap elementor-element-populated\">\n\t\t\t\t\t\t<div class=\"elementor-element elementor-element-6f28b8c elementor-widget elementor-widget-heading\" data-id=\"6f28b8c\" data-element_type=\"widget\" data-e-type=\"widget\" data-widget_type=\"heading.default\">\n\t\t\t\t<div class=\"elementor-widget-container\">\n\t\t\t\t\t<h1 class=\"elementor-heading-title elementor-size-default\">Emplois en Carrosserie<\/h1>\t\t\t\t<\/div>\n\t\t\t\t<\/div>\n\t\t\t\t<div class=\"elementor-element elementor-element-f2bf256 elementor-widget-tablet__width-initial elementor-widget elementor-widget-text-editor\" data-id=\"f2bf256\" data-element_type=\"widget\" data-e-type=\"widget\" data-widget_type=\"text-editor.default\">\n\t\t\t\t<div class=\"elementor-widget-container\">\n\t\t\t\t\t\t\t\t\t<p>Nous sommes une entreprise de carrosserie leader au niveau r\u00e9gional dans le domaine des voitures de tourisme et nous sommes connus dans toute la Suisse comme sp\u00e9cialistes des travaux de carrosserie et de peinture sur les autocars et autres gros v\u00e9hicules. Nous offrons les avantages typiques d'une entreprise familiale : des interlocuteurs capables de prendre des d\u00e9cisions, des temps de r\u00e9action courts et une grande responsabilit\u00e9 personnelle. Avec franchise et passion, nous veillons au succ\u00e8s de notre entreprise et au bien-\u00eatre de notre client\u00e8le et de nos collaborateurs.<\/p><p>Nous recherchons les professionnels suivants, de suite ou \u00e0 convenir. Nous nous r\u00e9jouissons de recevoir une candidature compl\u00e8te par e-mail ou par courrier.<\/p>\t\t\t\t\t\t\t\t<\/div>\n\t\t\t\t<\/div>\n\t\t\t\t\t<\/div>\n\t\t<\/div>\n\t\t\t\t\t<\/div>\n\t\t<\/section>\n\t\t<div class=\"elementor-element elementor-element-436068b e-flex e-con-boxed e-con e-parent\" data-id=\"436068b\" data-element_type=\"container\" data-e-type=\"container\">\n\t\t\t\t\t<div class=\"e-con-inner\">\n\t\t\t\t<div class=\"elementor-element elementor-element-55973b9 elementor-widget elementor-widget-heading\" data-id=\"55973b9\" data-element_type=\"widget\" data-e-type=\"widget\" data-widget_type=\"heading.default\">\n\t\t\t\t<div class=\"elementor-widget-container\">\n\t\t\t\t\t<h2 class=\"elementor-heading-title elementor-size-default\">Carrossi\u00e8re-peintre \/ Carrossier-peintre (60-100%)<\/h2>\t\t\t\t<\/div>\n\t\t\t\t<\/div>\n\t\t\t\t\t<\/div>\n\t\t\t\t<\/div>\n\t\t<div class=\"elementor-element elementor-element-e0f385c e-flex e-con-boxed e-con e-parent\" data-id=\"e0f385c\" data-element_type=\"container\" data-e-type=\"container\">\n\t\t\t\t\t<div class=\"e-con-inner\">\n\t\t\t\t<div class=\"elementor-element elementor-element-7a6df66 elementor-widget elementor-widget-text-editor\" data-id=\"7a6df66\" data-element_type=\"widget\" data-e-type=\"widget\" data-widget_type=\"text-editor.default\">\n\t\t\t\t<div class=\"elementor-widget-container\">\n\t\t\t\t\t\t\t\t\t<p><span style=\"color: #000000;\"><strong>T\u00e2ches:<\/strong><\/span><\/p><ul><li><span style=\"color: #000000;\">R\u00e9alisation de travaux de peinture complets sur des voitures particuli\u00e8res et des v\u00e9hicules utilitaires de diff\u00e9rentes marques<\/span><\/li><li><span style=\"color: #000000;\">D\u00e9montage, peinture et montage de pi\u00e8ces de carrosserie et d'\u00e9quipements suppl\u00e9mentaires<\/span><\/li><\/ul><p>\u00a0<\/p><p><span style=\"color: #000000;\"><strong>Profil<\/strong><\/span><\/p><ul><li><span style=\"color: #000000;\">Vous avez termin\u00e9 votre apprentissage de carrossi\u00e8re-peintre \/ carrossier-peintre CFC<\/span><\/li><li><span style=\"color: #000000;\">De pr\u00e9f\u00e9rence, quelques ann\u00e9es d'exp\u00e9rience professionnelle dans une activit\u00e9 similaire<\/span><\/li><li><span style=\"color: #000000;\">Vous travaillez de mani\u00e8re autonome et pr\u00e9cise<\/span><\/li><li><span style=\"color: #000000;\">Vous avez l'esprit d'\u00e9quipe et le sens des responsabilit\u00e9s<\/span><\/li><\/ul><p>\u00a0<\/p><p><span style=\"color: #000000;\"><strong>Notre offre:<\/strong><\/span><\/p><ul><li><span style=\"color: #000000;\">Des postes de travail modernes avec une infrastructure optimale<\/span><\/li><li><span style=\"color: #000000;\">Des formations continues permanentes et sp\u00e9cifiques et des prestations sociales avanc\u00e9es<\/span><\/li><li><span style=\"color: #000000;\">Travail ind\u00e9pendant avec une grande responsabilit\u00e9 personnelle<\/span><\/li><li><span style=\"color: #000000;\">Un domaine d'activit\u00e9 vari\u00e9 dans un environnement dynamique et passionnant<\/span><\/li><\/ul><p><span style=\"color: #000000;\"><span style=\"text-transform: var( --e-global-typography-text-text-transform );\"><br \/><b>Contact:<br \/><\/b><\/span><span style=\"text-transform: var( --e-global-typography-text-text-transform );\">REMUND CARROSSERIE AG<br \/><\/span><span style=\"text-transform: var( --e-global-typography-text-text-transform );\">Philipp Remund<br \/><\/span><span style=\"text-transform: var( --e-global-typography-text-text-transform );\">Hauptstrasse 57, 3215 B\u00fcchslen<br \/><\/span><span style=\"text-transform: var( --e-global-typography-text-text-transform );\">Tel. 031 754 54 54 \/ <\/span><a style=\"text-transform: var( --e-global-typography-text-text-transform ); background-color: #ffffff; color: #000000;\" href=\"mailto:r.remund@remundag.ch\">ph.remund@remundag.ch<\/a><\/span><\/p>\t\t\t\t\t\t\t\t<\/div>\n\t\t\t\t<\/div>\n\t\t\t\t\t<\/div>\n\t\t\t\t<\/div>\n\t\t\t\t<\/div>","protected":false},"excerpt":{"rendered":"<p>Wir sind ein regional f\u00fchrender Carrosseriebetrieb im Bereich Personenwagen und schweizweit bekannt als Spezialist f\u00fcr Carrosserie- und Lackierarbeiten an Reisebussen und anderen Grossfahrzeugen. Wir bieten die typischen Vorz\u00fcge eines Familienbetriebes: Entscheidungsf\u00e4hige Ansprechpartner, kurze Reaktionszeiten und hohe Eigenverantwortung. Mit Offenheit und Leidenschaft sorgen wir f\u00fcr den Erfolg unseres Unternehmens und das Wohlbefinden unserer Kundschaft sowie unserer [&hellip;]<\/p>\n","protected":false},"author":4,"featured_media":0,"parent":759,"menu_order":0,"comment_status":"closed","ping_status":"closed","template":"","meta":{"om_disable_all_campaigns":false,"inline_featured_image":false,"_uf_show_specific_survey":0,"_uf_disable_surveys":false,"footnotes":""},"class_list":["post-2876","page","type-page","status-publish","hentry"],"_links":{"self":[{"href":"https:\/\/remundag.ch\/fr\/wp-json\/wp\/v2\/pages\/2876","targetHints":{"allow":["GET"]}}],"collection":[{"href":"https:\/\/remundag.ch\/fr\/wp-json\/wp\/v2\/pages"}],"about":[{"href":"https:\/\/remundag.ch\/fr\/wp-json\/wp\/v2\/types\/page"}],"author":[{"embeddable":true,"href":"https:\/\/remundag.ch\/fr\/wp-json\/wp\/v2\/users\/4"}],"replies":[{"embeddable":true,"href":"https:\/\/remundag.ch\/fr\/wp-json\/wp\/v2\/comments?post=2876"}],"version-history":[{"count":187,"href":"https:\/\/remundag.ch\/fr\/wp-json\/wp\/v2\/pages\/2876\/revisions"}],"predecessor-version":[{"id":14852,"href":"https:\/\/remundag.ch\/fr\/wp-json\/wp\/v2\/pages\/2876\/revisions\/14852"}],"up":[{"embeddable":true,"href":"https:\/\/remundag.ch\/fr\/wp-json\/wp\/v2\/pages\/759"}],"wp:attachment":[{"href":"https:\/\/remundag.ch\/fr\/wp-json\/wp\/v2\/media?parent=2876"}],"curies":[{"name":"wp","href":"https:\/\/api.w.org\/{rel}","templated":true}]}}