{"id":2840,"date":"2023-05-24T07:05:01","date_gmt":"2023-05-24T07:05:01","guid":{"rendered":"https:\/\/remundag.ch\/?page_id=2840"},"modified":"2026-04-01T11:11:07","modified_gmt":"2026-04-01T09:11:07","slug":"jobs-remund-werbetechnik","status":"publish","type":"page","link":"https:\/\/remundag.ch\/fr\/jobs\/jobs-remund-werbetechnik\/","title":{"rendered":"Emplois en technique publicitaire"},"content":{"rendered":"<div data-elementor-type=\"wp-page\" data-elementor-id=\"2840\" class=\"elementor elementor-2840\" data-elementor-post-type=\"page\">\n\t\t\t\t\t\t<section class=\"elementor-section elementor-top-section elementor-element elementor-element-48351e65 elementor-section-full_width elementor-section-height-default elementor-section-height-default\" data-id=\"48351e65\" data-element_type=\"section\" data-e-type=\"section\">\n\t\t\t\t\t\t<div class=\"elementor-container elementor-column-gap-no\">\n\t\t\t\t\t<div class=\"elementor-column elementor-col-100 elementor-top-column elementor-element elementor-element-77e3f7b6\" data-id=\"77e3f7b6\" data-element_type=\"column\" data-e-type=\"column\">\n\t\t\t<div class=\"elementor-widget-wrap elementor-element-populated\">\n\t\t\t\t\t\t<div class=\"elementor-element elementor-element-2c91a9ca elementor--h-position-center elementor--v-position-middle elementor-pagination-position-inside elementor-widget elementor-widget-slides\" data-id=\"2c91a9ca\" data-element_type=\"widget\" data-e-type=\"widget\" data-settings=\"{&quot;navigation&quot;:&quot;dots&quot;,&quot;transition&quot;:&quot;fade&quot;,&quot;autoplay_speed&quot;:3000,&quot;autoplay&quot;:&quot;yes&quot;,&quot;pause_on_hover&quot;:&quot;yes&quot;,&quot;pause_on_interaction&quot;:&quot;yes&quot;,&quot;infinite&quot;:&quot;yes&quot;,&quot;transition_speed&quot;:500}\" data-widget_type=\"slides.default\">\n\t\t\t\t<div class=\"elementor-widget-container\">\n\t\t\t\t\t\t\t\t\t<div class=\"elementor-swiper\">\n\t\t\t\t\t<div class=\"elementor-slides-wrapper elementor-main-swiper swiper\" role=\"region\" aria-roledescription=\"carousel\" aria-label=\"Slider\" dir=\"ltr\" data-animation=\"fadeInUp\">\n\t\t\t\t<div class=\"swiper-wrapper elementor-slides\">\n\t\t\t\t\t\t\t\t\t\t<div class=\"elementor-repeater-item-b700a75 swiper-slide\" role=\"group\" aria-roledescription=\"slide\"><div class=\"swiper-slide-bg elementor-ken-burns elementor-ken-burns--in\" role=\"img\" aria-label=\"Fahrzeugbeschriftung - Remund Werbetechnik Folierung\"><\/div><div class=\"swiper-slide-inner\" ><div class=\"swiper-slide-contents\"><\/div><\/div><\/div>\t\t\t\t<\/div>\n\t\t\t\t\t\t\t<\/div>\n\t\t\t\t<\/div>\n\t\t\t\t\t\t\t\t<\/div>\n\t\t\t\t<\/div>\n\t\t\t\t\t<\/div>\n\t\t<\/div>\n\t\t\t\t\t<\/div>\n\t\t<\/section>\n\t\t\t\t<section class=\"elementor-section elementor-top-section elementor-element elementor-element-8440688 elementor-section-boxed elementor-section-height-default elementor-section-height-default\" data-id=\"8440688\" data-element_type=\"section\" data-e-type=\"section\">\n\t\t\t\t\t\t<div class=\"elementor-container elementor-column-gap-default\">\n\t\t\t\t\t<div class=\"elementor-column elementor-col-100 elementor-top-column elementor-element elementor-element-8047806\" data-id=\"8047806\" data-element_type=\"column\" data-e-type=\"column\">\n\t\t\t<div class=\"elementor-widget-wrap elementor-element-populated\">\n\t\t\t\t\t\t<div class=\"elementor-element elementor-element-a0ece14 elementor-widget elementor-widget-heading\" data-id=\"a0ece14\" data-element_type=\"widget\" data-e-type=\"widget\" data-widget_type=\"heading.default\">\n\t\t\t\t<div class=\"elementor-widget-container\">\n\t\t\t\t\t<h1 class=\"elementor-heading-title elementor-size-default\">Emplois en technique publicitaire<\/h1>\t\t\t\t<\/div>\n\t\t\t\t<\/div>\n\t\t\t\t<div class=\"elementor-element elementor-element-6be90fd elementor-widget elementor-widget-text-editor\" data-id=\"6be90fd\" data-element_type=\"widget\" data-e-type=\"widget\" data-widget_type=\"text-editor.default\">\n\t\t\t\t<div class=\"elementor-widget-container\">\n\t\t\t\t\t\t\t\t\t<p>Nous sommes sp\u00e9cialis\u00e9s dans le marquage de grands v\u00e9hicules, en particulier d\u2018autocars de tourisme et des transports publics, nous sommes \u00e9galement le partenaire pour toutes\nr\u00e9alisations qui sortent de l\u2018ordinaire. Nous offrons un \u00e9quipement publicitaire de pointe et une activit\u00e9 passionnante et vari\u00e9e dans un environnement familial. Avec franchise et passion, nous veillons au succ\u00e8s de notre entreprise et au bien-\u00eatre de notre client\u00e8le et de nos collaborateurs.<\/p><p>Nous recherchons les professionnels suivants, de suite ou \u00e0 convenir. Nous nous r\u00e9jouissons de recevoir une candidature compl\u00e8te par e-mail ou par courrier.<\/p>\t\t\t\t\t\t\t\t<\/div>\n\t\t\t\t<\/div>\n\t\t\t\t\t<\/div>\n\t\t<\/div>\n\t\t\t\t\t<\/div>\n\t\t<\/section>\n\t\t<div class=\"elementor-element elementor-element-649ef5b e-flex e-con-boxed e-con e-parent\" data-id=\"649ef5b\" data-element_type=\"container\" data-e-type=\"container\">\n\t\t\t\t\t<div class=\"e-con-inner\">\n\t\t\t\t<div class=\"elementor-element elementor-element-d755c30 elementor-widget elementor-widget-heading\" data-id=\"d755c30\" data-element_type=\"widget\" data-e-type=\"widget\" data-no-translation=\"\" data-widget_type=\"heading.default\">\n\t\t\t\t<div class=\"elementor-widget-container\">\n\t\t\t\t\t<style>.elementor-element-d755c30{display:none !important}<\/style>\t\t\t\t<\/div>\n\t\t\t\t<\/div>\n\t\t\t\t\t<\/div>\n\t\t\t\t<\/div>\n\t\t<div class=\"elementor-element elementor-element-45bc0fa e-flex e-con-boxed e-con e-parent\" data-id=\"45bc0fa\" data-element_type=\"container\" data-e-type=\"container\">\n\t\t\t\t\t<div class=\"e-con-inner\">\n\t\t\t\t<div class=\"elementor-element elementor-element-14c3135 elementor-widget elementor-widget-text-editor\" data-id=\"14c3135\" data-element_type=\"widget\" data-e-type=\"widget\" data-no-translation=\"\" data-widget_type=\"text-editor.default\">\n\t\t\t\t<div class=\"elementor-widget-container\">\n\t\t\t\t\t<style>.elementor-element-14c3135{display:none !important}<\/style>\t\t\t\t<\/div>\n\t\t\t\t<\/div>\n\t\t\t\t<div class=\"elementor-element elementor-element-91c1f1e elementor-widget-divider--view-line elementor-widget elementor-widget-divider\" data-id=\"91c1f1e\" data-element_type=\"widget\" data-e-type=\"widget\" data-no-translation=\"\" data-widget_type=\"divider.default\">\n\t\t\t\t<div class=\"elementor-widget-container\">\n\t\t\t\t\t<style>.elementor-element-91c1f1e{display:none !important}<\/style>\t\t\t\t<\/div>\n\t\t\t\t<\/div>\n\t\t\t\t\t<\/div>\n\t\t\t\t<\/div>\n\t\t<div class=\"elementor-element elementor-element-39e9918 e-flex e-con-boxed e-con e-parent\" data-id=\"39e9918\" data-element_type=\"container\" data-e-type=\"container\">\n\t\t\t\t\t<div class=\"e-con-inner\">\n\t\t\t\t<div class=\"elementor-element elementor-element-b0476b8 elementor-widget elementor-widget-heading\" data-id=\"b0476b8\" data-element_type=\"widget\" data-e-type=\"widget\" data-widget_type=\"heading.default\">\n\t\t\t\t<div class=\"elementor-widget-container\">\n\t\t\t\t\t<h2 class=\"elementor-heading-title elementor-size-default\">Responsable des ventes - Technique publicitaire \n(60 \u2013 100%)<\/h2>\t\t\t\t<\/div>\n\t\t\t\t<\/div>\n\t\t\t\t<div class=\"elementor-element elementor-element-8bd27ad elementor-widget elementor-widget-text-editor\" data-id=\"8bd27ad\" data-element_type=\"widget\" data-e-type=\"widget\" data-widget_type=\"text-editor.default\">\n\t\t\t\t<div class=\"elementor-widget-container\">\n\t\t\t\t\t\t\t\t\t<p><span style=\"color: #000000;\"><strong>T\u00e2ches:<\/strong><\/span><\/p><ul><li><span style=\"color: #000000;\">Acqu\u00e9rir une nouvelle client\u00e8le dans le domaine B2B et entretenir activement nos relations avec la client\u00e8le existante dans le domaine de la technique publicitaire.<\/span><\/li><li><span style=\"color: #000000;\">Gagner des projets dans l\u2019ensemble de notre gamme de prestations: marquages int\u00e9rieurs et ext\u00e9rieurs, signal\u00e9tique, marquage de v\u00e9hicules, impression sur textile ainsi que protection solaire, visuelle et anti-\u00e9clats.<\/span><\/li><li><span style=\"color: #000000;\">Identifier les besoins de notre client\u00e8le et d\u00e9velopper des solutions sur mesure en collaboration avec notre \u00e9quipe de conseillers\/conseill\u00e8res.<\/span><\/li><li><span style=\"color: #000000;\">Se d\u00e9placer dans toute la Suisse \u2013 en particulier dans les cantons de Berne, Fribourg, Vaud et Neuch\u00e2tel.<\/span><\/li><\/ul><p>\u00a0<\/p><p><span style=\"color: #000000;\"><strong>Profil<\/strong><\/span><\/p><ul><li><span style=\"color: #000000;\">CFC de r\u00e9alisateur\/trice technique publicitaire<\/span><\/li><li><span style=\"color: #000000;\">Exp\u00e9rience de plusieurs ann\u00e9es dans la vente et le service ext\u00e9rieur<\/span><\/li><li><span style=\"color: #000000;\">Personnalit\u00e9 communicative, sociable, orient\u00e9e vers le client et convaincante<\/span><\/li><li><span style=\"color: #000000;\">Capable d\u2019assumer des responsabilit\u00e9s, de travailler de mani\u00e8re autonome, de prendre des d\u00e9cisions et de faire preuve de flexibilit\u00e9<\/span><\/li><li><span style=\"color: #000000;\">Permis de conduire de cat\u00e9gorie B<\/span><\/li><\/ul><p>\u00a0<\/p><p><span style=\"color: #000000;\"><strong>Notre offre:<\/strong><\/span><\/p><ul><li><span style=\"color: #000000;\">Un environnement de travail dynamique et convivial avec une hi\u00e9rarchie horizontale<\/span><\/li><li><span style=\"color: #000000;\">Des heures de travail flexibles et 5 semaines de vacances<\/span><\/li><li><span style=\"color: #000000;\">Un v\u00e9hicule de service, y compris pour l\u2019usage priv\u00e9<\/span><\/li><li><span style=\"color: #000000;\">Un salaire \u00e9quitable et bas\u00e9 sur les performances<\/span><\/li><li><span style=\"color: #000000;\">De la place pour l\u2019initiative personnelle et le d\u00e9veloppement personnel<\/span><\/li><li><span style=\"color: #000000;\">Une infrastructure moderne et des projets cr\u00e9atifs tr\u00e8s vari\u00e9s<\/span><\/li><li><span style=\"color: #000000;\">Entreprise bilingue<\/span><\/li><\/ul><p><span style=\"color: #000000;\"><span style=\"text-transform: var( --e-global-typography-text-text-transform );\"><br \/><b>Contact:<br \/><\/b><\/span><span style=\"text-transform: var( --e-global-typography-text-text-transform );\">REMUND WERBETECHNIK AG<br \/><\/span><span style=\"text-transform: var( --e-global-typography-text-text-transform );\">Roger Remund<br \/><\/span><span style=\"text-transform: var( --e-global-typography-text-text-transform );\">Hauptstrasse 59, 3215 B\u00fcchslen<br \/><\/span><span style=\"text-transform: var( --e-global-typography-text-text-transform );\">T\u00e9l. 031 754 54 44\u00a0<\/span><a style=\"text-transform: var( --e-global-typography-text-text-transform ); background-color: #ffffff; color: #000000;\" href=\"mailto:r.remund@remundag.ch\">r.remund@remundag.ch<\/a><\/span><\/p>\t\t\t\t\t\t\t\t<\/div>\n\t\t\t\t<\/div>\n\t\t\t\t<div class=\"elementor-element elementor-element-4c65d79 elementor-widget-divider--view-line elementor-widget elementor-widget-divider\" data-id=\"4c65d79\" data-element_type=\"widget\" data-e-type=\"widget\" data-widget_type=\"divider.default\">\n\t\t\t\t<div class=\"elementor-widget-container\">\n\t\t\t\t\t\t\t<div class=\"elementor-divider\">\n\t\t\t<span class=\"elementor-divider-separator\">\n\t\t\t\t\t\t<\/span>\n\t\t<\/div>\n\t\t\t\t\t\t<\/div>\n\t\t\t\t<\/div>\n\t\t\t\t\t<\/div>\n\t\t\t\t<\/div>\n\t\t<div class=\"elementor-element elementor-element-36c0962 e-flex e-con-boxed e-con e-parent\" data-id=\"36c0962\" data-element_type=\"container\" data-e-type=\"container\">\n\t\t\t\t\t<div class=\"e-con-inner\">\n\t\t\t\t<div class=\"elementor-element elementor-element-fdc992f elementor-widget elementor-widget-heading\" data-id=\"fdc992f\" data-element_type=\"widget\" data-e-type=\"widget\" data-widget_type=\"heading.default\">\n\t\t\t\t<div class=\"elementor-widget-container\">\n\t\t\t\t\t<h2 class=\"elementor-heading-title elementor-size-default\">Responsable de l'atelier de technique publicitaire (80-100%)<\/h2>\t\t\t\t<\/div>\n\t\t\t\t<\/div>\n\t\t\t\t\t<\/div>\n\t\t\t\t<\/div>\n\t\t<div class=\"elementor-element elementor-element-5f322ab e-flex e-con-boxed e-con e-parent\" data-id=\"5f322ab\" data-element_type=\"container\" data-e-type=\"container\">\n\t\t\t\t\t<div class=\"e-con-inner\">\n\t\t\t\t<div class=\"elementor-element elementor-element-de693ef elementor-widget elementor-widget-text-editor\" data-id=\"de693ef\" data-element_type=\"widget\" data-e-type=\"widget\" data-widget_type=\"text-editor.default\">\n\t\t\t\t<div class=\"elementor-widget-container\">\n\t\t\t\t\t\t\t\t\t<p><span style=\"color: #000000;\"><strong>T\u00e2ches:<\/strong><\/span><\/p><ul><li><span style=\"color: #000000;\">Planification et coordination de toutes les commandes des clients dans l'atelier<\/span><\/li><li><span style=\"color: #000000;\">Direction de la production de la technique publicitaire<\/span><\/li><li><span style=\"color: #000000;\">Diriger et encadrer l'\u00e9quipe de technique publicitaire (montage)<\/span><\/li><li><span style=\"color: #000000;\">Planification du personnel (production\/montage)<\/span><\/li><\/ul><p><span style=\"color: #000000;\"><strong><br \/>Profil<\/strong><\/span><\/p><ul><li><span style=\"color: #000000;\">CFC de R\u00e9alisateur\/trice technique publicitaire<\/span><\/li><li><span style=\"color: #000000;\">Exp\u00e9rience confirm\u00e9e de la direction dans un poste similaire<\/span><\/li><li><span style=\"color: #000000;\">Exp\u00e9rience dans les travaux de montage et de mise sous film<\/span><\/li><li><span style=\"color: #000000;\">M\u00e9thode de travail ind\u00e9pendante et fiable<\/span><\/li><li><span style=\"color: #000000;\">Verantwortungsbewusst, entscheidungsfreudig, kommunikativ und flexibel<\/span><\/li><li><span style=\"color: #000000;\">Langues: Allemand \/ Fran\u00e7ais<\/span><\/li><\/ul><p><span style=\"color: #000000;\"><strong><br \/>Notre offre:<\/strong><\/span><\/p><ul><li><span style=\"color: #000000;\">Environnement de travail dynamique<\/span><\/li><li><span style=\"color: #000000;\">Projets divers et vari\u00e9s<\/span><\/li><li><span style=\"color: #000000;\">5 semaines de vacances<\/span><\/li><li><span style=\"color: #000000;\">Un salaire adapt\u00e9 aux comp\u00e9tences<\/span><\/li><li><span style=\"color: #000000;\">Possibilit\u00e9 d\u2019\u00e9voluer au sein de l\u2019\u00e9quipe<\/span><\/li><li><span style=\"color: #000000;\">Infrastructure moderne et adapt\u00e9e<\/span><\/li><\/ul><p><span style=\"color: #000000;\"><span style=\"text-transform: var( --e-global-typography-text-text-transform );\"><br \/><b>Contact:<br \/><\/b><\/span><span style=\"text-transform: var( --e-global-typography-text-text-transform );\">REMUND WERBETECHNIK AG<br \/><\/span><span style=\"text-transform: var( --e-global-typography-text-text-transform );\">Roger Remund<br \/><\/span><span style=\"text-transform: var( --e-global-typography-text-text-transform );\">Hauptstrasse 59, 3215 B\u00fcchslen<br \/><\/span><span style=\"text-transform: var( --e-global-typography-text-text-transform );\">T\u00e9l. 031 754 54 44\u00a0<\/span><a style=\"text-transform: var( --e-global-typography-text-text-transform ); background-color: #ffffff; color: #000000;\" href=\"mailto:r.remund@remundag.ch\">r.remund@remundag.ch<\/a><\/span><\/p>\t\t\t\t\t\t\t\t<\/div>\n\t\t\t\t<\/div>\n\t\t\t\t\t<\/div>\n\t\t\t\t<\/div>\n\t\t<div class=\"elementor-element elementor-element-02e4080 e-flex e-con-boxed e-con e-parent\" data-id=\"02e4080\" data-element_type=\"container\" data-e-type=\"container\">\n\t\t\t\t\t<div class=\"e-con-inner\">\n\t\t\t\t<div class=\"elementor-element elementor-element-f7ccdbd elementor-widget elementor-widget-spacer\" data-id=\"f7ccdbd\" data-element_type=\"widget\" data-e-type=\"widget\" data-widget_type=\"spacer.default\">\n\t\t\t\t<div class=\"elementor-widget-container\">\n\t\t\t\t\t\t\t<div class=\"elementor-spacer\">\n\t\t\t<div class=\"elementor-spacer-inner\"><\/div>\n\t\t<\/div>\n\t\t\t\t\t\t<\/div>\n\t\t\t\t<\/div>\n\t\t\t\t\t<\/div>\n\t\t\t\t<\/div>\n\t\t\t\t<\/div>","protected":false},"excerpt":{"rendered":"<p>Wir sind spezialisiert in der Beschriftung von Fahrzeugen aller Marken und Typen insbesondere von Reisebussen und \u00f6ffentlichen Verkehrsmitteln. Wir sind zudem ein unkomplizierter Partner f\u00fcr alle \u00fcbrigen Werbemassnahmen, seien sie noch so unkonventionell. Wir bieten eine top ausger\u00fcstete Werbetechnik und eine spannende, abwechslungsreiche T\u00e4tigkeit in einem famili\u00e4ren Umfeld. Mit Offenheit und Leidenschaft sorgen wir f\u00fcr [&hellip;]<\/p>\n","protected":false},"author":4,"featured_media":0,"parent":759,"menu_order":0,"comment_status":"closed","ping_status":"closed","template":"","meta":{"om_disable_all_campaigns":false,"inline_featured_image":false,"_uf_show_specific_survey":0,"_uf_disable_surveys":false,"footnotes":""},"class_list":["post-2840","page","type-page","status-publish","hentry"],"_links":{"self":[{"href":"https:\/\/remundag.ch\/fr\/wp-json\/wp\/v2\/pages\/2840","targetHints":{"allow":["GET"]}}],"collection":[{"href":"https:\/\/remundag.ch\/fr\/wp-json\/wp\/v2\/pages"}],"about":[{"href":"https:\/\/remundag.ch\/fr\/wp-json\/wp\/v2\/types\/page"}],"author":[{"embeddable":true,"href":"https:\/\/remundag.ch\/fr\/wp-json\/wp\/v2\/users\/4"}],"replies":[{"embeddable":true,"href":"https:\/\/remundag.ch\/fr\/wp-json\/wp\/v2\/comments?post=2840"}],"version-history":[{"count":185,"href":"https:\/\/remundag.ch\/fr\/wp-json\/wp\/v2\/pages\/2840\/revisions"}],"predecessor-version":[{"id":14891,"href":"https:\/\/remundag.ch\/fr\/wp-json\/wp\/v2\/pages\/2840\/revisions\/14891"}],"up":[{"embeddable":true,"href":"https:\/\/remundag.ch\/fr\/wp-json\/wp\/v2\/pages\/759"}],"wp:attachment":[{"href":"https:\/\/remundag.ch\/fr\/wp-json\/wp\/v2\/media?parent=2840"}],"curies":[{"name":"wp","href":"https:\/\/api.w.org\/{rel}","templated":true}]}}