{"id":14959,"date":"2026-03-04T14:37:43","date_gmt":"2026-03-04T13:37:43","guid":{"rendered":"https:\/\/remundag.ch\/?page_id=14959"},"modified":"2026-04-01T11:12:53","modified_gmt":"2026-04-01T09:12:53","slug":"fruehlingsrabatt","status":"publish","type":"page","link":"https:\/\/remundag.ch\/fr\/fruehlingsrabatt\/","title":{"rendered":"Fr\u00fchlingsrabatt"},"content":{"rendered":"<div data-elementor-type=\"wp-page\" data-elementor-id=\"14959\" class=\"elementor elementor-14959\" data-elementor-post-type=\"page\">\n\t\t\t\t\t\t<section class=\"elementor-section elementor-top-section elementor-element elementor-element-67a5cbf7 elementor-section-full_width elementor-section-height-default elementor-section-height-default\" data-id=\"67a5cbf7\" data-element_type=\"section\" data-e-type=\"section\">\n\t\t\t\t\t\t<div class=\"elementor-container elementor-column-gap-no\">\n\t\t\t\t\t<div class=\"elementor-column elementor-col-100 elementor-top-column elementor-element elementor-element-ce64315\" data-id=\"ce64315\" data-element_type=\"column\" data-e-type=\"column\">\n\t\t\t<div class=\"elementor-widget-wrap elementor-element-populated\">\n\t\t\t\t\t\t<div class=\"elementor-element elementor-element-7b1fd60 elementor-widget elementor-widget-heading\" data-id=\"7b1fd60\" data-element_type=\"widget\" data-e-type=\"widget\" data-widget_type=\"heading.default\">\n\t\t\t\t<div class=\"elementor-widget-container\">\n\t\t\t\t\t<h1 class=\"elementor-heading-title elementor-size-default\">Vorher<\/h1>\t\t\t\t<\/div>\n\t\t\t\t<\/div>\n\t\t\t\t\t<\/div>\n\t\t<\/div>\n\t\t\t\t\t<\/div>\n\t\t<\/section>\n\t\t\t\t<section class=\"elementor-section elementor-top-section elementor-element elementor-element-3a628682 elementor-section-full_width elementor-section-height-default elementor-section-height-default\" data-id=\"3a628682\" data-element_type=\"section\" data-e-type=\"section\">\n\t\t\t\t\t\t<div class=\"elementor-container elementor-column-gap-no\">\n\t\t\t\t\t<div class=\"elementor-column elementor-col-100 elementor-top-column elementor-element elementor-element-32bc1d19\" data-id=\"32bc1d19\" data-element_type=\"column\" data-e-type=\"column\">\n\t\t\t<div class=\"elementor-widget-wrap\">\n\t\t\t\t\t\t\t<\/div>\n\t\t<\/div>\n\t\t\t\t\t<\/div>\n\t\t<\/section>\n\t\t\t\t<section class=\"elementor-section elementor-top-section elementor-element elementor-element-57ce7025 elementor-section-full_width elementor-section-height-default elementor-section-height-default\" data-id=\"57ce7025\" data-element_type=\"section\" data-e-type=\"section\">\n\t\t\t\t\t\t<div class=\"elementor-container elementor-column-gap-no\">\n\t\t\t\t\t<div class=\"elementor-column elementor-col-100 elementor-top-column elementor-element elementor-element-1343a034\" data-id=\"1343a034\" data-element_type=\"column\" data-e-type=\"column\">\n\t\t\t<div class=\"elementor-widget-wrap elementor-element-populated\">\n\t\t\t\t\t\t<div class=\"elementor-element elementor-element-6e281d7c elementor-widget elementor-widget-heading\" data-id=\"6e281d7c\" data-element_type=\"widget\" data-e-type=\"widget\" data-widget_type=\"heading.default\">\n\t\t\t\t<div class=\"elementor-widget-container\">\n\t\t\t\t\t<h1 class=\"elementor-heading-title elementor-size-default\">Vorher<\/h1>\t\t\t\t<\/div>\n\t\t\t\t<\/div>\n\t\t\t\t\t<\/div>\n\t\t<\/div>\n\t\t\t\t\t<\/div>\n\t\t<\/section>\n\t\t\t\t<section class=\"elementor-section elementor-top-section elementor-element elementor-element-6507c9f elementor-section-full_width elementor-section-height-default elementor-section-height-default\" data-id=\"6507c9f\" data-element_type=\"section\" data-e-type=\"section\">\n\t\t\t\t\t\t<div class=\"elementor-container elementor-column-gap-no\">\n\t\t\t\t\t<div class=\"elementor-column elementor-col-100 elementor-top-column elementor-element elementor-element-2bb971fc\" data-id=\"2bb971fc\" data-element_type=\"column\" data-e-type=\"column\">\n\t\t\t<div class=\"elementor-widget-wrap elementor-element-populated\">\n\t\t\t\t\t\t<div class=\"elementor-element elementor-element-5153b686 elementor--h-position-center elementor--v-position-middle elementor-pagination-position-inside elementor-widget elementor-widget-slides\" data-id=\"5153b686\" data-element_type=\"widget\" data-e-type=\"widget\" data-settings=\"{&quot;navigation&quot;:&quot;dots&quot;,&quot;transition&quot;:&quot;fade&quot;,&quot;autoplay_speed&quot;:3000,&quot;autoplay&quot;:&quot;yes&quot;,&quot;pause_on_hover&quot;:&quot;yes&quot;,&quot;pause_on_interaction&quot;:&quot;yes&quot;,&quot;infinite&quot;:&quot;yes&quot;,&quot;transition_speed&quot;:500}\" data-widget_type=\"slides.default\">\n\t\t\t\t<div class=\"elementor-widget-container\">\n\t\t\t\t\t\t\t\t\t<div class=\"elementor-swiper\">\n\t\t\t\t\t<div class=\"elementor-slides-wrapper elementor-main-swiper swiper\" role=\"region\" aria-roledescription=\"carousel\" aria-label=\"Slider\" dir=\"ltr\" data-animation=\"fadeInUp\">\n\t\t\t\t<div class=\"swiper-wrapper elementor-slides\">\n\t\t\t\t\t\t\t\t\t\t<div class=\"elementor-repeater-item-b700a75 swiper-slide\" role=\"group\" aria-roledescription=\"slide\"><div class=\"swiper-slide-bg\" role=\"img\" aria-label=\"Impression textile\"><\/div><div class=\"swiper-slide-inner\" ><div class=\"swiper-slide-contents\"><\/div><\/div><\/div>\t\t\t\t<\/div>\n\t\t\t\t\t\t\t<\/div>\n\t\t\t\t<\/div>\n\t\t\t\t\t\t\t\t<\/div>\n\t\t\t\t<\/div>\n\t\t\t\t<div class=\"elementor-element elementor-element-4d635c95 elementor-absolute e-transform elementor-widget__width-auto elementor-widget elementor-widget-image\" data-id=\"4d635c95\" data-element_type=\"widget\" data-e-type=\"widget\" data-settings=\"{&quot;_position&quot;:&quot;absolute&quot;,&quot;_transform_rotateZ_effect&quot;:{&quot;unit&quot;:&quot;px&quot;,&quot;size&quot;:0,&quot;sizes&quot;:[]},&quot;_transform_rotateZ_effect_tablet&quot;:{&quot;unit&quot;:&quot;deg&quot;,&quot;size&quot;:&quot;&quot;,&quot;sizes&quot;:[]},&quot;_transform_rotateZ_effect_mobile&quot;:{&quot;unit&quot;:&quot;deg&quot;,&quot;size&quot;:&quot;&quot;,&quot;sizes&quot;:[]}}\" data-widget_type=\"image.default\">\n\t\t\t\t<div class=\"elementor-widget-container\">\n\t\t\t\t\t\t\t\t\t\t\t\t\t\t\t<img fetchpriority=\"high\" decoding=\"async\" width=\"300\" height=\"300\" src=\"https:\/\/remundag.ch\/wp-content\/uploads\/2026\/03\/15Rabatt-300x300.png\" class=\"attachment-medium size-medium wp-image-15007\" alt=\"\" srcset=\"https:\/\/remundag.ch\/wp-content\/uploads\/2026\/03\/15Rabatt-300x300.png 300w, https:\/\/remundag.ch\/wp-content\/uploads\/2026\/03\/15Rabatt-1024x1024.png 1024w, https:\/\/remundag.ch\/wp-content\/uploads\/2026\/03\/15Rabatt-150x150.png 150w, https:\/\/remundag.ch\/wp-content\/uploads\/2026\/03\/15Rabatt-768x768.png 768w, https:\/\/remundag.ch\/wp-content\/uploads\/2026\/03\/15Rabatt-1536x1536.png 1536w, https:\/\/remundag.ch\/wp-content\/uploads\/2026\/03\/15Rabatt-2048x2048.png 2048w, https:\/\/remundag.ch\/wp-content\/uploads\/2026\/03\/15Rabatt-12x12.png 12w\" sizes=\"(max-width: 300px) 100vw, 300px\" \/>\t\t\t\t\t\t\t\t\t\t\t\t\t\t\t<\/div>\n\t\t\t\t<\/div>\n\t\t\t\t<div class=\"elementor-element elementor-element-777701d elementor-absolute e-transform elementor-widget__width-auto elementor-widget elementor-widget-image\" data-id=\"777701d\" data-element_type=\"widget\" data-e-type=\"widget\" data-settings=\"{&quot;_position&quot;:&quot;absolute&quot;,&quot;_transform_rotateZ_effect&quot;:{&quot;unit&quot;:&quot;px&quot;,&quot;size&quot;:0,&quot;sizes&quot;:[]},&quot;_transform_rotateZ_effect_tablet&quot;:{&quot;unit&quot;:&quot;deg&quot;,&quot;size&quot;:&quot;&quot;,&quot;sizes&quot;:[]},&quot;_transform_rotateZ_effect_mobile&quot;:{&quot;unit&quot;:&quot;deg&quot;,&quot;size&quot;:&quot;&quot;,&quot;sizes&quot;:[]}}\" data-no-translation=\"\" data-widget_type=\"image.default\">\n\t\t\t\t<div class=\"elementor-widget-container\">\n\t\t\t\t\t\t\t\t\t\t\t\t\t\t\t<img decoding=\"async\" width=\"300\" height=\"300\" src=\"https:\/\/remundag.ch\/wp-content\/uploads\/2026\/03\/15Rabatt_fr-300x300.png\" class=\"attachment-medium size-medium wp-image-15017\" alt=\"\" srcset=\"https:\/\/remundag.ch\/wp-content\/uploads\/2026\/03\/15Rabatt_fr-300x300.png 300w, https:\/\/remundag.ch\/wp-content\/uploads\/2026\/03\/15Rabatt_fr-1024x1024.png 1024w, https:\/\/remundag.ch\/wp-content\/uploads\/2026\/03\/15Rabatt_fr-150x150.png 150w, https:\/\/remundag.ch\/wp-content\/uploads\/2026\/03\/15Rabatt_fr-768x768.png 768w, https:\/\/remundag.ch\/wp-content\/uploads\/2026\/03\/15Rabatt_fr-1536x1536.png 1536w, https:\/\/remundag.ch\/wp-content\/uploads\/2026\/03\/15Rabatt_fr-2048x2048.png 2048w, https:\/\/remundag.ch\/wp-content\/uploads\/2026\/03\/15Rabatt_fr-12x12.png 12w\" sizes=\"(max-width: 300px) 100vw, 300px\" \/>\t\t\t\t\t\t\t\t\t\t\t\t\t\t\t<\/div>\n\t\t\t\t<\/div>\n\t\t\t\t\t<\/div>\n\t\t<\/div>\n\t\t\t\t\t<\/div>\n\t\t<\/section>\n\t\t\t\t<section class=\"elementor-section elementor-top-section elementor-element elementor-element-3cbf6e27 elementor-section-boxed elementor-section-height-default elementor-section-height-default\" data-id=\"3cbf6e27\" data-element_type=\"section\" data-e-type=\"section\">\n\t\t\t\t\t\t<div class=\"elementor-container elementor-column-gap-default\">\n\t\t\t\t\t<div class=\"elementor-column elementor-col-100 elementor-top-column elementor-element elementor-element-1e067cc\" data-id=\"1e067cc\" data-element_type=\"column\" data-e-type=\"column\">\n\t\t\t<div class=\"elementor-widget-wrap elementor-element-populated\">\n\t\t\t\t\t\t<div class=\"elementor-element elementor-element-32d2525b elementor-widget elementor-widget-heading\" data-id=\"32d2525b\" data-element_type=\"widget\" data-e-type=\"widget\" data-widget_type=\"heading.default\">\n\t\t\t\t<div class=\"elementor-widget-container\">\n\t\t\t\t\t<h1 class=\"elementor-heading-title elementor-size-default\">Promotion de printemps\n\n<\/h1>\t\t\t\t<\/div>\n\t\t\t\t<\/div>\n\t\t\t\t<div class=\"elementor-element elementor-element-4e6bdd42 elementor-widget elementor-widget-heading\" data-id=\"4e6bdd42\" data-element_type=\"widget\" data-e-type=\"widget\" data-widget_type=\"heading.default\">\n\t\t\t\t<div class=\"elementor-widget-container\">\n\t\t\t\t\t<h2 class=\"elementor-heading-title elementor-size-default\">Profitez d\u00e8s maintenant d'une r\u00e9duction de 15 %!<\/h2>\t\t\t\t<\/div>\n\t\t\t\t<\/div>\n\t\t\t\t<div class=\"elementor-element elementor-element-5cad80f3 elementor-widget elementor-widget-text-editor\" data-id=\"5cad80f3\" data-element_type=\"widget\" data-e-type=\"widget\" data-widget_type=\"text-editor.default\">\n\t\t\t\t<div class=\"elementor-widget-container\">\n\t\t\t\t\t\t\t\t\t<p>Le printemps est le moment id\u00e9al pour changer de look.<\/p><p><strong>Profitez d\u00e8s maintenant de notre promotion de printemps et b\u00e9n\u00e9ficiez de 15 % de r\u00e9duction sur tous les textiles, impression et broderie comprises.\u00a0<\/strong>Valable pour toutes les commandes pass\u00e9es avant le 30\/06\/2026.<\/p><p>Qu'il s'agisse de pi\u00e8ces uniques \u00e9l\u00e9gantes, de v\u00eatements professionnels haut de gamme, de tenues pour les clubs ou de produits d\u00e9riv\u00e9s pour les \u00e9v\u00e9nements, nous apposons votre logo, votre slogan ou votre design personnalis\u00e9 de mani\u00e8re professionnelle sur les textiles.<\/p><p>De l'id\u00e9e \u00e0 la r\u00e9alisation finale, nous vous accompagnons personnellement et veillons \u00e0 ce que votre apparence soit convaincante.<\/p>\t\t\t\t\t\t\t\t<\/div>\n\t\t\t\t<\/div>\n\t\t\t\t\t<\/div>\n\t\t<\/div>\n\t\t\t\t\t<\/div>\n\t\t<\/section>\n\t\t\t\t<section class=\"elementor-section elementor-top-section elementor-element elementor-element-10623b41 elementor-section-boxed elementor-section-height-default elementor-section-height-default\" data-id=\"10623b41\" data-element_type=\"section\" data-e-type=\"section\">\n\t\t\t\t\t\t<div class=\"elementor-container elementor-column-gap-default\">\n\t\t\t\t\t<div class=\"elementor-column elementor-col-100 elementor-top-column elementor-element elementor-element-72a5e389\" data-id=\"72a5e389\" data-element_type=\"column\" data-e-type=\"column\">\n\t\t\t<div class=\"elementor-widget-wrap elementor-element-populated\">\n\t\t\t\t\t\t<div class=\"elementor-element elementor-element-22940fbe elementor-widget elementor-widget-button\" data-id=\"22940fbe\" data-element_type=\"widget\" data-e-type=\"widget\" data-widget_type=\"button.default\">\n\t\t\t\t<div class=\"elementor-widget-container\">\n\t\t\t\t\t\t\t\t\t<div class=\"elementor-button-wrapper\">\n\t\t\t\t\t<a class=\"elementor-button elementor-button-link elementor-size-sm\" href=\"https:\/\/remundag.ch\/fr\/beratung-werbetechnik\/\" target=\"_blank\">\n\t\t\t\t\t\t<span class=\"elementor-button-content-wrapper\">\n\t\t\t\t\t\t\t\t\t<span class=\"elementor-button-text\">Contactez-nous d\u00e8s maintenant et b\u00e9n\u00e9ficiez d'une r\u00e9duction !<\/span>\n\t\t\t\t\t<\/span>\n\t\t\t\t\t<\/a>\n\t\t\t\t<\/div>\n\t\t\t\t\t\t\t\t<\/div>\n\t\t\t\t<\/div>\n\t\t\t\t\t<\/div>\n\t\t<\/div>\n\t\t\t\t\t<\/div>\n\t\t<\/section>\n\t\t\t\t<section class=\"elementor-section elementor-top-section elementor-element elementor-element-78c704b1 elementor-section-boxed elementor-section-height-default elementor-section-height-default\" data-id=\"78c704b1\" data-element_type=\"section\" data-e-type=\"section\" data-settings=\"{&quot;background_background&quot;:&quot;classic&quot;}\">\n\t\t\t\t\t\t<div class=\"elementor-container elementor-column-gap-default\">\n\t\t\t\t\t<div class=\"elementor-column elementor-col-100 elementor-top-column elementor-element elementor-element-11a236af\" data-id=\"11a236af\" data-element_type=\"column\" data-e-type=\"column\">\n\t\t\t<div class=\"elementor-widget-wrap elementor-element-populated\">\n\t\t\t\t\t\t<div class=\"elementor-element elementor-element-7c9247b8 elementor-widget elementor-widget-heading\" data-id=\"7c9247b8\" data-element_type=\"widget\" data-e-type=\"widget\" data-widget_type=\"heading.default\">\n\t\t\t\t<div class=\"elementor-widget-container\">\n\t\t\t\t\t<h2 class=\"elementor-heading-title elementor-size-default\">Aper\u00e7u de nos prestations<\/h2>\t\t\t\t<\/div>\n\t\t\t\t<\/div>\n\t\t\t\t<div class=\"elementor-element elementor-element-5d203507 elementor-icon-list--layout-traditional elementor-list-item-link-full_width elementor-widget elementor-widget-icon-list\" data-id=\"5d203507\" data-element_type=\"widget\" data-e-type=\"widget\" data-widget_type=\"icon-list.default\">\n\t\t\t\t<div class=\"elementor-widget-container\">\n\t\t\t\t\t\t\t<ul class=\"elementor-icon-list-items\">\n\t\t\t\t\t\t\t<li class=\"elementor-icon-list-item\">\n\t\t\t\t\t\t\t\t\t\t\t<span class=\"elementor-icon-list-icon\">\n\t\t\t\t\t\t\t<svg xmlns=\"http:\/\/www.w3.org\/2000\/svg\" width=\"36.048\" height=\"25.939\" viewbox=\"0 0 36.048 25.939\"><g id=\"check\" transform=\"translate(0 -71.788)\"><g id=\"Group_713\" data-name=\"Group 713\" transform=\"translate(-0.001 71.788)\"><path id=\"Path_988\" data-name=\"Path 988\" d=\"M35.21,72.626a2.859,2.859,0,0,0-4.043,0l-18.2,18.2L4.881,82.736A2.86,2.86,0,0,0,.837,86.78l10.11,10.11a2.859,2.859,0,0,0,4.044,0L35.21,76.669A2.859,2.859,0,0,0,35.21,72.626Z\" transform=\"translate(0.001 -71.788)\" fill=\"#fff\"><\/path><\/g><\/g><\/svg>\t\t\t\t\t\t<\/span>\n\t\t\t\t\t\t\t\t\t\t<span class=\"elementor-icon-list-text\"><strong>Impression textile et broderie de qualit\u00e9 sup\u00e9rieure.<\/strong> Pour t-shirts, polos, sweats \u00e0 capuche, vestes, casquettes, v\u00eatements de sport, v\u00eatements de travail et bien plus encore.<\/span>\n\t\t\t\t\t\t\t\t\t<\/li>\n\t\t\t\t\t\t\t\t<li class=\"elementor-icon-list-item\">\n\t\t\t\t\t\t\t\t\t\t\t<span class=\"elementor-icon-list-icon\">\n\t\t\t\t\t\t\t<svg xmlns=\"http:\/\/www.w3.org\/2000\/svg\" width=\"36.048\" height=\"25.939\" viewbox=\"0 0 36.048 25.939\"><g id=\"check\" transform=\"translate(0 -71.788)\"><g id=\"Group_713\" data-name=\"Group 713\" transform=\"translate(-0.001 71.788)\"><path id=\"Path_988\" data-name=\"Path 988\" d=\"M35.21,72.626a2.859,2.859,0,0,0-4.043,0l-18.2,18.2L4.881,82.736A2.86,2.86,0,0,0,.837,86.78l10.11,10.11a2.859,2.859,0,0,0,4.044,0L35.21,76.669A2.859,2.859,0,0,0,35.21,72.626Z\" transform=\"translate(0.001 -71.788)\" fill=\"#fff\"><\/path><\/g><\/g><\/svg>\t\t\t\t\t\t<\/span>\n\t\t\t\t\t\t\t\t\t\t<span class=\"elementor-icon-list-text\"><strong>Pour les particuliers, les entreprises et les associations.<\/strong> Qu'il s'agisse d'une pi\u00e8ce unique ou d'un \u00e9quipement complet pour une \u00e9quipe, nous sommes votre partenaire de confiance.<\/span>\n\t\t\t\t\t\t\t\t\t<\/li>\n\t\t\t\t\t\t\t\t<li class=\"elementor-icon-list-item\">\n\t\t\t\t\t\t\t\t\t\t\t<span class=\"elementor-icon-list-icon\">\n\t\t\t\t\t\t\t<svg xmlns=\"http:\/\/www.w3.org\/2000\/svg\" width=\"36.048\" height=\"25.939\" viewbox=\"0 0 36.048 25.939\"><g id=\"check\" transform=\"translate(0 -71.788)\"><g id=\"Group_713\" data-name=\"Group 713\" transform=\"translate(-0.001 71.788)\"><path id=\"Path_988\" data-name=\"Path 988\" d=\"M35.21,72.626a2.859,2.859,0,0,0-4.043,0l-18.2,18.2L4.881,82.736A2.86,2.86,0,0,0,.837,86.78l10.11,10.11a2.859,2.859,0,0,0,4.044,0L35.21,76.669A2.859,2.859,0,0,0,35.21,72.626Z\" transform=\"translate(0.001 -71.788)\" fill=\"#fff\"><\/path><\/g><\/g><\/svg>\t\t\t\t\t\t<\/span>\n\t\t\t\t\t\t\t\t\t\t<span class=\"elementor-icon-list-text\"><strong>Petites et grandes s\u00e9ries.<\/strong> Production flexible, de la pi\u00e8ce unique \u00e0 la grande s\u00e9rie.<\/span>\n\t\t\t\t\t\t\t\t\t<\/li>\n\t\t\t\t\t\t\t\t<li class=\"elementor-icon-list-item\">\n\t\t\t\t\t\t\t\t\t\t\t<span class=\"elementor-icon-list-icon\">\n\t\t\t\t\t\t\t<svg xmlns=\"http:\/\/www.w3.org\/2000\/svg\" width=\"36.048\" height=\"25.939\" viewbox=\"0 0 36.048 25.939\"><g id=\"check\" transform=\"translate(0 -71.788)\"><g id=\"Group_713\" data-name=\"Group 713\" transform=\"translate(-0.001 71.788)\"><path id=\"Path_988\" data-name=\"Path 988\" d=\"M35.21,72.626a2.859,2.859,0,0,0-4.043,0l-18.2,18.2L4.881,82.736A2.86,2.86,0,0,0,.837,86.78l10.11,10.11a2.859,2.859,0,0,0,4.044,0L35.21,76.669A2.859,2.859,0,0,0,35.21,72.626Z\" transform=\"translate(0.001 -71.788)\" fill=\"#fff\"><\/path><\/g><\/g><\/svg>\t\t\t\t\t\t<\/span>\n\t\t\t\t\t\t\t\t\t\t<span class=\"elementor-icon-list-text\"><strong> Conseil personnalis\u00e9.<\/strong> Suivi individuel et r\u00e9alisation professionnelle de vos souhaits.<\/span>\n\t\t\t\t\t\t\t\t\t<\/li>\n\t\t\t\t\t\t\t\t<li class=\"elementor-icon-list-item\">\n\t\t\t\t\t\t\t\t\t\t\t<span class=\"elementor-icon-list-icon\">\n\t\t\t\t\t\t\t<svg xmlns=\"http:\/\/www.w3.org\/2000\/svg\" width=\"36.048\" height=\"25.939\" viewbox=\"0 0 36.048 25.939\"><g id=\"check\" transform=\"translate(0 -71.788)\"><g id=\"Group_713\" data-name=\"Group 713\" transform=\"translate(-0.001 71.788)\"><path id=\"Path_988\" data-name=\"Path 988\" d=\"M35.21,72.626a2.859,2.859,0,0,0-4.043,0l-18.2,18.2L4.881,82.736A2.86,2.86,0,0,0,.837,86.78l10.11,10.11a2.859,2.859,0,0,0,4.044,0L35.21,76.669A2.859,2.859,0,0,0,35.21,72.626Z\" transform=\"translate(0.001 -71.788)\" fill=\"#fff\"><\/path><\/g><\/g><\/svg>\t\t\t\t\t\t<\/span>\n\t\t\t\t\t\t\t\t\t\t<span class=\"elementor-icon-list-text\"><strong>Large gamme de textiles.<\/strong> Choisissez vos produits parmi notre gamme.<\/span>\n\t\t\t\t\t\t\t\t\t<\/li>\n\t\t\t\t\t\t<\/ul>\n\t\t\t\t\t\t<\/div>\n\t\t\t\t<\/div>\n\t\t\t\t\t<\/div>\n\t\t<\/div>\n\t\t\t\t\t<\/div>\n\t\t<\/section>\n\t\t<div class=\"elementor-element elementor-element-d2f5205 e-flex e-con-boxed e-con e-parent\" data-id=\"d2f5205\" data-element_type=\"container\" data-e-type=\"container\">\n\t\t\t\t\t<div class=\"e-con-inner\">\n\t\t\t\t<div class=\"elementor-element elementor-element-8f77f22 elementor-widget elementor-widget-button\" data-id=\"8f77f22\" data-element_type=\"widget\" data-e-type=\"widget\" data-widget_type=\"button.default\">\n\t\t\t\t<div class=\"elementor-widget-container\">\n\t\t\t\t\t\t\t\t\t<div class=\"elementor-button-wrapper\">\n\t\t\t\t\t<a class=\"elementor-button elementor-button-link elementor-size-sm\" href=\"https:\/\/remundag.ch\/fr\/beratung-werbetechnik\/\">\n\t\t\t\t\t\t<span class=\"elementor-button-content-wrapper\">\n\t\t\t\t\t\t\t\t\t<span class=\"elementor-button-text\">Profitez d\u00e8s maintenant de notre remise de printemps<\/span>\n\t\t\t\t\t<\/span>\n\t\t\t\t\t<\/a>\n\t\t\t\t<\/div>\n\t\t\t\t\t\t\t\t<\/div>\n\t\t\t\t<\/div>\n\t\t\t\t\t<\/div>\n\t\t\t\t<\/div>\n\t\t<div class=\"elementor-element elementor-element-77d73e2 e-flex e-con-boxed e-con e-parent\" data-id=\"77d73e2\" data-element_type=\"container\" data-e-type=\"container\">\n\t\t\t\t\t<div class=\"e-con-inner\">\n\t\t\t\t<div class=\"elementor-element elementor-element-6156881 elementor-widget elementor-widget-spacer\" data-id=\"6156881\" data-element_type=\"widget\" data-e-type=\"widget\" data-widget_type=\"spacer.default\">\n\t\t\t\t<div class=\"elementor-widget-container\">\n\t\t\t\t\t\t\t<div class=\"elementor-spacer\">\n\t\t\t<div class=\"elementor-spacer-inner\"><\/div>\n\t\t<\/div>\n\t\t\t\t\t\t<\/div>\n\t\t\t\t<\/div>\n\t\t\t\t\t<\/div>\n\t\t\t\t<\/div>\n\t\t\t\t<\/div>","protected":false},"excerpt":{"rendered":"<p>Vorher Vorher Fr\u00fchlingsaktion 2026 Jetzt 15% Rabatt sichern! Der Fr\u00fchling ist die perfekte Zeit f\u00fcr einen neuen Auftritt. Nutzen Sie jetzt unsere Fr\u00fchlingsaktion und profitieren Sie von 15% Rabatt auf alle Textilien \u2013 inklusive Druck und Stickerei.\u00a0G\u00fcltig auf alle Bestellungen bis 30.06.2026 Ob stylische Einzelst\u00fccke, hochwertige Businesskleidung, Teamwear f\u00fcr Vereine oder Merchandise f\u00fcr Events \u2013 [&hellip;]<\/p>\n","protected":false},"author":4,"featured_media":0,"parent":0,"menu_order":0,"comment_status":"closed","ping_status":"closed","template":"","meta":{"om_disable_all_campaigns":false,"inline_featured_image":false,"_uf_show_specific_survey":0,"_uf_disable_surveys":false,"footnotes":""},"class_list":["post-14959","page","type-page","status-publish","hentry"],"_links":{"self":[{"href":"https:\/\/remundag.ch\/fr\/wp-json\/wp\/v2\/pages\/14959","targetHints":{"allow":["GET"]}}],"collection":[{"href":"https:\/\/remundag.ch\/fr\/wp-json\/wp\/v2\/pages"}],"about":[{"href":"https:\/\/remundag.ch\/fr\/wp-json\/wp\/v2\/types\/page"}],"author":[{"embeddable":true,"href":"https:\/\/remundag.ch\/fr\/wp-json\/wp\/v2\/users\/4"}],"replies":[{"embeddable":true,"href":"https:\/\/remundag.ch\/fr\/wp-json\/wp\/v2\/comments?post=14959"}],"version-history":[{"count":59,"href":"https:\/\/remundag.ch\/fr\/wp-json\/wp\/v2\/pages\/14959\/revisions"}],"predecessor-version":[{"id":15046,"href":"https:\/\/remundag.ch\/fr\/wp-json\/wp\/v2\/pages\/14959\/revisions\/15046"}],"wp:attachment":[{"href":"https:\/\/remundag.ch\/fr\/wp-json\/wp\/v2\/media?parent=14959"}],"curies":[{"name":"wp","href":"https:\/\/api.w.org\/{rel}","templated":true}]}}