{"id":12771,"date":"2024-10-04T10:36:31","date_gmt":"2024-10-04T08:36:31","guid":{"rendered":"https:\/\/remundag.ch\/?page_id=12771"},"modified":"2025-07-21T11:53:59","modified_gmt":"2025-07-21T09:53:59","slug":"autobahnvignette","status":"publish","type":"page","link":"https:\/\/remundag.ch\/fr\/carrosserie\/reparatur-glasschaden\/autobahnvignette\/","title":{"rendered":"Vignette autorouti\u00e8re offerte"},"content":{"rendered":"<div data-elementor-type=\"wp-page\" data-elementor-id=\"12771\" class=\"elementor elementor-12771\" data-elementor-post-type=\"page\">\n\t\t\t\t\t\t<section class=\"elementor-section elementor-top-section elementor-element elementor-element-58f01830 elementor-section-full_width elementor-section-height-default elementor-section-height-default\" data-id=\"58f01830\" data-element_type=\"section\" data-e-type=\"section\">\n\t\t\t\t\t\t<div class=\"elementor-container elementor-column-gap-no\">\n\t\t\t\t\t<div class=\"elementor-column elementor-col-100 elementor-top-column elementor-element elementor-element-37418c3d\" data-id=\"37418c3d\" data-element_type=\"column\" data-e-type=\"column\">\n\t\t\t<div class=\"elementor-widget-wrap elementor-element-populated\">\n\t\t\t\t\t\t<div class=\"elementor-element elementor-element-7978bb08 elementor--h-position-center elementor--v-position-middle elementor-pagination-position-inside elementor-widget elementor-widget-slides\" data-id=\"7978bb08\" data-element_type=\"widget\" data-e-type=\"widget\" data-settings=\"{&quot;navigation&quot;:&quot;dots&quot;,&quot;transition&quot;:&quot;fade&quot;,&quot;autoplay_speed&quot;:3000,&quot;autoplay&quot;:&quot;yes&quot;,&quot;pause_on_hover&quot;:&quot;yes&quot;,&quot;pause_on_interaction&quot;:&quot;yes&quot;,&quot;infinite&quot;:&quot;yes&quot;,&quot;transition_speed&quot;:500}\" data-widget_type=\"slides.default\">\n\t\t\t\t<div class=\"elementor-widget-container\">\n\t\t\t\t\t\t\t\t\t<div class=\"elementor-swiper\">\n\t\t\t\t\t<div class=\"elementor-slides-wrapper elementor-main-swiper swiper\" role=\"region\" aria-roledescription=\"carousel\" aria-label=\"Slider\" dir=\"ltr\" data-animation=\"fadeInUp\">\n\t\t\t\t<div class=\"swiper-wrapper elementor-slides\">\n\t\t\t\t\t\t\t\t\t\t<div class=\"elementor-repeater-item-b700a75 swiper-slide\" role=\"group\" aria-roledescription=\"slide\"><div class=\"swiper-slide-bg\" role=\"img\" aria-label=\"Design ohne Titel (29)\"><\/div><div class=\"swiper-slide-inner\" ><div class=\"swiper-slide-contents\"><\/div><\/div><\/div>\t\t\t\t<\/div>\n\t\t\t\t\t\t\t<\/div>\n\t\t\t\t<\/div>\n\t\t\t\t\t\t\t\t<\/div>\n\t\t\t\t<\/div>\n\t\t\t\t\t<\/div>\n\t\t<\/div>\n\t\t\t\t\t<\/div>\n\t\t<\/section>\n\t\t\t\t<section class=\"elementor-section elementor-top-section elementor-element elementor-element-7c98f2c6 elementor-section-boxed elementor-section-height-default elementor-section-height-default\" data-id=\"7c98f2c6\" data-element_type=\"section\" data-e-type=\"section\">\n\t\t\t\t\t\t<div class=\"elementor-container elementor-column-gap-default\">\n\t\t\t\t\t<div class=\"elementor-column elementor-col-100 elementor-top-column elementor-element elementor-element-57f19ced\" data-id=\"57f19ced\" data-element_type=\"column\" data-e-type=\"column\">\n\t\t\t<div class=\"elementor-widget-wrap elementor-element-populated\">\n\t\t\t\t\t\t<div class=\"elementor-element elementor-element-317a82b2 elementor-widget elementor-widget-heading\" data-id=\"317a82b2\" data-element_type=\"widget\" data-e-type=\"widget\" data-widget_type=\"heading.default\">\n\t\t\t\t<div class=\"elementor-widget-container\">\n\t\t\t\t\t<h1 class=\"elementor-heading-title elementor-size-default\">Vignette autorouti\u00e8re offerte<\/h1>\t\t\t\t<\/div>\n\t\t\t\t<\/div>\n\t\t\t\t<div class=\"elementor-element elementor-element-4827a197 elementor-widget elementor-widget-heading\" data-id=\"4827a197\" data-element_type=\"widget\" data-e-type=\"widget\" data-widget_type=\"heading.default\">\n\t\t\t\t<div class=\"elementor-widget-container\">\n\t\t\t\t\t<h2 class=\"elementor-heading-title elementor-size-default\">Vitre d\u00e9fectueuse ? Vignette autorouti\u00e8re offerte !<\/h2>\t\t\t\t<\/div>\n\t\t\t\t<\/div>\n\t\t\t\t<div class=\"elementor-element elementor-element-23094e6c elementor-widget elementor-widget-text-editor\" data-id=\"23094e6c\" data-element_type=\"widget\" data-e-type=\"widget\" data-widget_type=\"text-editor.default\">\n\t\t\t\t<div class=\"elementor-widget-container\">\n\t\t\t\t\t\t\t\t\t<p>Faites remplacer ou r\u00e9parer votre pare-brise d\u00e9fectueux chez nous. En guise de remerciement, nous vous offrons une vignette autorouti\u00e8re pour l'ann\u00e9e suivante. C'est tr\u00e8s simple : vous apportez votre bon chez nous \u00e0 B\u00fcchslen et recevez en \u00e9change la vignette autorouti\u00e8re sous forme physique ou num\u00e9rique.<\/p>\t\t\t\t\t\t\t\t<\/div>\n\t\t\t\t<\/div>\n\t\t\t\t\t<\/div>\n\t\t<\/div>\n\t\t\t\t\t<\/div>\n\t\t<\/section>\n\t\t\t\t<section class=\"elementor-section elementor-top-section elementor-element elementor-element-600ace0 elementor-section-boxed elementor-section-height-default elementor-section-height-default\" data-id=\"600ace0\" data-element_type=\"section\" data-e-type=\"section\">\n\t\t\t\t\t\t<div class=\"elementor-container elementor-column-gap-default\">\n\t\t\t\t\t<div class=\"elementor-column elementor-col-100 elementor-top-column elementor-element elementor-element-ab14890\" data-id=\"ab14890\" data-element_type=\"column\" data-e-type=\"column\">\n\t\t\t<div class=\"elementor-widget-wrap elementor-element-populated\">\n\t\t\t\t\t\t<div class=\"elementor-element elementor-element-b16b0ea elementor-widget elementor-widget-button\" data-id=\"b16b0ea\" data-element_type=\"widget\" data-e-type=\"widget\" data-widget_type=\"button.default\">\n\t\t\t\t<div class=\"elementor-widget-container\">\n\t\t\t\t\t\t\t\t\t<div class=\"elementor-button-wrapper\">\n\t\t\t\t\t<a class=\"elementor-button elementor-button-link elementor-size-sm\" href=\"https:\/\/remundag.ch\/fr\/beratung-anfordern\/\">\n\t\t\t\t\t\t<span class=\"elementor-button-content-wrapper\">\n\t\t\t\t\t\t\t\t\t<span class=\"elementor-button-text\">Prendre rendez-vous<\/span>\n\t\t\t\t\t<\/span>\n\t\t\t\t\t<\/a>\n\t\t\t\t<\/div>\n\t\t\t\t\t\t\t\t<\/div>\n\t\t\t\t<\/div>\n\t\t\t\t\t<\/div>\n\t\t<\/div>\n\t\t\t\t\t<\/div>\n\t\t<\/section>\n\t\t<div class=\"elementor-element elementor-element-36d4ff1e e-con-full e-flex e-con e-parent\" data-id=\"36d4ff1e\" data-element_type=\"container\" data-e-type=\"container\">\n\t\t<div class=\"elementor-element elementor-element-28a1945f e-flex e-con-boxed e-con e-child\" data-id=\"28a1945f\" data-element_type=\"container\" data-e-type=\"container\">\n\t\t\t\t\t<div class=\"e-con-inner\">\n\t\t\t\t<div class=\"elementor-element elementor-element-18bf5737 elementor-widget__width-inherit elementor-widget elementor-widget-heading\" data-id=\"18bf5737\" data-element_type=\"widget\" data-e-type=\"widget\" data-widget_type=\"heading.default\">\n\t\t\t\t<div class=\"elementor-widget-container\">\n\t\t\t\t\t<h3 class=\"elementor-heading-title elementor-size-default\">Autres services<\/h3>\t\t\t\t<\/div>\n\t\t\t\t<\/div>\n\t\t\t\t\t<\/div>\n\t\t\t\t<\/div>\n\t\t<div class=\"elementor-element elementor-element-5d6946c6 e-con-full e-flex e-con e-child\" data-id=\"5d6946c6\" data-element_type=\"container\" data-e-type=\"container\">\n\t\t\t\t<div class=\"elementor-element elementor-element-3544a90a animated-slow elementor-invisible elementor-widget elementor-widget-image\" data-id=\"3544a90a\" data-element_type=\"widget\" data-e-type=\"widget\" data-settings=\"{&quot;_animation&quot;:&quot;fadeIn&quot;}\" data-widget_type=\"image.default\">\n\t\t\t\t<div class=\"elementor-widget-container\">\n\t\t\t\t\t\t\t\t\t\t\t\t<figure class=\"wp-caption\">\n\t\t\t\t\t\t\t\t\t\t\t<a href=\"https:\/\/remundag.ch\/fr\/carrosserie\/kleinschaeden\/\">\n\t\t\t\t\t\t\t<img fetchpriority=\"high\" decoding=\"async\" width=\"800\" height=\"534\" src=\"https:\/\/remundag.ch\/wp-content\/uploads\/2023\/07\/Kleinschaden_1-1024x683.jpg\" class=\"attachment-large size-large wp-image-7214\" alt=\"Remund Carrosserie - Unfallschaden\" srcset=\"https:\/\/remundag.ch\/wp-content\/uploads\/2023\/07\/Kleinschaden_1-1024x683.jpg 1024w, https:\/\/remundag.ch\/wp-content\/uploads\/2023\/07\/Kleinschaden_1-300x200.jpg 300w, https:\/\/remundag.ch\/wp-content\/uploads\/2023\/07\/Kleinschaden_1-768x512.jpg 768w, https:\/\/remundag.ch\/wp-content\/uploads\/2023\/07\/Kleinschaden_1-1536x1024.jpg 1536w, https:\/\/remundag.ch\/wp-content\/uploads\/2023\/07\/Kleinschaden_1-2048x1365.jpg 2048w\" sizes=\"(max-width: 800px) 100vw, 800px\" \/>\t\t\t\t\t\t\t\t<\/a>\n\t\t\t\t\t\t\t\t\t\t\t<figcaption class=\"widget-image-caption wp-caption-text\"><\/figcaption>\n\t\t\t\t\t\t\t\t\t\t<\/figure>\n\t\t\t\t\t\t\t\t\t<\/div>\n\t\t\t\t<\/div>\n\t\t\t\t<div class=\"elementor-element elementor-element-2176e29e elementor-widget__width-auto elementor-absolute elementor-widget elementor-widget-heading\" data-id=\"2176e29e\" data-element_type=\"widget\" data-e-type=\"widget\" data-settings=\"{&quot;_position&quot;:&quot;absolute&quot;}\" data-widget_type=\"heading.default\">\n\t\t\t\t<div class=\"elementor-widget-container\">\n\t\t\t\t\t<div class=\"elementor-heading-title elementor-size-default\"><a href=\"https:\/\/remundag.ch\/fr\/carrosserie\/kleinschaeden\/\">Dommages mineurs<\/a><\/div>\t\t\t\t<\/div>\n\t\t\t\t<\/div>\n\t\t\t\t<\/div>\n\t\t<div class=\"elementor-element elementor-element-2d1ab4a6 e-con-full e-flex e-con e-child\" data-id=\"2d1ab4a6\" data-element_type=\"container\" data-e-type=\"container\">\n\t\t\t\t<div class=\"elementor-element elementor-element-7214ac02 animated-slow elementor-invisible elementor-widget elementor-widget-image\" data-id=\"7214ac02\" data-element_type=\"widget\" data-e-type=\"widget\" data-settings=\"{&quot;_animation&quot;:&quot;fadeIn&quot;}\" data-widget_type=\"image.default\">\n\t\t\t\t<div class=\"elementor-widget-container\">\n\t\t\t\t\t\t\t\t\t\t\t\t<figure class=\"wp-caption\">\n\t\t\t\t\t\t\t\t\t\t\t<a href=\"https:\/\/remundag.ch\/fr\/hol-und-bringservice\/\">\n\t\t\t\t\t\t\t<img decoding=\"async\" src=\"https:\/\/remundag.ch\/wp-content\/uploads\/elementor\/thumbs\/card_carrosserie_angebot_6-qa1ah4sjq7izh7spe5taodhr44zboyxa4nuouyf9mw.jpg\" title=\"Remund Werbetechnik &#8211; Fahrzeug &#8211; Blendschutz\" alt=\"Remund Werbetechnik - Fahrzeug - Blendschutz\" loading=\"lazy\" \/>\t\t\t\t\t\t\t\t<\/a>\n\t\t\t\t\t\t\t\t\t\t\t<figcaption class=\"widget-image-caption wp-caption-text\"><\/figcaption>\n\t\t\t\t\t\t\t\t\t\t<\/figure>\n\t\t\t\t\t\t\t\t\t<\/div>\n\t\t\t\t<\/div>\n\t\t\t\t<div class=\"elementor-element elementor-element-7f874ba9 elementor-widget__width-auto elementor-absolute elementor-widget elementor-widget-heading\" data-id=\"7f874ba9\" data-element_type=\"widget\" data-e-type=\"widget\" data-settings=\"{&quot;_position&quot;:&quot;absolute&quot;}\" data-widget_type=\"heading.default\">\n\t\t\t\t<div class=\"elementor-widget-container\">\n\t\t\t\t\t<div class=\"elementor-heading-title elementor-size-default\"><a href=\"https:\/\/remundag.ch\/fr\/hol-und-bringservice\/\">Service d'enl\u00e8vement - livraison<\/a><\/div>\t\t\t\t<\/div>\n\t\t\t\t<\/div>\n\t\t\t\t<\/div>\n\t\t<div class=\"elementor-element elementor-element-43634e9c e-con-full e-flex e-con e-child\" data-id=\"43634e9c\" data-element_type=\"container\" data-e-type=\"container\">\n\t\t\t\t<div class=\"elementor-element elementor-element-8b56364 animated-slow elementor-invisible elementor-widget elementor-widget-image\" data-id=\"8b56364\" data-element_type=\"widget\" data-e-type=\"widget\" data-settings=\"{&quot;_animation&quot;:&quot;fadeIn&quot;}\" data-widget_type=\"image.default\">\n\t\t\t\t<div class=\"elementor-widget-container\">\n\t\t\t\t\t\t\t\t\t\t\t\t<figure class=\"wp-caption\">\n\t\t\t\t\t\t\t\t\t\t\t<a href=\"https:\/\/remundag.ch\/fr\/beratung-bei-ihnen-zuhause\/\">\n\t\t\t\t\t\t\t<img decoding=\"async\" width=\"500\" height=\"500\" src=\"https:\/\/remundag.ch\/wp-content\/uploads\/2023\/01\/card_carrosserie_angebot_1.jpg\" class=\"attachment-large size-large wp-image-819\" alt=\"Remund Carrosserie - Gutachten von Unfallsch\u00e4den\" srcset=\"https:\/\/remundag.ch\/wp-content\/uploads\/2023\/01\/card_carrosserie_angebot_1.jpg 500w, https:\/\/remundag.ch\/wp-content\/uploads\/2023\/01\/card_carrosserie_angebot_1-300x300.jpg 300w, https:\/\/remundag.ch\/wp-content\/uploads\/2023\/01\/card_carrosserie_angebot_1-150x150.jpg 150w\" sizes=\"(max-width: 500px) 100vw, 500px\" \/>\t\t\t\t\t\t\t\t<\/a>\n\t\t\t\t\t\t\t\t\t\t\t<figcaption class=\"widget-image-caption wp-caption-text\"><\/figcaption>\n\t\t\t\t\t\t\t\t\t\t<\/figure>\n\t\t\t\t\t\t\t\t\t<\/div>\n\t\t\t\t<\/div>\n\t\t\t\t<div class=\"elementor-element elementor-element-2769a425 elementor-widget__width-auto elementor-absolute elementor-widget elementor-widget-heading\" data-id=\"2769a425\" data-element_type=\"widget\" data-e-type=\"widget\" data-settings=\"{&quot;_position&quot;:&quot;absolute&quot;}\" data-widget_type=\"heading.default\">\n\t\t\t\t<div class=\"elementor-widget-container\">\n\t\t\t\t\t<div class=\"elementor-heading-title elementor-size-default\"><a href=\"https:\/\/remundag.ch\/fr\/beratung-bei-ihnen-zuhause\/\">Conseil \u00e0 domicile<\/a><\/div>\t\t\t\t<\/div>\n\t\t\t\t<\/div>\n\t\t\t\t<\/div>\n\t\t\t\t<\/div>\n\t\t<div class=\"elementor-element elementor-element-c12fe4c e-flex e-con-boxed e-con e-parent\" data-id=\"c12fe4c\" data-element_type=\"container\" data-e-type=\"container\">\n\t\t\t\t\t<div class=\"e-con-inner\">\n\t\t\t\t<div class=\"elementor-element elementor-element-ec68835 elementor-widget elementor-widget-spacer\" data-id=\"ec68835\" data-element_type=\"widget\" data-e-type=\"widget\" data-widget_type=\"spacer.default\">\n\t\t\t\t<div class=\"elementor-widget-container\">\n\t\t\t\t\t\t\t<div class=\"elementor-spacer\">\n\t\t\t<div class=\"elementor-spacer-inner\"><\/div>\n\t\t<\/div>\n\t\t\t\t\t\t<\/div>\n\t\t\t\t<\/div>\n\t\t\t\t\t<\/div>\n\t\t\t\t<\/div>\n\t\t\t\t<\/div>","protected":false},"excerpt":{"rendered":"<p>Autobahnvignette geschenkt Scheibe defekt? Autobahnvignette geschenkt! Lassen Sie Ihre defekte Frontscheibe bei uns ersetzen oder reparieren. Als Dankesch\u00f6n schenken wir Ihnen eine Autobahnvignette f\u00fcr das Folgejahr. Es ist ganz einfach: Sie bringen Ihren Gutschein bei uns in B\u00fcchslen vorbei und erhalten im Gegenzug die Autobahnvignette in physischer oder digitaler Form. Jetzt Termin vereinbaren Weitere Dienstleistungen [&hellip;]<\/p>\n","protected":false},"author":4,"featured_media":0,"parent":12859,"menu_order":0,"comment_status":"closed","ping_status":"closed","template":"","meta":{"om_disable_all_campaigns":false,"inline_featured_image":false,"_uf_show_specific_survey":0,"_uf_disable_surveys":false,"footnotes":""},"class_list":["post-12771","page","type-page","status-publish","hentry"],"_links":{"self":[{"href":"https:\/\/remundag.ch\/fr\/wp-json\/wp\/v2\/pages\/12771","targetHints":{"allow":["GET"]}}],"collection":[{"href":"https:\/\/remundag.ch\/fr\/wp-json\/wp\/v2\/pages"}],"about":[{"href":"https:\/\/remundag.ch\/fr\/wp-json\/wp\/v2\/types\/page"}],"author":[{"embeddable":true,"href":"https:\/\/remundag.ch\/fr\/wp-json\/wp\/v2\/users\/4"}],"replies":[{"embeddable":true,"href":"https:\/\/remundag.ch\/fr\/wp-json\/wp\/v2\/comments?post=12771"}],"version-history":[{"count":27,"href":"https:\/\/remundag.ch\/fr\/wp-json\/wp\/v2\/pages\/12771\/revisions"}],"predecessor-version":[{"id":14589,"href":"https:\/\/remundag.ch\/fr\/wp-json\/wp\/v2\/pages\/12771\/revisions\/14589"}],"up":[{"embeddable":true,"href":"https:\/\/remundag.ch\/fr\/wp-json\/wp\/v2\/pages\/12859"}],"wp:attachment":[{"href":"https:\/\/remundag.ch\/fr\/wp-json\/wp\/v2\/media?parent=12771"}],"curies":[{"name":"wp","href":"https:\/\/api.w.org\/{rel}","templated":true}]}}