{"id":1227,"date":"2023-01-19T06:40:43","date_gmt":"2023-01-19T06:40:43","guid":{"rendered":"https:\/\/remundag.ch\/?page_id=1227"},"modified":"2026-04-10T10:42:03","modified_gmt":"2026-04-10T08:42:03","slug":"ueber-remund","status":"publish","type":"page","link":"https:\/\/remundag.ch\/fr\/ueber-remund\/","title":{"rendered":"\u00c0 propos de Remund"},"content":{"rendered":"<div data-elementor-type=\"wp-page\" data-elementor-id=\"1227\" class=\"elementor elementor-1227\" data-elementor-post-type=\"page\">\n\t\t\t\t\t\t<section class=\"elementor-section elementor-top-section elementor-element elementor-element-61401a3d elementor-section-full_width elementor-section-height-default elementor-section-height-default\" data-id=\"61401a3d\" data-element_type=\"section\" data-e-type=\"section\">\n\t\t\t\t\t\t<div class=\"elementor-container elementor-column-gap-no\">\n\t\t\t\t\t<div class=\"elementor-column elementor-col-100 elementor-top-column elementor-element elementor-element-4cc5e036\" data-id=\"4cc5e036\" data-element_type=\"column\" data-e-type=\"column\">\n\t\t\t<div class=\"elementor-widget-wrap elementor-element-populated\">\n\t\t\t\t\t\t<div class=\"elementor-element elementor-element-66e9a494 elementor--h-position-center elementor--v-position-middle elementor-pagination-position-inside elementor-widget elementor-widget-slides\" data-id=\"66e9a494\" data-element_type=\"widget\" data-e-type=\"widget\" data-settings=\"{&quot;navigation&quot;:&quot;dots&quot;,&quot;transition&quot;:&quot;fade&quot;,&quot;autoplay_speed&quot;:3000,&quot;autoplay&quot;:&quot;yes&quot;,&quot;pause_on_hover&quot;:&quot;yes&quot;,&quot;pause_on_interaction&quot;:&quot;yes&quot;,&quot;infinite&quot;:&quot;yes&quot;,&quot;transition_speed&quot;:500}\" data-widget_type=\"slides.default\">\n\t\t\t\t<div class=\"elementor-widget-container\">\n\t\t\t\t\t\t\t\t\t<div class=\"elementor-swiper\">\n\t\t\t\t\t<div class=\"elementor-slides-wrapper elementor-main-swiper swiper\" role=\"region\" aria-roledescription=\"carousel\" aria-label=\"Slider\" dir=\"ltr\" data-animation=\"fadeInUp\">\n\t\t\t\t<div class=\"swiper-wrapper elementor-slides\">\n\t\t\t\t\t\t\t\t\t\t<div class=\"elementor-repeater-item-b700a75 swiper-slide\" role=\"group\" aria-roledescription=\"slide\"><div class=\"swiper-slide-bg\" role=\"img\" aria-label=\"Remund Werbetechnik Carrosserie AG\"><\/div><div class=\"swiper-slide-inner\" ><div class=\"swiper-slide-contents\"><\/div><\/div><\/div><div class=\"elementor-repeater-item-9c5e490 swiper-slide\" role=\"group\" aria-roledescription=\"slide\"><div class=\"swiper-slide-bg\" role=\"img\" aria-label=\"Remund Werbetechnik Carrosserie AG\"><\/div><div class=\"swiper-slide-inner\" ><div class=\"swiper-slide-contents\"><\/div><\/div><\/div><div class=\"elementor-repeater-item-499e53d swiper-slide\" role=\"group\" aria-roledescription=\"slide\"><div class=\"swiper-slide-bg\" role=\"img\" aria-label=\"Remund Werbetechnik Carrosserie AG\"><\/div><div class=\"swiper-slide-inner\" ><div class=\"swiper-slide-contents\"><\/div><\/div><\/div>\t\t\t\t<\/div>\n\t\t\t\t\t\t\t\t\t\t\t\t\t\t\t\t\t\t\t\t<div class=\"swiper-pagination\"><\/div>\n\t\t\t\t\t\t\t\t\t\t\t\t<\/div>\n\t\t\t\t<\/div>\n\t\t\t\t\t\t\t\t<\/div>\n\t\t\t\t<\/div>\n\t\t\t\t\t<\/div>\n\t\t<\/div>\n\t\t\t\t\t<\/div>\n\t\t<\/section>\n\t\t\t\t<section class=\"elementor-section elementor-top-section elementor-element elementor-element-ca150a5 elementor-section-boxed elementor-section-height-default elementor-section-height-default\" data-id=\"ca150a5\" data-element_type=\"section\" data-e-type=\"section\">\n\t\t\t\t\t\t<div class=\"elementor-container elementor-column-gap-default\">\n\t\t\t\t\t<div class=\"elementor-column elementor-col-100 elementor-top-column elementor-element elementor-element-71a7753\" data-id=\"71a7753\" data-element_type=\"column\" data-e-type=\"column\">\n\t\t\t<div class=\"elementor-widget-wrap elementor-element-populated\">\n\t\t\t\t\t\t<div class=\"elementor-element elementor-element-bab6640 elementor-widget elementor-widget-heading\" data-id=\"bab6640\" data-element_type=\"widget\" data-e-type=\"widget\" data-widget_type=\"heading.default\">\n\t\t\t\t<div class=\"elementor-widget-container\">\n\t\t\t\t\t<h1 class=\"elementor-heading-title elementor-size-default\">\u00c0 propos de Remund<\/h1>\t\t\t\t<\/div>\n\t\t\t\t<\/div>\n\t\t\t\t<div class=\"elementor-element elementor-element-054af4e elementor-widget elementor-widget-text-editor\" data-id=\"054af4e\" data-element_type=\"widget\" data-e-type=\"widget\" data-widget_type=\"text-editor.default\">\n\t\t\t\t<div class=\"elementor-widget-container\">\n\t\t\t\t\t\t\t\t\t<p><strong><br \/>Notre entreprise:<\/strong><br \/>Remund AG est une entreprise g\u00e9r\u00e9e par ses propri\u00e9taires, affichant tous les atouts typiques d\u2019une entreprise familiale: interlocuteurs d\u00e9cisionnaires, bonne r\u00e9activit\u00e9 et grande autonomie. Une histoire qui a d\u00e9but\u00e9 il y a plus de 40 ans \u00e0 B\u00fcchslen. Aujourd\u2019hui, l\u2019entreprise est dirig\u00e9e par la deuxi\u00e8me g\u00e9n\u00e9ration. Le p\u00e8re et fondateur, Franz Remund, est le pr\u00e9sident du conseil d\u2019administration. Ses deux fils, Philipp et Roger Remund, se partagent les r\u00eanes de la direction.<\/p><p>Notre site op\u00e9rationnel est situ\u00e9 \u00e0 B\u00fcchslen. C\u2019est l\u00e0 que travaillent nos chefs et cheffes de projets, techniciens et techniciennes, graphistes, carrossiers et carrossi\u00e8res et bien d\u2019autres professionnels. Nous y avons r\u00e9uni la carrosserie et la technique publicitaire sous un m\u00eame toit, dans une offre tout-en-un.<\/p><p>\u00a0<\/p><p>\u00a0<\/p><p><strong>Notre histoire:<br \/><\/strong><em>1981<\/em> <br \/>Franz Remund reprend la soci\u00e9t\u00e9 Enzler AG avec ses 4 collaborateurs \u00e0 B\u00fcchslen. Rebaptis\u00e9e, elle devient l\u2019entreprise familiale Remund AG.<\/p><p><em>1988<\/em> <br \/>Remund AG \u00e9tend son c\u0153ur de m\u00e9tier, initialement centr\u00e9 sur les v\u00e9hicules particuliers, aux v\u00e9hicules utilitaires. Le nombre des collaborateurs de la soci\u00e9t\u00e9 augmente \u00e9galement: ils sont d\u00e9sormais 17. Un nouveau b\u00e2timent s\u2019av\u00e8re indispensable.<\/p><p><em>1989<\/em> <br \/>L\u2019entreprise s\u2019installe dans ses nouveaux locaux. Dans le m\u00eame temps, elle met en place les installations n\u00e9cessaires \u00e0 accueillir cette branche porteuse d\u2019avenir qu\u2019est la technique de peinture au pistolet sur poids lourds.<\/p><p><em>1994<\/em> <br \/>Entre-temps, Remund AG accro\u00eet ses effectifs qui comptent \u00e0 pr\u00e9sent 30 collaborateurs. Un nouveau probl\u00e8me de place trouve une solution optimale dans l\u2019agrandissement du b\u00e2timent administratif et l\u2019extension de l\u2019atelier.<\/p><p><em>1996<\/em> <br \/>Remund AG \u00e9largit son offre avec un atelier d\u2019impression.<\/p><p><em>2004<\/em> <br \/>Avec ses deux fils, Franz Remund acquiert l\u2019entreprise J. J. Thi\u00e9baud AG domicili\u00e9e depuis de nombreuses ann\u00e9es \u00e0 Murten. L\u2019entreprise devient Remund Werbetechnik AG.<\/p><p><em>2007<\/em> <br \/>Remund Werbetechnik AG emm\u00e9nage dans le centre de comp\u00e9tences nouvellement construit \u00e0 B\u00fcchslen. L\u2019ensemble des services de carrosserie et de technique publicitaire sont d\u00e9sormais r\u00e9unis sous un m\u00eame toit.<\/p><p><em>2011<\/em> <br \/>Roger et Philipp Remund deviennent actionnaires \u00e0 part \u00e9gales des deux soci\u00e9t\u00e9s. La rel\u00e8ve est donc assur\u00e9e. Franz Remund garde une part active au sein de l\u2019entreprise familiale en devenant pr\u00e9sident du conseil d\u2019administration.<\/p><p><em>2012<\/em> <br \/>Remund AG f\u00eate ses 30 ans d\u2019existence.<\/p><p><em>2022<\/em> <br \/>La nouvelle halle de montage est mise en service.<\/p>\t\t\t\t\t\t\t\t<\/div>\n\t\t\t\t<\/div>\n\t\t\t\t\t<\/div>\n\t\t<\/div>\n\t\t\t\t\t<\/div>\n\t\t<\/section>\n\t\t\t\t<section class=\"elementor-section elementor-top-section elementor-element elementor-element-a4cff5a elementor-section-boxed elementor-section-height-default elementor-section-height-default\" data-id=\"a4cff5a\" data-element_type=\"section\" data-e-type=\"section\" data-no-translation=\"\">\n\t\t\t\t\t\t<div class=\"elementor-container elementor-column-gap-default\">\n\t\t\t\t\t<div class=\"elementor-column elementor-col-50 elementor-top-column elementor-element elementor-element-d4a1b1d\" data-id=\"d4a1b1d\" data-element_type=\"column\" data-e-type=\"column\">\n\t\t\t<div class=\"elementor-widget-wrap elementor-element-populated\">\n\t\t\t\t\t\t<div class=\"elementor-element elementor-element-73bc3a2 elementor-widget elementor-widget-text-editor\" data-id=\"73bc3a2\" data-element_type=\"widget\" data-e-type=\"widget\" data-no-translation=\"\" data-widget_type=\"text-editor.default\">\n\t\t\t\t<div class=\"elementor-widget-container\">\n\t\t\t\t\t\t\t\t\t<p><span style=\"font-weight: bolder;\">Nos Valeurs:<\/span><\/p><p><strong><em>Fiabilit\u00e9<\/em><\/strong><br \/>Nous sommes forts de plus de 40 ann\u00e9es d\u2019exp\u00e9rience. Nos collaborateurs se forment en permanence pour \u00eatre constamment \u00e0 la pointe de la technologie. Notre infrastructure dot\u00e9e d\u2019\u00e9quipements ultramodernes vous garantit un travail s\u00fbr et efficace.\u00a0Nous avons mis en place une gestion de la qualit\u00e9 et de l&#8217;environnement conforme respectivement aux normes ISO 9001 et 14001.<\/p><p><em><strong>Transversalit\u00e9:<\/strong><br \/><\/em>Nous travaillons de mani\u00e8re transversale et proposons des services de carrosserie et de technique publicitaire dans une offre tout-en-un. Toutes les demandes de nos clients sont r\u00e9ceptionn\u00e9es par nos conseillers et conseill\u00e8res client\u00e8le, qui les accompagnent ensuite jusqu\u2019\u00e0 la finalisation. Ils prennent en charge l\u2019ensemble de la coordination avec tous les partenaires internes et externes.<\/p><p><strong><em>Efficacit\u00e9:<\/em><\/strong><br \/>Notre hi\u00e9rarchie horizontale et notre site de production central nous conf\u00e8rent toute l\u2019agilit\u00e9 requise pour mettre en \u0153uvre vos projets, sans n\u00e9gliger nos standards de qualit\u00e9 \u00e9lev\u00e9s.<\/p><p><em><strong>Personnalisation:<\/strong><br \/><\/em>Nous nous consid\u00e9rons comme des prestataires de services et des partenaires, et non comme de simples ex\u00e9cutants ou fournisseurs. Pour comprendre les besoins de nos clientes et clients, nous instaurons des relations personnalis\u00e9es et attachons une grande importance \u00e0 faciliter la communication.<\/p><p><strong><em>Durabilit\u00e9:<\/em><\/strong><br \/>Nous pratiquons une gestion active de notre impact environnemental conforme \u00e0 la norme ISO 14001 et attachons une grande importance \u00e0 garantir une production durable et responsable.<\/p>\t\t\t\t\t\t\t\t<\/div>\n\t\t\t\t<\/div>\n\t\t\t\t\t<\/div>\n\t\t<\/div>\n\t\t\t\t<div class=\"elementor-column elementor-col-50 elementor-top-column elementor-element elementor-element-419e170\" data-id=\"419e170\" data-element_type=\"column\" data-e-type=\"column\">\n\t\t\t<div class=\"elementor-widget-wrap elementor-element-populated\">\n\t\t\t\t\t\t<div class=\"elementor-element elementor-element-36bb27e elementor-widget elementor-widget-image\" data-id=\"36bb27e\" data-element_type=\"widget\" data-e-type=\"widget\" data-widget_type=\"image.default\">\n\t\t\t\t<div class=\"elementor-widget-container\">\n\t\t\t\t\t\t\t\t\t\t\t\t\t\t\t<img fetchpriority=\"high\" decoding=\"async\" width=\"800\" height=\"450\" src=\"https:\/\/remundag.ch\/wp-content\/uploads\/2026\/04\/Design-ohne-Titel-13-1024x576.png\" class=\"attachment-large size-large wp-image-15115\" alt=\"\" srcset=\"https:\/\/remundag.ch\/wp-content\/uploads\/2026\/04\/Design-ohne-Titel-13-1024x576.png 1024w, https:\/\/remundag.ch\/wp-content\/uploads\/2026\/04\/Design-ohne-Titel-13-300x169.png 300w, https:\/\/remundag.ch\/wp-content\/uploads\/2026\/04\/Design-ohne-Titel-13-768x432.png 768w, https:\/\/remundag.ch\/wp-content\/uploads\/2026\/04\/Design-ohne-Titel-13-1536x864.png 1536w, https:\/\/remundag.ch\/wp-content\/uploads\/2026\/04\/Design-ohne-Titel-13-18x10.png 18w, https:\/\/remundag.ch\/wp-content\/uploads\/2026\/04\/Design-ohne-Titel-13.png 1920w\" sizes=\"(max-width: 800px) 100vw, 800px\" \/>\t\t\t\t\t\t\t\t\t\t\t\t\t\t\t<\/div>\n\t\t\t\t<\/div>\n\t\t\t\t\t<\/div>\n\t\t<\/div>\n\t\t\t\t\t<\/div>\n\t\t<\/section>\n\t\t<div class=\"elementor-element elementor-element-991c679 e-flex e-con-boxed e-con e-parent\" data-id=\"991c679\" data-element_type=\"container\" data-e-type=\"container\">\n\t\t\t\t\t<div class=\"e-con-inner\">\n\t\t<div class=\"elementor-element elementor-element-f8598fb hover-class e-con-full e-flex e-con e-child\" data-id=\"f8598fb\" data-element_type=\"container\" data-e-type=\"container\">\n\t\t\t\t<div class=\"elementor-element elementor-element-4c00565 elementor-widget elementor-widget-image\" data-id=\"4c00565\" data-element_type=\"widget\" data-e-type=\"widget\" data-widget_type=\"image.default\">\n\t\t\t\t<div class=\"elementor-widget-container\">\n\t\t\t\t\t\t\t\t\t\t\t\t\t\t\t<img decoding=\"async\" width=\"500\" height=\"500\" src=\"https:\/\/remundag.ch\/wp-content\/uploads\/2023\/03\/71.png\" class=\"attachment-large size-large wp-image-2085\" alt=\"\" srcset=\"https:\/\/remundag.ch\/wp-content\/uploads\/2023\/03\/71.png 500w, https:\/\/remundag.ch\/wp-content\/uploads\/2023\/03\/71-300x300.png 300w, https:\/\/remundag.ch\/wp-content\/uploads\/2023\/03\/71-150x150.png 150w\" sizes=\"(max-width: 500px) 100vw, 500px\" \/>\t\t\t\t\t\t\t\t\t\t\t\t\t\t\t<\/div>\n\t\t\t\t<\/div>\n\t\t\t\t<div class=\"elementor-element elementor-element-6356e9a elementor-widget elementor-widget-heading\" data-id=\"6356e9a\" data-element_type=\"widget\" data-e-type=\"widget\" data-widget_type=\"heading.default\">\n\t\t\t\t<div class=\"elementor-widget-container\">\n\t\t\t\t\t<div class=\"elementor-heading-title elementor-size-default\">Plus de 40 ans d'exp\u00e9rience<\/div>\t\t\t\t<\/div>\n\t\t\t\t<\/div>\n\t\t\t\t<\/div>\n\t\t<div class=\"elementor-element elementor-element-8605779 hover-class e-con-full e-flex e-con e-child\" data-id=\"8605779\" data-element_type=\"container\" data-e-type=\"container\">\n\t\t\t\t<div class=\"elementor-element elementor-element-06d2f1d elementor-widget elementor-widget-image\" data-id=\"06d2f1d\" data-element_type=\"widget\" data-e-type=\"widget\" data-widget_type=\"image.default\">\n\t\t\t\t<div class=\"elementor-widget-container\">\n\t\t\t\t\t\t\t\t\t\t\t\t\t\t\t<img decoding=\"async\" width=\"500\" height=\"500\" src=\"https:\/\/remundag.ch\/wp-content\/uploads\/2023\/03\/70.png\" class=\"attachment-large size-large wp-image-2084\" alt=\"\" srcset=\"https:\/\/remundag.ch\/wp-content\/uploads\/2023\/03\/70.png 500w, https:\/\/remundag.ch\/wp-content\/uploads\/2023\/03\/70-300x300.png 300w, https:\/\/remundag.ch\/wp-content\/uploads\/2023\/03\/70-150x150.png 150w\" sizes=\"(max-width: 500px) 100vw, 500px\" \/>\t\t\t\t\t\t\t\t\t\t\t\t\t\t\t<\/div>\n\t\t\t\t<\/div>\n\t\t\t\t<div class=\"elementor-element elementor-element-6751b5c elementor-widget elementor-widget-heading\" data-id=\"6751b5c\" data-element_type=\"widget\" data-e-type=\"widget\" data-widget_type=\"heading.default\">\n\t\t\t\t<div class=\"elementor-widget-container\">\n\t\t\t\t\t<div class=\"elementor-heading-title elementor-size-default\">Collaborateurs parfaitement form\u00e9s<\/div>\t\t\t\t<\/div>\n\t\t\t\t<\/div>\n\t\t\t\t<\/div>\n\t\t<div class=\"elementor-element elementor-element-3ced002 hover-class e-con-full e-flex e-con e-child\" data-id=\"3ced002\" data-element_type=\"container\" data-e-type=\"container\">\n\t\t\t\t<div class=\"elementor-element elementor-element-0b1d32a elementor-widget elementor-widget-image\" data-id=\"0b1d32a\" data-element_type=\"widget\" data-e-type=\"widget\" data-widget_type=\"image.default\">\n\t\t\t\t<div class=\"elementor-widget-container\">\n\t\t\t\t\t\t\t\t\t\t\t\t\t\t\t<img loading=\"lazy\" decoding=\"async\" width=\"500\" height=\"500\" src=\"https:\/\/remundag.ch\/wp-content\/uploads\/2023\/03\/72.png\" class=\"attachment-large size-large wp-image-2086\" alt=\"\" srcset=\"https:\/\/remundag.ch\/wp-content\/uploads\/2023\/03\/72.png 500w, https:\/\/remundag.ch\/wp-content\/uploads\/2023\/03\/72-300x300.png 300w, https:\/\/remundag.ch\/wp-content\/uploads\/2023\/03\/72-150x150.png 150w\" sizes=\"(max-width: 500px) 100vw, 500px\" \/>\t\t\t\t\t\t\t\t\t\t\t\t\t\t\t<\/div>\n\t\t\t\t<\/div>\n\t\t\t\t<div class=\"elementor-element elementor-element-73760e8 elementor-widget elementor-widget-heading\" data-id=\"73760e8\" data-element_type=\"widget\" data-e-type=\"widget\" data-widget_type=\"heading.default\">\n\t\t\t\t<div class=\"elementor-widget-container\">\n\t\t\t\t\t<div class=\"elementor-heading-title elementor-size-default\">Infrastructure vaste et moderne<\/div>\t\t\t\t<\/div>\n\t\t\t\t<\/div>\n\t\t\t\t<\/div>\n\t\t<div class=\"elementor-element elementor-element-307d509 hover-class e-con-full e-flex e-con e-child\" data-id=\"307d509\" data-element_type=\"container\" data-e-type=\"container\">\n\t\t\t\t<div class=\"elementor-element elementor-element-3ccd457 elementor-widget elementor-widget-image\" data-id=\"3ccd457\" data-element_type=\"widget\" data-e-type=\"widget\" data-widget_type=\"image.default\">\n\t\t\t\t<div class=\"elementor-widget-container\">\n\t\t\t\t\t\t\t\t\t\t\t\t\t\t\t<img loading=\"lazy\" decoding=\"async\" width=\"500\" height=\"500\" src=\"https:\/\/remundag.ch\/wp-content\/uploads\/2023\/01\/worker.png\" class=\"attachment-large size-large wp-image-989\" alt=\"\" srcset=\"https:\/\/remundag.ch\/wp-content\/uploads\/2023\/01\/worker.png 500w, https:\/\/remundag.ch\/wp-content\/uploads\/2023\/01\/worker-300x300.png 300w, https:\/\/remundag.ch\/wp-content\/uploads\/2023\/01\/worker-150x150.png 150w\" sizes=\"(max-width: 500px) 100vw, 500px\" \/>\t\t\t\t\t\t\t\t\t\t\t\t\t\t\t<\/div>\n\t\t\t\t<\/div>\n\t\t\t\t<div class=\"elementor-element elementor-element-686d8af elementor-widget elementor-widget-heading\" data-id=\"686d8af\" data-element_type=\"widget\" data-e-type=\"widget\" data-widget_type=\"heading.default\">\n\t\t\t\t<div class=\"elementor-widget-container\">\n\t\t\t\t\t<div class=\"elementor-heading-title elementor-size-default\">Une offre tout-en-un<\/div>\t\t\t\t<\/div>\n\t\t\t\t<\/div>\n\t\t\t\t<\/div>\n\t\t\t\t\t<\/div>\n\t\t\t\t<\/div>\n\t\t\t\t<\/div>","protected":false},"excerpt":{"rendered":"<p>Unsere FirmaDie Remund AG ist ein inhabergef\u00fchrtes Unternehmen mit den typischen Vorz\u00fcgen eines Familienbetriebes: Entscheidungsf\u00e4hige Ansprechpartner, kurze Reaktionszeiten und hohe Eigenverantwortung. Eine Geschichte, die vor \u00fcber 40 Jahren in B\u00fcchslen ihren Anfang nahm. Heute wird das Unternehmen in der zweiten Generation gef\u00fchrt. Vater und Gr\u00fcnder Franz Remund fungiert als Verwaltungsratspr\u00e4sident. Die Gesch\u00e4ftsleitung der Remund AG [&hellip;]<\/p>\n","protected":false},"author":2,"featured_media":0,"parent":0,"menu_order":0,"comment_status":"closed","ping_status":"closed","template":"","meta":{"om_disable_all_campaigns":false,"inline_featured_image":false,"_uf_show_specific_survey":0,"_uf_disable_surveys":false,"footnotes":""},"class_list":["post-1227","page","type-page","status-publish","hentry"],"_links":{"self":[{"href":"https:\/\/remundag.ch\/fr\/wp-json\/wp\/v2\/pages\/1227","targetHints":{"allow":["GET"]}}],"collection":[{"href":"https:\/\/remundag.ch\/fr\/wp-json\/wp\/v2\/pages"}],"about":[{"href":"https:\/\/remundag.ch\/fr\/wp-json\/wp\/v2\/types\/page"}],"author":[{"embeddable":true,"href":"https:\/\/remundag.ch\/fr\/wp-json\/wp\/v2\/users\/2"}],"replies":[{"embeddable":true,"href":"https:\/\/remundag.ch\/fr\/wp-json\/wp\/v2\/comments?post=1227"}],"version-history":[{"count":169,"href":"https:\/\/remundag.ch\/fr\/wp-json\/wp\/v2\/pages\/1227\/revisions"}],"predecessor-version":[{"id":15132,"href":"https:\/\/remundag.ch\/fr\/wp-json\/wp\/v2\/pages\/1227\/revisions\/15132"}],"wp:attachment":[{"href":"https:\/\/remundag.ch\/fr\/wp-json\/wp\/v2\/media?parent=1227"}],"curies":[{"name":"wp","href":"https:\/\/api.w.org\/{rel}","templated":true}]}}