{"id":12083,"date":"2024-06-21T11:09:47","date_gmt":"2024-06-21T09:09:47","guid":{"rendered":"https:\/\/remundag.ch\/?page_id=12083"},"modified":"2026-02-02T15:34:37","modified_gmt":"2026-02-02T14:34:37","slug":"produktion-und-montage","status":"publish","type":"page","link":"https:\/\/remundag.ch\/fr\/produktion-und-montage\/","title":{"rendered":"Production et montage"},"content":{"rendered":"<div data-elementor-type=\"wp-page\" data-elementor-id=\"12083\" class=\"elementor elementor-12083\" data-elementor-post-type=\"page\">\n\t\t\t\t\t\t<section class=\"elementor-section elementor-top-section elementor-element elementor-element-369d65ca elementor-section-full_width elementor-section-height-default elementor-section-height-default\" data-id=\"369d65ca\" data-element_type=\"section\" data-e-type=\"section\">\n\t\t\t\t\t\t<div class=\"elementor-container elementor-column-gap-no\">\n\t\t\t\t\t<div class=\"elementor-column elementor-col-100 elementor-top-column elementor-element elementor-element-21830e15\" data-id=\"21830e15\" data-element_type=\"column\" data-e-type=\"column\">\n\t\t\t<div class=\"elementor-widget-wrap elementor-element-populated\">\n\t\t\t\t\t\t<div class=\"elementor-element elementor-element-77d8bfad elementor--h-position-center elementor--v-position-middle elementor-pagination-position-inside elementor-widget elementor-widget-slides\" data-id=\"77d8bfad\" data-element_type=\"widget\" data-e-type=\"widget\" data-settings=\"{&quot;navigation&quot;:&quot;dots&quot;,&quot;autoplay&quot;:&quot;yes&quot;,&quot;pause_on_hover&quot;:&quot;yes&quot;,&quot;pause_on_interaction&quot;:&quot;yes&quot;,&quot;autoplay_speed&quot;:5000,&quot;infinite&quot;:&quot;yes&quot;,&quot;transition&quot;:&quot;slide&quot;,&quot;transition_speed&quot;:500}\" data-widget_type=\"slides.default\">\n\t\t\t\t<div class=\"elementor-widget-container\">\n\t\t\t\t\t\t\t\t\t<div class=\"elementor-swiper\">\n\t\t\t\t\t<div class=\"elementor-slides-wrapper elementor-main-swiper swiper\" role=\"region\" aria-roledescription=\"carousel\" aria-label=\"Slider\" dir=\"ltr\" data-animation=\"fadeInUp\">\n\t\t\t\t<div class=\"swiper-wrapper elementor-slides\">\n\t\t\t\t\t\t\t\t\t\t<div class=\"elementor-repeater-item-b700a75 swiper-slide\" role=\"group\" aria-roledescription=\"slide\"><div class=\"swiper-slide-bg\" role=\"img\" aria-label=\"Remund Werbetechnik - Beschriftung Lok - Schindler Aufz\u00fcge\"><\/div><div class=\"swiper-slide-inner\" ><div class=\"swiper-slide-contents\"><\/div><\/div><\/div><div class=\"elementor-repeater-item-230abed swiper-slide\" role=\"group\" aria-roledescription=\"slide\"><div class=\"swiper-slide-bg\" role=\"img\" aria-label=\"Impression textile\"><\/div><div class=\"swiper-slide-inner\" ><div class=\"swiper-slide-contents\"><\/div><\/div><\/div><div class=\"elementor-repeater-item-a45c58b swiper-slide\" role=\"group\" aria-roledescription=\"slide\"><div class=\"swiper-slide-bg\" role=\"img\" aria-label=\"Remund Werbetechnik Folierung\"><\/div><div class=\"swiper-slide-inner\" ><div class=\"swiper-slide-contents\"><\/div><\/div><\/div><div class=\"elementor-repeater-item-17d07e1 swiper-slide\" role=\"group\" aria-roledescription=\"slide\"><div class=\"swiper-slide-bg\" role=\"img\" aria-label=\"Remund Werbetechnik Beschriftung - Geh\u00e4use\"><\/div><div class=\"swiper-slide-inner\" ><div class=\"swiper-slide-contents\"><\/div><\/div><\/div>\t\t\t\t<\/div>\n\t\t\t\t\t\t\t\t\t\t\t\t\t\t\t\t\t\t\t\t<div class=\"swiper-pagination\"><\/div>\n\t\t\t\t\t\t\t\t\t\t\t\t<\/div>\n\t\t\t\t<\/div>\n\t\t\t\t\t\t\t\t<\/div>\n\t\t\t\t<\/div>\n\t\t\t\t\t<\/div>\n\t\t<\/div>\n\t\t\t\t\t<\/div>\n\t\t<\/section>\n\t\t\t\t<section class=\"elementor-section elementor-top-section elementor-element elementor-element-afdb923 elementor-section-full_width elementor-section-height-default elementor-section-height-default\" data-id=\"afdb923\" data-element_type=\"section\" data-e-type=\"section\">\n\t\t\t\t\t\t<div class=\"elementor-container elementor-column-gap-no\">\n\t\t\t\t\t<div class=\"elementor-column elementor-col-100 elementor-top-column elementor-element elementor-element-6aa93f67\" data-id=\"6aa93f67\" data-element_type=\"column\" data-e-type=\"column\">\n\t\t\t<div class=\"elementor-widget-wrap elementor-element-populated\">\n\t\t\t\t\t\t<div class=\"elementor-element elementor-element-c2c2d69 elementor-widget elementor-widget-spacer\" data-id=\"c2c2d69\" data-element_type=\"widget\" data-e-type=\"widget\" data-widget_type=\"spacer.default\">\n\t\t\t\t<div class=\"elementor-widget-container\">\n\t\t\t\t\t\t\t<div class=\"elementor-spacer\">\n\t\t\t<div class=\"elementor-spacer-inner\"><\/div>\n\t\t<\/div>\n\t\t\t\t\t\t<\/div>\n\t\t\t\t<\/div>\n\t\t\t\t\t<\/div>\n\t\t<\/div>\n\t\t\t\t\t<\/div>\n\t\t<\/section>\n\t\t\t\t<section class=\"elementor-section elementor-top-section elementor-element elementor-element-36e0a5df elementor-section-boxed elementor-section-height-default elementor-section-height-default\" data-id=\"36e0a5df\" data-element_type=\"section\" data-e-type=\"section\">\n\t\t\t\t\t\t<div class=\"elementor-container elementor-column-gap-default\">\n\t\t\t\t\t<div class=\"elementor-column elementor-col-100 elementor-top-column elementor-element elementor-element-116fcb58\" data-id=\"116fcb58\" data-element_type=\"column\" data-e-type=\"column\">\n\t\t\t<div class=\"elementor-widget-wrap elementor-element-populated\">\n\t\t\t\t\t\t<div class=\"elementor-element elementor-element-b5968ae elementor-widget elementor-widget-heading\" data-id=\"b5968ae\" data-element_type=\"widget\" data-e-type=\"widget\" data-widget_type=\"heading.default\">\n\t\t\t\t<div class=\"elementor-widget-container\">\n\t\t\t\t\t<h1 class=\"elementor-heading-title elementor-size-default\">Production et montage<\/h1>\t\t\t\t<\/div>\n\t\t\t\t<\/div>\n\t\t\t\t<div class=\"elementor-element elementor-element-d741816 elementor-widget elementor-widget-heading\" data-id=\"d741816\" data-element_type=\"widget\" data-e-type=\"widget\" data-widget_type=\"heading.default\">\n\t\t\t\t<div class=\"elementor-widget-container\">\n\t\t\t\t\t<h2 class=\"elementor-heading-title elementor-size-default\">En route dans toute la Suisse.<\/h2>\t\t\t\t<\/div>\n\t\t\t\t<\/div>\n\t\t\t\t<div class=\"elementor-element elementor-element-93fc304 elementor-widget elementor-widget-text-editor\" data-id=\"93fc304\" data-element_type=\"widget\" data-e-type=\"widget\" data-widget_type=\"text-editor.default\">\n\t\t\t\t<div class=\"elementor-widget-container\">\n\t\t\t\t\t\t\t\t\t<p>Notre \u00e9quipe se d\u00e9place jour apr\u00e8s jour dans toute la Suisse pour effectuer des montages.<\/p><p>Les montages qui ne sont pas r\u00e9alis\u00e9s sur place sont effectu\u00e9s sur notre site de B\u00fcchslen. Nous y disposons de locaux spacieux, \u00e9quip\u00e9s des infrastructures les plus modernes. Tout ce qui sera ensuite mont\u00e9 et appliqu\u00e9 est produit \u00e0 B\u00fcchslen. Notre site de production comprend la s\u00e9rigraphie, l'impression num\u00e9rique, l'impression UV et la tampographie. Nous disposons en outre d'une fraiseuse qui nous permet de d\u00e9couper avec pr\u00e9cision tout type de mat\u00e9riau.<\/p><p>Nous avons l'habitude de penser \"out-of-the-box\", afin de toujours trouver la solution optimale pour les montages exigeants. Les situations complexes et impr\u00e9vues sur place ne nous d\u00e9stabilisent pas. La s\u00e9curit\u00e9 est toujours notre priorit\u00e9 et nous utilisons par exemple des plateformes \u00e9l\u00e9vatrices lorsqu'un montage doit \u00eatre effectu\u00e9 en hauteur. Dans notre travail quotidien, nous sommes aid\u00e9s par nos ann\u00e9es d'exp\u00e9rience et par le d\u00e9veloppement constant de nos collaborateurs.<\/p>\t\t\t\t\t\t\t\t<\/div>\n\t\t\t\t<\/div>\n\t\t\t\t\t<\/div>\n\t\t<\/div>\n\t\t\t\t\t<\/div>\n\t\t<\/section>\n\t\t<div class=\"elementor-element elementor-element-526ab44a e-con-full e-flex e-con e-parent\" data-id=\"526ab44a\" data-element_type=\"container\" data-e-type=\"container\">\n\t\t<div class=\"elementor-element elementor-element-759afd9 e-flex e-con-boxed e-con e-child\" data-id=\"759afd9\" data-element_type=\"container\" data-e-type=\"container\">\n\t\t\t\t\t<div class=\"e-con-inner\">\n\t\t\t\t<div class=\"elementor-element elementor-element-74bffaf0 elementor-widget__width-inherit elementor-widget elementor-widget-heading\" data-id=\"74bffaf0\" data-element_type=\"widget\" data-e-type=\"widget\" data-widget_type=\"heading.default\">\n\t\t\t\t<div class=\"elementor-widget-container\">\n\t\t\t\t\t<h2 class=\"elementor-heading-title elementor-size-default\">Notre offre<\/h2>\t\t\t\t<\/div>\n\t\t\t\t<\/div>\n\t\t\t\t\t<\/div>\n\t\t\t\t<\/div>\n\t\t<div class=\"elementor-element elementor-element-5ca6757a e-con-full e-flex e-con e-child\" data-id=\"5ca6757a\" data-element_type=\"container\" data-e-type=\"container\">\n\t\t\t\t<div class=\"elementor-element elementor-element-76ea9826 animated-slow elementor-invisible elementor-widget elementor-widget-image\" data-id=\"76ea9826\" data-element_type=\"widget\" data-e-type=\"widget\" data-settings=\"{&quot;_animation&quot;:&quot;fadeIn&quot;}\" data-widget_type=\"image.default\">\n\t\t\t\t<div class=\"elementor-widget-container\">\n\t\t\t\t\t\t\t\t\t\t\t\t<figure class=\"wp-caption\">\n\t\t\t\t\t\t\t\t\t\t\t<a href=\"https:\/\/remundag.ch\/fr\/werbetechnik\/fahrzeugbeschriftung\/\">\n\t\t\t\t\t\t\t<img fetchpriority=\"high\" decoding=\"async\" width=\"500\" height=\"500\" src=\"https:\/\/remundag.ch\/wp-content\/uploads\/2023\/01\/cards_angebot_Fahrzeugbeschriftung.jpg\" class=\"attachment-large size-large wp-image-834\" alt=\"Remund Werbetechnik Beschriftung - Fahrzeug - Discant Fitnesscenter\" srcset=\"https:\/\/remundag.ch\/wp-content\/uploads\/2023\/01\/cards_angebot_Fahrzeugbeschriftung.jpg 500w, https:\/\/remundag.ch\/wp-content\/uploads\/2023\/01\/cards_angebot_Fahrzeugbeschriftung-300x300.jpg 300w, https:\/\/remundag.ch\/wp-content\/uploads\/2023\/01\/cards_angebot_Fahrzeugbeschriftung-150x150.jpg 150w\" sizes=\"(max-width: 500px) 100vw, 500px\" \/>\t\t\t\t\t\t\t\t<\/a>\n\t\t\t\t\t\t\t\t\t\t\t<figcaption class=\"widget-image-caption wp-caption-text\"><\/figcaption>\n\t\t\t\t\t\t\t\t\t\t<\/figure>\n\t\t\t\t\t\t\t\t\t<\/div>\n\t\t\t\t<\/div>\n\t\t\t\t<div class=\"elementor-element elementor-element-11161640 elementor-widget__width-auto elementor-absolute elementor-widget elementor-widget-heading\" data-id=\"11161640\" data-element_type=\"widget\" data-e-type=\"widget\" data-settings=\"{&quot;_position&quot;:&quot;absolute&quot;}\" data-widget_type=\"heading.default\">\n\t\t\t\t<div class=\"elementor-widget-container\">\n\t\t\t\t\t<h2 class=\"elementor-heading-title elementor-size-default\"><a href=\"https:\/\/remundag.ch\/fr\/werbetechnik\/fahrzeugbeschriftung\/\">Marquages v\u00e9hicules<\/a><\/h2>\t\t\t\t<\/div>\n\t\t\t\t<\/div>\n\t\t\t\t<\/div>\n\t\t<div class=\"elementor-element elementor-element-65b0ab17 e-con-full e-flex e-con e-child\" data-id=\"65b0ab17\" data-element_type=\"container\" data-e-type=\"container\">\n\t\t\t\t<div class=\"elementor-element elementor-element-1d16225b animated-slow elementor-invisible elementor-widget elementor-widget-image\" data-id=\"1d16225b\" data-element_type=\"widget\" data-e-type=\"widget\" data-settings=\"{&quot;_animation&quot;:&quot;fadeIn&quot;}\" data-widget_type=\"image.default\">\n\t\t\t\t<div class=\"elementor-widget-container\">\n\t\t\t\t\t\t\t\t\t\t\t\t<figure class=\"wp-caption\">\n\t\t\t\t\t\t\t\t\t\t\t<a href=\"https:\/\/remundag.ch\/fr\/werbetechnik\/fahrzeugbeschriftung\/oeffentlicher-verkehr\/\">\n\t\t\t\t\t\t\t<img decoding=\"async\" width=\"500\" height=\"500\" src=\"https:\/\/remundag.ch\/wp-content\/uploads\/2023\/05\/Marktgass-Tram-500-min.jpg\" class=\"attachment-large size-large wp-image-2142\" alt=\"Remund Werbetechnik Beschriftung - Tram - Bern\" srcset=\"https:\/\/remundag.ch\/wp-content\/uploads\/2023\/05\/Marktgass-Tram-500-min.jpg 500w, https:\/\/remundag.ch\/wp-content\/uploads\/2023\/05\/Marktgass-Tram-500-min-300x300.jpg 300w, https:\/\/remundag.ch\/wp-content\/uploads\/2023\/05\/Marktgass-Tram-500-min-150x150.jpg 150w\" sizes=\"(max-width: 500px) 100vw, 500px\" \/>\t\t\t\t\t\t\t\t<\/a>\n\t\t\t\t\t\t\t\t\t\t\t<figcaption class=\"widget-image-caption wp-caption-text\"><\/figcaption>\n\t\t\t\t\t\t\t\t\t\t<\/figure>\n\t\t\t\t\t\t\t\t\t<\/div>\n\t\t\t\t<\/div>\n\t\t\t\t<div class=\"elementor-element elementor-element-3a3954b6 elementor-widget__width-auto elementor-absolute elementor-widget elementor-widget-heading\" data-id=\"3a3954b6\" data-element_type=\"widget\" data-e-type=\"widget\" data-settings=\"{&quot;_position&quot;:&quot;absolute&quot;}\" data-widget_type=\"heading.default\">\n\t\t\t\t<div class=\"elementor-widget-container\">\n\t\t\t\t\t<h2 class=\"elementor-heading-title elementor-size-default translation-block\"><a href=\"https:\/\/remundag.ch\/fr\/werbetechnik\/fahrzeugbeschriftung\/oev\/\" target=\"_self\">Marquage pour les transports public<\/a><\/h2>\t\t\t\t<\/div>\n\t\t\t\t<\/div>\n\t\t\t\t<\/div>\n\t\t<div class=\"elementor-element elementor-element-6f500129 e-con-full e-flex e-con e-child\" data-id=\"6f500129\" data-element_type=\"container\" data-e-type=\"container\">\n\t\t\t\t<div class=\"elementor-element elementor-element-72b82c4e animated-slow elementor-invisible elementor-widget elementor-widget-image\" data-id=\"72b82c4e\" data-element_type=\"widget\" data-e-type=\"widget\" data-settings=\"{&quot;_animation&quot;:&quot;fadeIn&quot;}\" data-widget_type=\"image.default\">\n\t\t\t\t<div class=\"elementor-widget-container\">\n\t\t\t\t\t\t\t\t\t\t\t\t<figure class=\"wp-caption\">\n\t\t\t\t\t\t\t\t\t\t\t<a href=\"https:\/\/remundag.ch\/fr\/werbetechnik\/signaletik-aussen-innen-beschriftung\/\">\n\t\t\t\t\t\t\t<img decoding=\"async\" width=\"800\" height=\"450\" src=\"https:\/\/remundag.ch\/wp-content\/uploads\/2023\/05\/Forst-Galm-min-1024x576.jpg\" class=\"attachment-large size-large wp-image-2095\" alt=\"Remund Werbetechnik Beschriftung - Geb\u00e4ude - Forst Galm\" srcset=\"https:\/\/remundag.ch\/wp-content\/uploads\/2023\/05\/Forst-Galm-min-1024x576.jpg 1024w, https:\/\/remundag.ch\/wp-content\/uploads\/2023\/05\/Forst-Galm-min-300x169.jpg 300w, https:\/\/remundag.ch\/wp-content\/uploads\/2023\/05\/Forst-Galm-min-768x432.jpg 768w, https:\/\/remundag.ch\/wp-content\/uploads\/2023\/05\/Forst-Galm-min-1536x864.jpg 1536w, https:\/\/remundag.ch\/wp-content\/uploads\/2023\/05\/Forst-Galm-min.jpg 1920w\" sizes=\"(max-width: 800px) 100vw, 800px\" \/>\t\t\t\t\t\t\t\t<\/a>\n\t\t\t\t\t\t\t\t\t\t\t<figcaption class=\"widget-image-caption wp-caption-text\"><\/figcaption>\n\t\t\t\t\t\t\t\t\t\t<\/figure>\n\t\t\t\t\t\t\t\t\t<\/div>\n\t\t\t\t<\/div>\n\t\t\t\t<div class=\"elementor-element elementor-element-b0f3795 elementor-widget__width-auto elementor-absolute elementor-widget elementor-widget-heading\" data-id=\"b0f3795\" data-element_type=\"widget\" data-e-type=\"widget\" data-settings=\"{&quot;_position&quot;:&quot;absolute&quot;}\" data-widget_type=\"heading.default\">\n\t\t\t\t<div class=\"elementor-widget-container\">\n\t\t\t\t\t<p class=\"elementor-heading-title elementor-size-default translation-block\"><a href=\"https:\/\/remundag.ch\/fr\/werbetechnik\/aussen-innen-u-signaletik\/\" target=\"_self\">Marquage ext\u00e9rieur\/int\u00e9rieur et signal\u00e9tique<\/a><\/p>\t\t\t\t<\/div>\n\t\t\t\t<\/div>\n\t\t\t\t<\/div>\n\t\t<div class=\"elementor-element elementor-element-1735345d e-con-full e-flex e-con e-child\" data-id=\"1735345d\" data-element_type=\"container\" data-e-type=\"container\">\n\t\t\t\t<div class=\"elementor-element elementor-element-6f29c590 animated-slow elementor-invisible elementor-widget elementor-widget-image\" data-id=\"6f29c590\" data-element_type=\"widget\" data-e-type=\"widget\" data-settings=\"{&quot;_animation&quot;:&quot;fadeIn&quot;}\" data-widget_type=\"image.default\">\n\t\t\t\t<div class=\"elementor-widget-container\">\n\t\t\t\t\t\t\t\t\t\t\t\t<figure class=\"wp-caption\">\n\t\t\t\t\t\t\t\t\t\t\t<a href=\"https:\/\/remundag.ch\/fr\/werbetechnik\/textildruck\/\">\n\t\t\t\t\t\t\t<img loading=\"lazy\" decoding=\"async\" width=\"500\" height=\"500\" src=\"https:\/\/remundag.ch\/wp-content\/uploads\/2023\/05\/Tasche_500.jpg\" class=\"attachment-large size-large wp-image-2121\" alt=\"Remund Werbetechnik Beschriftung - Textil Druck - Taschen\" srcset=\"https:\/\/remundag.ch\/wp-content\/uploads\/2023\/05\/Tasche_500.jpg 500w, https:\/\/remundag.ch\/wp-content\/uploads\/2023\/05\/Tasche_500-300x300.jpg 300w, https:\/\/remundag.ch\/wp-content\/uploads\/2023\/05\/Tasche_500-150x150.jpg 150w\" sizes=\"(max-width: 500px) 100vw, 500px\" \/>\t\t\t\t\t\t\t\t<\/a>\n\t\t\t\t\t\t\t\t\t\t\t<figcaption class=\"widget-image-caption wp-caption-text\"><\/figcaption>\n\t\t\t\t\t\t\t\t\t\t<\/figure>\n\t\t\t\t\t\t\t\t\t<\/div>\n\t\t\t\t<\/div>\n\t\t\t\t<div class=\"elementor-element elementor-element-1e732287 elementor-widget__width-auto elementor-absolute elementor-widget elementor-widget-heading\" data-id=\"1e732287\" data-element_type=\"widget\" data-e-type=\"widget\" data-settings=\"{&quot;_position&quot;:&quot;absolute&quot;}\" data-widget_type=\"heading.default\">\n\t\t\t\t<div class=\"elementor-widget-container\">\n\t\t\t\t\t<div class=\"elementor-heading-title elementor-size-default\"><a href=\"https:\/\/remundag.ch\/fr\/werbetechnik\/textildruck\/\">Impression textile<\/a><\/div>\t\t\t\t<\/div>\n\t\t\t\t<\/div>\n\t\t\t\t<\/div>\n\t\t<div class=\"elementor-element elementor-element-56db608d e-con-full e-flex e-con e-child\" data-id=\"56db608d\" data-element_type=\"container\" data-e-type=\"container\">\n\t\t\t\t<div class=\"elementor-element elementor-element-758a4aee animated-slow elementor-invisible elementor-widget elementor-widget-image\" data-id=\"758a4aee\" data-element_type=\"widget\" data-e-type=\"widget\" data-settings=\"{&quot;_animation&quot;:&quot;fadeIn&quot;}\" data-widget_type=\"image.default\">\n\t\t\t\t<div class=\"elementor-widget-container\">\n\t\t\t\t\t\t\t\t\t\t\t\t<figure class=\"wp-caption\">\n\t\t\t\t\t\t\t\t\t\t\t<a href=\"https:\/\/remundag.ch\/fr\/werbetechnik\/sonnen-sicht-und-splitterschutzfolien\/\">\n\t\t\t\t\t\t\t<img loading=\"lazy\" decoding=\"async\" width=\"500\" height=\"500\" src=\"https:\/\/remundag.ch\/wp-content\/uploads\/2023\/01\/cards_angebot_Sonnen-Sicht-und-Splitterschutz.jpg\" class=\"attachment-large size-large wp-image-830\" alt=\"Remund Werbetechnik - Geb\u00e4ude - Blend- &amp; Sichtschutz\" srcset=\"https:\/\/remundag.ch\/wp-content\/uploads\/2023\/01\/cards_angebot_Sonnen-Sicht-und-Splitterschutz.jpg 500w, https:\/\/remundag.ch\/wp-content\/uploads\/2023\/01\/cards_angebot_Sonnen-Sicht-und-Splitterschutz-300x300.jpg 300w, https:\/\/remundag.ch\/wp-content\/uploads\/2023\/01\/cards_angebot_Sonnen-Sicht-und-Splitterschutz-150x150.jpg 150w\" sizes=\"(max-width: 500px) 100vw, 500px\" \/>\t\t\t\t\t\t\t\t<\/a>\n\t\t\t\t\t\t\t\t\t\t\t<figcaption class=\"widget-image-caption wp-caption-text\"><\/figcaption>\n\t\t\t\t\t\t\t\t\t\t<\/figure>\n\t\t\t\t\t\t\t\t\t<\/div>\n\t\t\t\t<\/div>\n\t\t\t\t<div class=\"elementor-element elementor-element-14097e96 elementor-widget__width-auto elementor-absolute elementor-widget elementor-widget-heading\" data-id=\"14097e96\" data-element_type=\"widget\" data-e-type=\"widget\" data-settings=\"{&quot;_position&quot;:&quot;absolute&quot;}\" data-widget_type=\"heading.default\">\n\t\t\t\t<div class=\"elementor-widget-container\">\n\t\t\t\t\t<div class=\"elementor-heading-title elementor-size-default translation-block\"><a href=\"https:\/\/remundag.ch\/fr\/werbetechnik\/sonnen-sicht-und-splitterschutzfolien\/\" target=\"_self\">Protection solaire\/visuelle et anti-\u00e9clats<\/a><\/div>\t\t\t\t<\/div>\n\t\t\t\t<\/div>\n\t\t\t\t<\/div>\n\t\t<div class=\"elementor-element elementor-element-2fb381b2 e-con-full e-flex e-con e-child\" data-id=\"2fb381b2\" data-element_type=\"container\" data-e-type=\"container\">\n\t\t\t\t<div class=\"elementor-element elementor-element-11f50295 animated-slow elementor-invisible elementor-widget elementor-widget-image\" data-id=\"11f50295\" data-element_type=\"widget\" data-e-type=\"widget\" data-settings=\"{&quot;_animation&quot;:&quot;fadeIn&quot;}\" data-widget_type=\"image.default\">\n\t\t\t\t<div class=\"elementor-widget-container\">\n\t\t\t\t\t\t\t\t\t\t\t\t<figure class=\"wp-caption\">\n\t\t\t\t\t\t\t\t\t\t\t<a href=\"https:\/\/remundag.ch\/fr\/werbetechnik\/designstudio\/\">\n\t\t\t\t\t\t\t<img loading=\"lazy\" decoding=\"async\" width=\"800\" height=\"450\" src=\"https:\/\/remundag.ch\/wp-content\/uploads\/2023\/05\/Grafik5-min-1-1024x576.jpg\" class=\"attachment-large size-large wp-image-2103\" alt=\"\" srcset=\"https:\/\/remundag.ch\/wp-content\/uploads\/2023\/05\/Grafik5-min-1-1024x576.jpg 1024w, https:\/\/remundag.ch\/wp-content\/uploads\/2023\/05\/Grafik5-min-1-300x169.jpg 300w, https:\/\/remundag.ch\/wp-content\/uploads\/2023\/05\/Grafik5-min-1-768x432.jpg 768w, https:\/\/remundag.ch\/wp-content\/uploads\/2023\/05\/Grafik5-min-1-1536x864.jpg 1536w, https:\/\/remundag.ch\/wp-content\/uploads\/2023\/05\/Grafik5-min-1.jpg 1920w\" sizes=\"(max-width: 800px) 100vw, 800px\" \/>\t\t\t\t\t\t\t\t<\/a>\n\t\t\t\t\t\t\t\t\t\t\t<figcaption class=\"widget-image-caption wp-caption-text\"><\/figcaption>\n\t\t\t\t\t\t\t\t\t\t<\/figure>\n\t\t\t\t\t\t\t\t\t<\/div>\n\t\t\t\t<\/div>\n\t\t\t\t<div class=\"elementor-element elementor-element-20275fc3 elementor-widget__width-auto elementor-absolute elementor-widget elementor-widget-heading\" data-id=\"20275fc3\" data-element_type=\"widget\" data-e-type=\"widget\" data-settings=\"{&quot;_position&quot;:&quot;absolute&quot;}\" data-widget_type=\"heading.default\">\n\t\t\t\t<div class=\"elementor-widget-container\">\n\t\t\t\t\t<p class=\"elementor-heading-title elementor-size-default\"><a href=\"https:\/\/remundag.ch\/fr\/werbetechnik\/designstudio\/\">Studio de design<\/a><\/p>\t\t\t\t<\/div>\n\t\t\t\t<\/div>\n\t\t\t\t<\/div>\n\t\t\t\t<\/div>\n\t\t<div class=\"elementor-element elementor-element-e8c5947 e-flex e-con-boxed e-con e-parent\" data-id=\"e8c5947\" data-element_type=\"container\" data-e-type=\"container\">\n\t\t\t\t\t<div class=\"e-con-inner\">\n\t\t\t\t<div class=\"elementor-element elementor-element-8a5955b elementor-widget elementor-widget-spacer\" data-id=\"8a5955b\" data-element_type=\"widget\" data-e-type=\"widget\" data-widget_type=\"spacer.default\">\n\t\t\t\t<div class=\"elementor-widget-container\">\n\t\t\t\t\t\t\t<div class=\"elementor-spacer\">\n\t\t\t<div class=\"elementor-spacer-inner\"><\/div>\n\t\t<\/div>\n\t\t\t\t\t\t<\/div>\n\t\t\t\t<\/div>\n\t\t\t\t\t<\/div>\n\t\t\t\t<\/div>\n\t\t\t\t<\/div>","protected":false},"excerpt":{"rendered":"<p>Produktion und Montage In der ganzen Schweiz unterwegs. Unser Team ist f\u00fcr Montagen tagein, tagaus in der ganzen Schweiz unterwegs. Montagen, welche nicht vor Ort ausgef\u00fchrt werden, f\u00fchren wir an unserem Standort in B\u00fcchslen aus. Hier verf\u00fcgen wir \u00fcber grossz\u00fcgige R\u00e4umlichkeiten, ausgestattet mit modernster Infrastruktur. In B\u00fcchslen wird alles produziert, was sp\u00e4ter montiert und appliziert [&hellip;]<\/p>\n","protected":false},"author":4,"featured_media":0,"parent":0,"menu_order":0,"comment_status":"closed","ping_status":"closed","template":"","meta":{"om_disable_all_campaigns":false,"inline_featured_image":false,"_uf_show_specific_survey":0,"_uf_disable_surveys":false,"footnotes":""},"class_list":["post-12083","page","type-page","status-publish","hentry"],"_links":{"self":[{"href":"https:\/\/remundag.ch\/fr\/wp-json\/wp\/v2\/pages\/12083","targetHints":{"allow":["GET"]}}],"collection":[{"href":"https:\/\/remundag.ch\/fr\/wp-json\/wp\/v2\/pages"}],"about":[{"href":"https:\/\/remundag.ch\/fr\/wp-json\/wp\/v2\/types\/page"}],"author":[{"embeddable":true,"href":"https:\/\/remundag.ch\/fr\/wp-json\/wp\/v2\/users\/4"}],"replies":[{"embeddable":true,"href":"https:\/\/remundag.ch\/fr\/wp-json\/wp\/v2\/comments?post=12083"}],"version-history":[{"count":29,"href":"https:\/\/remundag.ch\/fr\/wp-json\/wp\/v2\/pages\/12083\/revisions"}],"predecessor-version":[{"id":14303,"href":"https:\/\/remundag.ch\/fr\/wp-json\/wp\/v2\/pages\/12083\/revisions\/14303"}],"wp:attachment":[{"href":"https:\/\/remundag.ch\/fr\/wp-json\/wp\/v2\/media?parent=12083"}],"curies":[{"name":"wp","href":"https:\/\/api.w.org\/{rel}","templated":true}]}}