{"id":10822,"date":"2023-09-12T10:42:08","date_gmt":"2023-09-12T08:42:08","guid":{"rendered":"https:\/\/remundag.ch\/?page_id=10822"},"modified":"2025-06-25T11:16:49","modified_gmt":"2025-06-25T09:16:49","slug":"beurteilung-leistung-carrosserie","status":"publish","type":"page","link":"https:\/\/remundag.ch\/fr\/beurteilung-leistung-carrosserie\/","title":{"rendered":"Appr\u00e9ciez-vous notre service (Remund Carrosserie)"},"content":{"rendered":"\t\t<div data-elementor-type=\"wp-page\" data-elementor-id=\"10822\" class=\"elementor elementor-10822\" data-elementor-post-type=\"page\">\n\t\t\t\t\t\t<section class=\"elementor-section elementor-top-section elementor-element elementor-element-763e6d9 elementor-section-full_width elementor-section-height-default elementor-section-height-default\" data-id=\"763e6d9\" data-element_type=\"section\" data-e-type=\"section\">\n\t\t\t\t\t\t<div class=\"elementor-container elementor-column-gap-no\">\n\t\t\t\t\t<div class=\"elementor-column elementor-col-100 elementor-top-column elementor-element elementor-element-dec5226\" data-id=\"dec5226\" data-element_type=\"column\" data-e-type=\"column\">\n\t\t\t<div class=\"elementor-widget-wrap elementor-element-populated\">\n\t\t\t\t\t\t<div class=\"elementor-element elementor-element-4989d1c elementor--h-position-center elementor--v-position-middle elementor-pagination-position-inside elementor-widget elementor-widget-slides\" data-id=\"4989d1c\" data-element_type=\"widget\" data-e-type=\"widget\" data-settings=\"{&quot;navigation&quot;:&quot;dots&quot;,&quot;transition&quot;:&quot;fade&quot;,&quot;autoplay_speed&quot;:3000,&quot;autoplay&quot;:&quot;yes&quot;,&quot;pause_on_hover&quot;:&quot;yes&quot;,&quot;pause_on_interaction&quot;:&quot;yes&quot;,&quot;infinite&quot;:&quot;yes&quot;,&quot;transition_speed&quot;:500}\" data-widget_type=\"slides.default\">\n\t\t\t\t<div class=\"elementor-widget-container\">\n\t\t\t\t\t\t\t\t\t<div class=\"elementor-swiper\">\n\t\t\t\t\t<div class=\"elementor-slides-wrapper elementor-main-swiper swiper\" role=\"region\" aria-roledescription=\"carousel\" aria-label=\"Slider\" dir=\"ltr\" data-animation=\"fadeInUp\">\n\t\t\t\t<div class=\"swiper-wrapper elementor-slides\">\n\t\t\t\t\t\t\t\t\t\t<div class=\"elementor-repeater-item-cab89e3 swiper-slide\" role=\"group\" aria-roledescription=\"slide\"><div class=\"swiper-slide-bg\" role=\"img\" aria-label=\"Unbenannt-min\"><\/div><div class=\"swiper-slide-inner\" ><div class=\"swiper-slide-contents\"><\/div><\/div><\/div>\t\t\t\t<\/div>\n\t\t\t\t\t\t\t<\/div>\n\t\t\t\t<\/div>\n\t\t\t\t\t\t\t\t<\/div>\n\t\t\t\t<\/div>\n\t\t\t\t\t<\/div>\n\t\t<\/div>\n\t\t\t\t\t<\/div>\n\t\t<\/section>\n\t\t\t\t<section class=\"elementor-section elementor-top-section elementor-element elementor-element-53246dc elementor-section-boxed elementor-section-height-default elementor-section-height-default\" data-id=\"53246dc\" data-element_type=\"section\" data-e-type=\"section\">\n\t\t\t\t\t\t<div class=\"elementor-container elementor-column-gap-default\">\n\t\t\t\t\t<div class=\"elementor-column elementor-col-100 elementor-top-column elementor-element elementor-element-20205e8\" data-id=\"20205e8\" data-element_type=\"column\" data-e-type=\"column\">\n\t\t\t<div class=\"elementor-widget-wrap elementor-element-populated\">\n\t\t\t\t\t\t<div class=\"elementor-element elementor-element-cba3af7 elementor-widget elementor-widget-heading\" data-id=\"cba3af7\" data-element_type=\"widget\" data-e-type=\"widget\" data-widget_type=\"heading.default\">\n\t\t\t\t<div class=\"elementor-widget-container\">\n\t\t\t\t\t<h1 class=\"elementor-heading-title elementor-size-default\">Beurteilen Sie die Leistung der Remund Carrosserie<\/h1>\t\t\t\t<\/div>\n\t\t\t\t<\/div>\n\t\t\t\t<div class=\"elementor-element elementor-element-e504ea1 elementor-widget elementor-widget-heading\" data-id=\"e504ea1\" data-element_type=\"widget\" data-e-type=\"widget\" data-widget_type=\"heading.default\">\n\t\t\t\t<div class=\"elementor-widget-container\">\n\t\t\t\t\t<h2 class=\"elementor-heading-title elementor-size-default\">Zufriedenheitsumfrage<\/h2>\t\t\t\t<\/div>\n\t\t\t\t<\/div>\n\t\t\t\t<div class=\"elementor-element elementor-element-8cf8054 elementor-widget elementor-widget-text-editor\" data-id=\"8cf8054\" data-element_type=\"widget\" data-e-type=\"widget\" data-widget_type=\"text-editor.default\">\n\t\t\t\t<div class=\"elementor-widget-container\">\n\t\t\t\t\t\t\t\t\t<p>F\u00fcr Ihr Vertrauen in unseren Betrieb und unsere Mitarbeitende danken wir Ihnen herzlich. Ihre R\u00fcckmeldung hilft uns, unsere Leistungen st\u00e4ndig zu verbessern, damit wir Ihnen auch zuk\u00fcnftig den besten Service bieten k\u00f6nnen.<\/p><p><span style=\"color: #ff0000;\"><strong>Vielen Dank f\u00fcr Ihre Teilnahme an unserer Umfrage!<\/strong><\/span><\/p>\t\t\t\t\t\t\t\t<\/div>\n\t\t\t\t<\/div>\n\t\t\t\t\t<\/div>\n\t\t<\/div>\n\t\t\t\t\t<\/div>\n\t\t<\/section>\n\t\t<div class=\"elementor-element elementor-element-4ca2be0 e-flex e-con-boxed e-con e-parent\" data-id=\"4ca2be0\" data-element_type=\"container\" data-e-type=\"container\">\n\t\t\t\t\t<div class=\"e-con-inner\">\n\t\t\t\t<div class=\"elementor-element elementor-element-07b8b3d elementor-widget elementor-widget-wpforms\" data-id=\"07b8b3d\" data-element_type=\"widget\" data-e-type=\"widget\" data-no-translation=\"\" data-widget_type=\"wpforms.default\">\n\t\t\t\t<div class=\"elementor-widget-container\">\n\t\t\t\t\t<style>.elementor-element-07b8b3d{display:none !important}<\/style>\t\t\t\t<\/div>\n\t\t\t\t<\/div>\n\t\t\t\t\t<\/div>\n\t\t\t\t<\/div>\n\t\t<div class=\"elementor-element elementor-element-ed218a0 e-flex e-con-boxed e-con e-parent\" data-id=\"ed218a0\" data-element_type=\"container\" data-e-type=\"container\">\n\t\t\t\t\t<div class=\"e-con-inner\">\n\t\t\t\t<div class=\"elementor-element elementor-element-cccd979 elementor-widget elementor-widget-wpforms\" data-id=\"cccd979\" data-element_type=\"widget\" data-e-type=\"widget\" data-no-translation=\"\" data-widget_type=\"wpforms.default\">\n\t\t\t\t<div class=\"elementor-widget-container\">\n\t\t\t\t\t<div class=\"wpforms-container wpforms-container-full\" id=\"wpforms-10930\"><form id=\"wpforms-form-10930\" class=\"wpforms-validate wpforms-form wpforms-ajax-form\" data-formid=\"10930\" method=\"post\" enctype=\"multipart\/form-data\" action=\"\/fr\/wp-json\/wp\/v2\/pages\/10822\" data-token=\"fbd445c39c645f4d7f7b6f5a2ea9c095\"><noscript class=\"wpforms-error-noscript\">Veuillez activer JavaScript dans votre navigateur pour remplir ce formulaire.<\/noscript><div class=\"wpforms-field-container\"><div id=\"wpforms-10930-field_22-container\" class=\"wpforms-field wpforms-field-checkbox\" data-field-id=\"22\"><label class=\"wpforms-field-label\" for=\"wpforms-10930-field_22\">Service rapide \/ Efficacit\u00e9:<\/label><ul id=\"wpforms-10930-field_22\"><li class=\"choice-1 depth-1\"><input type=\"checkbox\" id=\"wpforms-10930-field_22_1\" name=\"wpforms[fields][22][]\" value=\"Je suis enti\u00e8rement satisfait\"  ><label class=\"wpforms-field-label-inline\" for=\"wpforms-10930-field_22_1\">Je suis enti\u00e8rement satisfait<\/label><\/li><li class=\"choice-2 depth-1\"><input type=\"checkbox\" id=\"wpforms-10930-field_22_2\" name=\"wpforms[fields][22][]\" value=\"Dans l&#039;ensemble, je suis satisfait\"  ><label class=\"wpforms-field-label-inline\" for=\"wpforms-10930-field_22_2\">Dans l'ensemble, je suis satisfait<\/label><\/li><li class=\"choice-7 depth-1\"><input type=\"checkbox\" id=\"wpforms-10930-field_22_7\" name=\"wpforms[fields][22][]\" value=\"La performance ne m&#039;a pas convaincu\"  ><label class=\"wpforms-field-label-inline\" for=\"wpforms-10930-field_22_7\">La performance ne m'a pas convaincu<\/label><\/li><\/ul><\/div><div id=\"wpforms-10930-field_43-container\" class=\"wpforms-field wpforms-field-divider\" data-field-id=\"43\"><\/div><div id=\"wpforms-10930-field_29-container\" class=\"wpforms-field wpforms-field-checkbox\" data-field-id=\"29\"><label class=\"wpforms-field-label\" for=\"wpforms-10930-field_29\">Pr\u00e9venance \/ Amabilit\u00e9:<\/label><ul id=\"wpforms-10930-field_29\"><li class=\"choice-1 depth-1\"><input type=\"checkbox\" id=\"wpforms-10930-field_29_1\" name=\"wpforms[fields][29][]\" value=\"Je suis enti\u00e8rement satisfait\"  ><label class=\"wpforms-field-label-inline\" for=\"wpforms-10930-field_29_1\">Je suis enti\u00e8rement satisfait<\/label><\/li><li class=\"choice-2 depth-1\"><input type=\"checkbox\" id=\"wpforms-10930-field_29_2\" name=\"wpforms[fields][29][]\" value=\"Dans l&#039;ensemble, je suis satisfait\"  ><label class=\"wpforms-field-label-inline\" for=\"wpforms-10930-field_29_2\">Dans l'ensemble, je suis satisfait<\/label><\/li><li class=\"choice-3 depth-1\"><input type=\"checkbox\" id=\"wpforms-10930-field_29_3\" name=\"wpforms[fields][29][]\" value=\"La performance ne m&#039;a pas convaincu\"  ><label class=\"wpforms-field-label-inline\" for=\"wpforms-10930-field_29_3\">La performance ne m'a pas convaincu<\/label><\/li><\/ul><\/div><div id=\"wpforms-10930-field_44-container\" class=\"wpforms-field wpforms-field-divider\" data-field-id=\"44\"><\/div><div id=\"wpforms-10930-field_31-container\" class=\"wpforms-field wpforms-field-checkbox\" data-field-id=\"31\"><label class=\"wpforms-field-label\" for=\"wpforms-10930-field_31\">Avons-nous r\u00e9pondu \u00e0 vos besoins?<\/label><ul id=\"wpforms-10930-field_31\"><li class=\"choice-1 depth-1\"><input type=\"checkbox\" id=\"wpforms-10930-field_31_1\" name=\"wpforms[fields][31][]\" value=\"Je suis enti\u00e8rement satisfait\"  ><label class=\"wpforms-field-label-inline\" for=\"wpforms-10930-field_31_1\">Je suis enti\u00e8rement satisfait<\/label><\/li><li class=\"choice-2 depth-1\"><input type=\"checkbox\" id=\"wpforms-10930-field_31_2\" name=\"wpforms[fields][31][]\" value=\"Dans l&#039;ensemble, je suis satisfait\"  ><label class=\"wpforms-field-label-inline\" for=\"wpforms-10930-field_31_2\">Dans l'ensemble, je suis satisfait<\/label><\/li><li class=\"choice-3 depth-1\"><input type=\"checkbox\" id=\"wpforms-10930-field_31_3\" name=\"wpforms[fields][31][]\" value=\"La performance ne m&#039;a pas convaincu\"  ><label class=\"wpforms-field-label-inline\" for=\"wpforms-10930-field_31_3\">La performance ne m'a pas convaincu<\/label><\/li><\/ul><\/div><div id=\"wpforms-10930-field_45-container\" class=\"wpforms-field wpforms-field-divider\" data-field-id=\"45\"><\/div><div id=\"wpforms-10930-field_33-container\" class=\"wpforms-field wpforms-field-checkbox\" data-field-id=\"33\"><label class=\"wpforms-field-label\" for=\"wpforms-10930-field_33\">Respect du d\u00e9lai:<\/label><ul id=\"wpforms-10930-field_33\"><li class=\"choice-1 depth-1\"><input type=\"checkbox\" id=\"wpforms-10930-field_33_1\" name=\"wpforms[fields][33][]\" value=\"Je suis enti\u00e8rement satisfait\"  ><label class=\"wpforms-field-label-inline\" for=\"wpforms-10930-field_33_1\">Je suis enti\u00e8rement satisfait<\/label><\/li><li class=\"choice-2 depth-1\"><input type=\"checkbox\" id=\"wpforms-10930-field_33_2\" name=\"wpforms[fields][33][]\" value=\"Dans l&#039;ensemble, je suis satisfait\"  ><label class=\"wpforms-field-label-inline\" for=\"wpforms-10930-field_33_2\">Dans l'ensemble, je suis satisfait<\/label><\/li><li class=\"choice-3 depth-1\"><input type=\"checkbox\" id=\"wpforms-10930-field_33_3\" name=\"wpforms[fields][33][]\" value=\"La performance ne m&#039;a pas convaincu\"  ><label class=\"wpforms-field-label-inline\" for=\"wpforms-10930-field_33_3\">La performance ne m'a pas convaincu<\/label><\/li><\/ul><\/div><div id=\"wpforms-10930-field_51-container\" class=\"wpforms-field wpforms-field-divider\" data-field-id=\"51\"><\/div><div id=\"wpforms-10930-field_49-container\" class=\"wpforms-field wpforms-field-checkbox\" data-field-id=\"49\"><label class=\"wpforms-field-label\" for=\"wpforms-10930-field_49\">Propret\u00e9 du v\u00e9hicule lors du retour:<\/label><ul id=\"wpforms-10930-field_49\"><li class=\"choice-1 depth-1\"><input type=\"checkbox\" id=\"wpforms-10930-field_49_1\" name=\"wpforms[fields][49][]\" value=\"Je suis enti\u00e8rement satisfait\"  ><label class=\"wpforms-field-label-inline\" for=\"wpforms-10930-field_49_1\">Je suis enti\u00e8rement satisfait<\/label><\/li><li class=\"choice-2 depth-1\"><input type=\"checkbox\" id=\"wpforms-10930-field_49_2\" name=\"wpforms[fields][49][]\" value=\"Dans l&#039;ensemble, je suis satisfait\"  ><label class=\"wpforms-field-label-inline\" for=\"wpforms-10930-field_49_2\">Dans l'ensemble, je suis satisfait<\/label><\/li><li class=\"choice-3 depth-1\"><input type=\"checkbox\" id=\"wpforms-10930-field_49_3\" name=\"wpforms[fields][49][]\" value=\"La performance ne m&#039;a pas convaincu\"  ><label class=\"wpforms-field-label-inline\" for=\"wpforms-10930-field_49_3\">La performance ne m'a pas convaincu<\/label><\/li><\/ul><\/div><div id=\"wpforms-10930-field_46-container\" class=\"wpforms-field wpforms-field-divider\" data-field-id=\"46\"><\/div><div id=\"wpforms-10930-field_35-container\" class=\"wpforms-field wpforms-field-checkbox\" data-field-id=\"35\"><label class=\"wpforms-field-label\" for=\"wpforms-10930-field_35\">Satisfaction g\u00e9n\u00e9rale:<\/label><ul id=\"wpforms-10930-field_35\"><li class=\"choice-1 depth-1\"><input type=\"checkbox\" id=\"wpforms-10930-field_35_1\" name=\"wpforms[fields][35][]\" value=\"Je suis enti\u00e8rement satisfait\"  ><label class=\"wpforms-field-label-inline\" for=\"wpforms-10930-field_35_1\">Je suis enti\u00e8rement satisfait<\/label><\/li><li class=\"choice-2 depth-1\"><input type=\"checkbox\" id=\"wpforms-10930-field_35_2\" name=\"wpforms[fields][35][]\" value=\"Dans l&#039;ensemble, je suis satisfait\"  ><label class=\"wpforms-field-label-inline\" for=\"wpforms-10930-field_35_2\">Dans l'ensemble, je suis satisfait<\/label><\/li><li class=\"choice-3 depth-1\"><input type=\"checkbox\" id=\"wpforms-10930-field_35_3\" name=\"wpforms[fields][35][]\" value=\"La performance ne m&#039;a pas convaincu\"  ><label class=\"wpforms-field-label-inline\" for=\"wpforms-10930-field_35_3\">La performance ne m'a pas convaincu<\/label><\/li><\/ul><\/div><div id=\"wpforms-10930-field_47-container\" class=\"wpforms-field wpforms-field-divider\" data-field-id=\"47\"><\/div><div id=\"wpforms-10930-field_37-container\" class=\"wpforms-field wpforms-field-textarea\" data-field-id=\"37\"><label class=\"wpforms-field-label\" for=\"wpforms-10930-field_37\">Quelles sont vos propositions d&#039;am\u00e9liorations?<\/label><textarea id=\"wpforms-10930-field_37\" class=\"wpforms-field-medium\" name=\"wpforms[fields][37]\" ><\/textarea><\/div><div id=\"wpforms-10930-field_38-container\" class=\"wpforms-field wpforms-field-textarea\" data-field-id=\"38\"><label class=\"wpforms-field-label\" for=\"wpforms-10930-field_38\">Qu&#039;est-ce qui vous a plu?<\/label><textarea id=\"wpforms-10930-field_38\" class=\"wpforms-field-medium\" name=\"wpforms[fields][38]\" ><\/textarea><\/div><div id=\"wpforms-10930-field_48-container\" class=\"wpforms-field wpforms-field-divider\" data-field-id=\"48\"><\/div><div id=\"wpforms-10930-field_40-container\" class=\"wpforms-field wpforms-field-checkbox wpforms-list-2-columns\" data-field-id=\"40\"><label class=\"wpforms-field-label\" for=\"wpforms-10930-field_40\">Prendre contact:<\/label><ul id=\"wpforms-10930-field_40\"><li class=\"choice-1 depth-1\"><input type=\"checkbox\" id=\"wpforms-10930-field_40_1\" name=\"wpforms[fields][40][]\" value=\"Je d\u00e9sire que vous preniez contact avec moi\"  ><label class=\"wpforms-field-label-inline\" for=\"wpforms-10930-field_40_1\">Je d\u00e9sire que vous preniez contact avec moi<\/label><\/li><\/ul><\/div><div id=\"wpforms-10930-field_14-container\" class=\"wpforms-field wpforms-field-layout\" data-field-id=\"14\"><label class=\"wpforms-field-label wpforms-label-hide\" for=\"wpforms-10930-field_14\">Layout<\/label><div class=\"wpforms-field-layout-columns wpforms-field-layout-preset-50-50\"><div class=\"wpforms-layout-column wpforms-layout-column-50\"><\/div><div class=\"wpforms-layout-column wpforms-layout-column-50\"><\/div><\/div><\/div><div id=\"wpforms-10930-field_5-container\" class=\"wpforms-field wpforms-field-layout\" data-field-id=\"5\"><label class=\"wpforms-field-label wpforms-label-hide\" for=\"wpforms-10930-field_5\">Layout<\/label><div class=\"wpforms-field-layout-columns wpforms-field-layout-preset-50-50\"><div class=\"wpforms-layout-column wpforms-layout-column-50\"><div id=\"wpforms-10930-field_6-container\" class=\"wpforms-field wpforms-field-text\" data-field-id=\"6\"><label class=\"wpforms-field-label wpforms-label-hide\" for=\"wpforms-10930-field_6\">Nom <span class=\"wpforms-required-label\">*<\/span><\/label><input type=\"text\" id=\"wpforms-10930-field_6\" class=\"wpforms-field-medium wpforms-field-required\" name=\"wpforms[fields][6]\" placeholder=\"Nom*\" required><\/div><div id=\"wpforms-10930-field_7-container\" class=\"wpforms-field wpforms-field-text\" data-field-id=\"7\"><label class=\"wpforms-field-label wpforms-label-hide\" for=\"wpforms-10930-field_7\">Pr\u00e9nom <span class=\"wpforms-required-label\">*<\/span><\/label><input type=\"text\" id=\"wpforms-10930-field_7\" class=\"wpforms-field-medium wpforms-field-required\" name=\"wpforms[fields][7]\" placeholder=\"Pr\u00e9nom*\" required><\/div><div id=\"wpforms-10930-field_9-container\" class=\"wpforms-field wpforms-field-email\" data-field-id=\"9\"><label class=\"wpforms-field-label wpforms-label-hide\" for=\"wpforms-10930-field_9\">E-Mail <span class=\"wpforms-required-label\">*<\/span><\/label><input type=\"email\" id=\"wpforms-10930-field_9\" class=\"wpforms-field-medium wpforms-field-required\" name=\"wpforms[fields][9]\" placeholder=\"Email*\" required><\/div><div id=\"wpforms-10930-field_10-container\" class=\"wpforms-field wpforms-field-phone\" data-field-id=\"10\"><label class=\"wpforms-field-label wpforms-label-hide\" for=\"wpforms-10930-field_10\">T\u00e9l\u00e9phone <span class=\"wpforms-required-label\">*<\/span><\/label><input type=\"tel\" id=\"wpforms-10930-field_10\" class=\"wpforms-field-medium wpforms-field-required wpforms-smart-phone-field\" data-rule-smart-phone-field=\"true\" name=\"wpforms[fields][10]\" placeholder=\"T\u00e9l\u00e9phone*\" required><\/div><\/div><div class=\"wpforms-layout-column wpforms-layout-column-50\"><\/div><\/div><\/div><div id=\"wpforms-10930-field_41-container\" class=\"wpforms-field wpforms-field-layout\" data-field-id=\"41\"><label class=\"wpforms-field-label wpforms-label-hide\" for=\"wpforms-10930-field_41\">Layout<\/label><div class=\"wpforms-field-layout-columns wpforms-field-layout-preset-50-50\"><div class=\"wpforms-layout-column wpforms-layout-column-50\"><\/div><div class=\"wpforms-layout-column wpforms-layout-column-50\"><\/div><\/div><\/div><\/div><input type=\"hidden\" name=\"wpforms[recaptcha]\" value=\"\"><div class=\"wpforms-submit-container\"><input type=\"hidden\" name=\"wpforms[id]\" value=\"10930\"><input type=\"hidden\" name=\"wpforms[author]\" value=\"4\"><button type=\"submit\" name=\"wpforms[submit]\" id=\"wpforms-submit-10930\" class=\"wpforms-submit\" data-alt-text=\"Envoyer\" data-submit-text=\"Envoyer\" aria-live=\"assertive\" value=\"wpforms-submit\">Envoyer<\/button><img decoding=\"async\" src=\"https:\/\/remundag.ch\/wp-content\/plugins\/wpforms\/assets\/images\/submit-spin.svg\" class=\"wpforms-submit-spinner\" style=\"display: none;\" width=\"26\" height=\"26\" alt=\"Chargement en cours\"><\/div><\/form><\/div>  <!-- .wpforms-container -->\t\t\t\t<\/div>\n\t\t\t\t<\/div>\n\t\t\t\t\t<\/div>\n\t\t\t\t<\/div>\n\t\t\t\t<\/div>\n\t\t","protected":false},"excerpt":{"rendered":"<p>Zufriedenheitsumfrage F\u00fcr Ihr Vertrauen in unseren Betrieb und unsere Mitarbeitende danken wir Ihnen herzlich. Ihre R\u00fcckmeldung hilft uns, unsere Leistungen st\u00e4ndig zu verbessern, damit wir Ihnen auch zuk\u00fcnftig den besten Service bieten k\u00f6nnen. Vielen Dank f\u00fcr Ihre Teilnahme an unserer Umfrage!<\/p>","protected":false},"author":4,"featured_media":0,"parent":0,"menu_order":0,"comment_status":"closed","ping_status":"closed","template":"","meta":{"om_disable_all_campaigns":false,"inline_featured_image":false,"_uf_show_specific_survey":0,"_uf_disable_surveys":false,"footnotes":""},"class_list":["post-10822","page","type-page","status-publish","hentry"],"_links":{"self":[{"href":"https:\/\/remundag.ch\/fr\/wp-json\/wp\/v2\/pages\/10822","targetHints":{"allow":["GET"]}}],"collection":[{"href":"https:\/\/remundag.ch\/fr\/wp-json\/wp\/v2\/pages"}],"about":[{"href":"https:\/\/remundag.ch\/fr\/wp-json\/wp\/v2\/types\/page"}],"author":[{"embeddable":true,"href":"https:\/\/remundag.ch\/fr\/wp-json\/wp\/v2\/users\/4"}],"replies":[{"embeddable":true,"href":"https:\/\/remundag.ch\/fr\/wp-json\/wp\/v2\/comments?post=10822"}],"version-history":[{"count":28,"href":"https:\/\/remundag.ch\/fr\/wp-json\/wp\/v2\/pages\/10822\/revisions"}],"predecessor-version":[{"id":14545,"href":"https:\/\/remundag.ch\/fr\/wp-json\/wp\/v2\/pages\/10822\/revisions\/14545"}],"wp:attachment":[{"href":"https:\/\/remundag.ch\/fr\/wp-json\/wp\/v2\/media?parent=10822"}],"curies":[{"name":"wp","href":"https:\/\/api.w.org\/{rel}","templated":true}]}}